{"id":3094804,"date":"2023-02-08T02:51:54","date_gmt":"2023-02-08T02:51:54","guid":{"rendered":"https:\/\/expertworldtravel.com\/verwendung-von-esim-in-ihrem-telefon-vorteile-und-nachteile\/"},"modified":"2023-03-04T18:44:54","modified_gmt":"2023-03-04T18:44:54","slug":"esim-vorteile-nachteile","status":"publish","type":"page","link":"https:\/\/expertworldtravel.com\/de\/esim-vorteile-nachteile\/","title":{"rendered":"Verwendung von eSIM in Ihrem Telefon: Vorteile und Nachteile"},"content":{"rendered":"<p>Seitdem Apple beschlossen hat, eSims zu einem wichtigen Bestandteil seines Produkt-\u00d6kosystems zu machen, sind eSims sehr beliebt geworden.<\/p>\n<p>Sie sind im Grunde eine elektronische Version der \u00fcblichen physischen Sim-Karten, an die Sie gew\u00f6hnt sind. Mit ESims k\u00f6nnen Sie sich mit Mobilfunkanbietern zu Hause oder im Ausland verbinden und mobile Daten und h\u00e4ufig auch Anrufe und Textnachrichten nutzen.<\/p>\n<p>Der Unterschied zur eSim-Technologie besteht darin, dass Sie keine echte SIM-Karte kaufen und in Ihr Telefon einbauen m\u00fcssen. Dies geschieht \u00fcber die Einstellungen Ihres Telefons.<\/p>\n<p><strong>Sie fragen sich vielleicht, ob es noch andere Vor- und Nachteile von eSims gibt?<\/strong><\/p>\n<p>Nat\u00fcrlich gibt es die. Werfen wir einen genaueren Blick darauf&#8230;<\/p>\n<p><img decoding=\"async\" loading=\"lazy\" class=\"aligncenter size-medium wp-image-3079653\" src=\"https:\/\/expertworldtravel.com\/wp-content\/uploads\/2023\/02\/sim-card-iphone-500x364.jpg\" alt=\"iphone sim karte\" width=\"500\" height=\"364\" srcset=\"https:\/\/expertworldtravel.com\/wp-content\/uploads\/2023\/02\/sim-card-iphone-500x364.jpg 500w, https:\/\/expertworldtravel.com\/wp-content\/uploads\/2023\/02\/sim-card-iphone-300x219.jpg 300w, https:\/\/expertworldtravel.com\/wp-content\/uploads\/2023\/02\/sim-card-iphone-768x560.jpg 768w, https:\/\/expertworldtravel.com\/wp-content\/uploads\/2023\/02\/sim-card-iphone-80x58.jpg 80w, https:\/\/expertworldtravel.com\/wp-content\/uploads\/2023\/02\/sim-card-iphone-220x160.jpg 220w, https:\/\/expertworldtravel.com\/wp-content\/uploads\/2023\/02\/sim-card-iphone-137x100.jpg 137w, https:\/\/expertworldtravel.com\/wp-content\/uploads\/2023\/02\/sim-card-iphone-206x150.jpg 206w, https:\/\/expertworldtravel.com\/wp-content\/uploads\/2023\/02\/sim-card-iphone-327x238.jpg 327w, https:\/\/expertworldtravel.com\/wp-content\/uploads\/2023\/02\/sim-card-iphone-569x415.jpg 569w, https:\/\/expertworldtravel.com\/wp-content\/uploads\/2023\/02\/sim-card-iphone-668x487.jpg 668w, https:\/\/expertworldtravel.com\/wp-content\/uploads\/2023\/02\/sim-card-iphone.jpg 800w\" sizes=\"(max-width: 500px) 100vw, 500px\" \/><\/p>\n<h2>Vorteile von eSims<\/h2>\n<h3>Leichterer Anbieterwechsel<\/h3>\n<p>Einer der gr\u00f6\u00dften Vorteile von eSims ist die Flexibilit\u00e4t, mit der Sie den Anbieter schnell wechseln k\u00f6nnen. Da Sie alles elektronisch erledigen k\u00f6nnen, geht es in der Regel schnell und einfach.<\/p>\n<p>Sie m\u00fcssen sich nur registrieren und die Software auf der Website kaufen und dann \u00fcber einen QR-Code auf Ihrem Handy installieren.<\/p>\n<p>Die Einzelheiten der Leistungen (Daten, Anrufe, Textnachrichten) und die Kosten sind nat\u00fcrlich anbieterspezifisch!<\/p>\n<h3>Mehrere eSIM-Profile auf einem einzigen Ger\u00e4t<\/h3>\n<p>Da eSims elektronisch sind, gibt es theoretisch keine Begrenzung f\u00fcr die Anzahl der gleichzeitig auf dem Mobiltelefon gespeicherten Spiele. Das ist nat\u00fcrlich nicht die Realit\u00e4t.<\/p>\n<p>Derzeit<a href=\"https:\/\/support.apple.com\/en-us\/HT212780\" target=\"_blank\" rel=\"noopener noreferrer\"> haben<\/a> iPhone X und sp\u00e4tere Modelle<a href=\"https:\/\/support.apple.com\/en-us\/HT212780\" target=\"_blank\" rel=\"noopener noreferrer\"> ein Limit<\/a> von<\/p>\n<ul>\n<li>8 eSims installiert<\/li>\n<li>2 verschiedene Telefonnummern<\/li>\n<\/ul>\n<p>Samsung-Handys unterst\u00fctzen auch mehrere eSims, aber es kann immer nur eine eSim aktiv sein.<\/p>\n<h3>Mehr als eine Rufnummer<\/h3>\n<p>Ich habe dies bereits erw\u00e4hnt, aber ich wiederhole es der Klarheit halber. Mit eSims gibt es die M\u00f6glichkeit, zwei verschiedene Telefonnummern f\u00fcr ein iPhone zu haben.<\/p>\n<h3>Leichter zu aktivieren<\/h3>\n<p>Bei einer physischen SIM-Karte m\u00fcssen Sie sie in die Hand nehmen und in Ihr Telefon einsetzen. Sicher, so schwer ist das nicht. Aber es ist schwieriger als bei eSims.<\/p>\n<p>Bei einer eSim m\u00fcssen Sie sie nur \u00fcber einen QR-Code oder ein paar Einstellungen auf Ihrem Telefon einrichten. Kein Besuch im Gesch\u00e4ft. Sie m\u00fcssen nicht auf die Zusendung einer SIM-Karte warten. Einfach kaufen, aufstellen und loslegen!<\/p>\n<h3>Theoretisch mehr Sicherheit<\/h3>\n<p>Dar\u00fcber l\u00e4sst sich streiten, aber einige Leute behaupten, dass eSims sicherer sind als SIMs, da die SIM-Karte selbst nicht kopiert oder beschafft werden kann.<\/p>\n<p>Andere Sicherheitsexperten f\u00fcr Mobiltelefone sind der Meinung, dass viele der von eSim eingebauten Ma\u00dfnahmen zur Verhinderung von Hackerangriffen nicht so relevant sind. Die meisten Sicherheitsrisiken bestehen bei der Registrierung oder bei Transaktionen zwischen Personen, was bei einer physischen SIM-Karte und einer eSim der Fall ist.<\/p>\n<h3>Es gibt nichts Physisches<\/h3>\n<p>Anders als bei einer normalen SIM-Karte kann man eine eSim auch nicht verlieren. Sie ist nicht physisch und kann nicht durch faule H\u00e4nde fallen gelassen werden. Das ist ein kleines Detail, aber es bedeutet auch, dass das Telefon selbst kleiner und kompakter ist, mehr Platz f\u00fcr einen gr\u00f6\u00dferen Akku hat und viele andere Vorteile bietet.<\/p>\n<div id=\"attachment_3094791\" style=\"width: 510px\" class=\"wp-caption aligncenter\"><img aria-describedby=\"caption-attachment-3094791\" decoding=\"async\" loading=\"lazy\" class=\"size-medium wp-image-3079655\" src=\"https:\/\/expertworldtravel.com\/wp-content\/uploads\/2023\/02\/esims-iphone-installed-500x318.jpg\" alt=\"Esims auf einem iphone\" width=\"500\" height=\"318\" srcset=\"https:\/\/expertworldtravel.com\/wp-content\/uploads\/2023\/02\/esims-iphone-installed-500x318.jpg 500w, https:\/\/expertworldtravel.com\/wp-content\/uploads\/2023\/02\/esims-iphone-installed-300x191.jpg 300w, https:\/\/expertworldtravel.com\/wp-content\/uploads\/2023\/02\/esims-iphone-installed-768x488.jpg 768w, https:\/\/expertworldtravel.com\/wp-content\/uploads\/2023\/02\/esims-iphone-installed-80x51.jpg 80w, https:\/\/expertworldtravel.com\/wp-content\/uploads\/2023\/02\/esims-iphone-installed-220x140.jpg 220w, https:\/\/expertworldtravel.com\/wp-content\/uploads\/2023\/02\/esims-iphone-installed-157x100.jpg 157w, https:\/\/expertworldtravel.com\/wp-content\/uploads\/2023\/02\/esims-iphone-installed-236x150.jpg 236w, https:\/\/expertworldtravel.com\/wp-content\/uploads\/2023\/02\/esims-iphone-installed-375x238.jpg 375w, https:\/\/expertworldtravel.com\/wp-content\/uploads\/2023\/02\/esims-iphone-installed-654x415.jpg 654w, https:\/\/expertworldtravel.com\/wp-content\/uploads\/2023\/02\/esims-iphone-installed-767x487.jpg 767w, https:\/\/expertworldtravel.com\/wp-content\/uploads\/2023\/02\/esims-iphone-installed.jpg 800w\" sizes=\"(max-width: 500px) 100vw, 500px\" \/><p id=\"caption-attachment-3094791\" class=\"wp-caption-text\">Esims auf einem iphone<\/p><\/div>\n<h2>Nachteile von eSims<\/h2>\n<p>Nichts ist nur positiv, deshalb hier die Nachteile der eSim-Technologie, die ich finden konnte.<\/p>\n<h2>Schwerer zu bewegende Telefone<\/h2>\n<p>Bei einer physischen SIM-Karte k\u00f6nnen Sie sie einfach herausnehmen und in einem anderen Telefon verwenden. Wenn also Ihr Telefon kaputt geht oder Sie zwei Telefone haben, k\u00f6nnen Sie es einfach austauschen.<\/p>\n<p>ESims lassen sich nicht so leicht austauschen, und in manchen F\u00e4llen kann man sie \u00fcberhaupt nicht verschieben.<\/p>\n<h2>Leichter zu verfolgen<\/h2>\n<p>Da man die SIM-Karte nicht aus dem Telefon herausnehmen und physisch &#8222;ausschalten&#8220; kann, sind eSims technisch leichter zu verfolgen oder zur\u00fcckzuverfolgen. Wenn Sie schon einmal Fernsehsendungen gesehen haben, in denen Menschen versuchen, nicht zur\u00fcckverfolgt zu werden, nehmen sie immer die SIM-Karte heraus (und m\u00fcssen sie dann zertr\u00fcmmern, um ihren Standpunkt zu verdeutlichen).<\/p>\n<h2>Nicht alle haben Telefon und SMS<\/h2>\n<p>Eine Sache, die mir bei vielen eSims auf dem Markt aufgefallen ist, ist, dass sie nur aus Daten bestehen. Dies ist ideal, wenn Sie auf Reisen sind und nur einen g\u00fcnstigen Datentarif ben\u00f6tigen. Wenn Sie sich aber f\u00fcr eSim entscheiden, gibt es oft weniger Optionen f\u00fcr das Gesamtpaket &#8211; Daten, Sprache, SMS.<\/p>\n<p>Nichts ist perfekt, aber f\u00fcr mich haben eSims verdammt viele Vorteile, besonders f\u00fcr diejenigen, die auf der Suche nach Optionen und Reisen sind. Probieren Sie auf Ihrer n\u00e4chsten Reise doch einmal ein <a href=\"https:\/\/expertworldtravel.com\/best-esim-international-travel\/\" target=\"_blank\" rel=\"noopener\">internationales eSim<\/a> aus und sehen Sie, wie es l\u00e4uft!<\/p>\n","protected":false},"excerpt":{"rendered":"<p>Seitdem Apple beschlossen hat, eSims zu einem wichtigen Bestandteil seines Produkt-\u00d6kosystems zu machen, sind eSims sehr beliebt geworden. Sie sind im Grunde eine elektronische Version der \u00fcblichen physischen Sim-Karten, an die Sie gew\u00f6hnt sind. Mit ESims k\u00f6nnen Sie sich mit Mobilfunkanbietern zu Hause oder im Ausland verbinden und mobile Daten und h\u00e4ufig auch Anrufe und [&hellip;]<\/p>\n","protected":false},"author":6,"featured_media":0,"parent":0,"menu_order":0,"comment_status":"closed","ping_status":"closed","template":"","meta":{"_lmt_disableupdate":"no","_lmt_disable":""},"categories":[],"acf":[],"_links":{"self":[{"href":"https:\/\/expertworldtravel.com\/de\/wp-json\/wp\/v2\/pages\/3094804"}],"collection":[{"href":"https:\/\/expertworldtravel.com\/de\/wp-json\/wp\/v2\/pages"}],"about":[{"href":"https:\/\/expertworldtravel.com\/de\/wp-json\/wp\/v2\/types\/page"}],"author":[{"embeddable":true,"href":"https:\/\/expertworldtravel.com\/de\/wp-json\/wp\/v2\/users\/6"}],"replies":[{"embeddable":true,"href":"https:\/\/expertworldtravel.com\/de\/wp-json\/wp\/v2\/comments?post=3094804"}],"version-history":[{"count":0,"href":"https:\/\/expertworldtravel.com\/de\/wp-json\/wp\/v2\/pages\/3094804\/revisions"}],"wp:attachment":[{"href":"https:\/\/expertworldtravel.com\/de\/wp-json\/wp\/v2\/media?parent=3094804"}],"wp:term":[{"taxonomy":"category","embeddable":true,"href":"https:\/\/expertworldtravel.com\/de\/wp-json\/wp\/v2\/categories?post=3094804"}],"curies":[{"name":"wp","href":"https:\/\/api.w.org\/{rel}","templated":true}]}}