{"id":3094828,"date":"2022-12-14T17:43:50","date_gmt":"2022-12-14T17:43:50","guid":{"rendered":"https:\/\/expertworldtravel.com\/das-beste-esim-fuer-internationale-reisen-ein-detaillierter-leitfaden\/"},"modified":"2024-12-26T12:50:54","modified_gmt":"2024-12-26T12:50:54","slug":"best-esim-international-travel","status":"publish","type":"page","link":"https:\/\/expertworldtravel.com\/de\/best-esim-international-travel\/","title":{"rendered":"Das beste eSim f\u00fcr internationale Reisen: Ein detaillierter Leitfaden"},"content":{"rendered":"<p>Wenn Sie wie ich viel reisen, haben Sie wahrscheinlich schon von einer internationalen eSim-Karte geh\u00f6rt und fragen sich, ob es sich lohnt, eine zu kaufen.<\/p>\n<p>Aber da eSims f\u00fcr uns alle relativ neu sind, wissen wir nicht viel \u00fcber sie, ob sie n\u00fctzlich sind und wenn ja, welchen eSim-Anbieter wir w\u00e4hlen sollten. Lassen Sie es uns ausarbeiten.<\/p>\n<p>In diesem Artikel gehe ich auf alles ein, was Sie wissen m\u00fcssen: was eine eSim ist, wie sie funktioniert, wo sie funktioniert, mit welchen Ger\u00e4ten sie funktioniert und welche eSim-Anbieter es gibt.<\/p>\n<p>Am Ende sollten Sie wissen, ob eine eSim f\u00fcr Sie besser ist als eine physische Sim-Karte und welcher eSim-Anbieter am besten zu Ihrem Reiseverhalten passt. Lasst uns eintauchen!<\/p>\n","protected":false},"excerpt":{"rendered":"<p>Wenn Sie wie ich viel reisen, haben Sie wahrscheinlich schon von einer internationalen eSim-Karte geh\u00f6rt und fragen sich, ob es sich lohnt, eine zu kaufen. Aber da eSims f\u00fcr uns alle relativ neu sind, wissen wir nicht viel \u00fcber sie, ob sie n\u00fctzlich sind und wenn ja, welchen eSim-Anbieter wir w\u00e4hlen sollten. Lassen Sie es [&hellip;]<\/p>\n","protected":false},"author":6,"featured_media":3094388,"parent":0,"menu_order":0,"comment_status":"closed","ping_status":"closed","template":"best-template.php","meta":{"_lmt_disableupdate":"no","_lmt_disable":""},"categories":[600145],"acf":[],"_links":{"self":[{"href":"https:\/\/expertworldtravel.com\/de\/wp-json\/wp\/v2\/pages\/3094828"}],"collection":[{"href":"https:\/\/expertworldtravel.com\/de\/wp-json\/wp\/v2\/pages"}],"about":[{"href":"https:\/\/expertworldtravel.com\/de\/wp-json\/wp\/v2\/types\/page"}],"author":[{"embeddable":true,"href":"https:\/\/expertworldtravel.com\/de\/wp-json\/wp\/v2\/users\/6"}],"replies":[{"embeddable":true,"href":"https:\/\/expertworldtravel.com\/de\/wp-json\/wp\/v2\/comments?post=3094828"}],"version-history":[{"count":1,"href":"https:\/\/expertworldtravel.com\/de\/wp-json\/wp\/v2\/pages\/3094828\/revisions"}],"predecessor-version":[{"id":3141897,"href":"https:\/\/expertworldtravel.com\/de\/wp-json\/wp\/v2\/pages\/3094828\/revisions\/3141897"}],"wp:featuredmedia":[{"embeddable":true,"href":"https:\/\/expertworldtravel.com\/de\/wp-json\/wp\/v2\/media\/3094388"}],"wp:attachment":[{"href":"https:\/\/expertworldtravel.com\/de\/wp-json\/wp\/v2\/media?parent=3094828"}],"wp:term":[{"taxonomy":"category","embeddable":true,"href":"https:\/\/expertworldtravel.com\/de\/wp-json\/wp\/v2\/categories?post=3094828"}],"curies":[{"name":"wp","href":"https:\/\/api.w.org\/{rel}","templated":true}]}}