{"id":3094854,"date":"2023-01-03T16:31:51","date_gmt":"2023-01-03T16:31:51","guid":{"rendered":"https:\/\/expertworldtravel.com\/bestes-esim-fuer-kanada-im-jahr-2023\/"},"modified":"2024-12-27T08:50:58","modified_gmt":"2024-12-27T08:50:58","slug":"beste-esim-kanada","status":"publish","type":"page","link":"https:\/\/expertworldtravel.com\/de\/beste-esim-kanada\/","title":{"rendered":"Beste eSIM f\u00fcr Kanada im Jahr 2025 (Daten billiger bekommen)"},"content":{"rendered":"<p>Wenn Sie nach Kanada reisen, gibt es keine bessere M\u00f6glichkeit, mit Ihrem Handy oder Tablet in Verbindung zu bleiben als mit einer eSIM f\u00fcr Kanada. eSIMs sind relativ neu, aber sie machen das Leben sehr viel einfacher.<\/p>\n<p>Begleiten Sie mich durch einen detaillierten Leitfaden \u00fcber die besten eSIMs f\u00fcr ganz Kanada: Toronto, Montreal, Vancouver und so gut wie \u00fcberall.<\/p>\n<p>Ich habe die beliebtesten internationalen und lokalen eSIM-Anbieter aufgef\u00fchrt und sie miteinander verglichen. Nachstehend finden Sie den idealen eSim-Plan f\u00fcr Sie.<\/p>\n","protected":false},"excerpt":{"rendered":"<p>Wenn Sie nach Kanada reisen, gibt es keine bessere M\u00f6glichkeit, mit Ihrem Handy oder Tablet in Verbindung zu bleiben als mit einer eSIM f\u00fcr Kanada. eSIMs sind relativ neu, aber sie machen das Leben sehr viel einfacher. Begleiten Sie mich durch einen detaillierten Leitfaden \u00fcber die besten eSIMs f\u00fcr ganz Kanada: Toronto, Montreal, Vancouver und [&hellip;]<\/p>\n","protected":false},"author":6,"featured_media":3094450,"parent":0,"menu_order":0,"comment_status":"closed","ping_status":"closed","template":"best-template.php","meta":{"_lmt_disableupdate":"no","_lmt_disable":""},"categories":[600147,600145],"acf":[],"_links":{"self":[{"href":"https:\/\/expertworldtravel.com\/de\/wp-json\/wp\/v2\/pages\/3094854"}],"collection":[{"href":"https:\/\/expertworldtravel.com\/de\/wp-json\/wp\/v2\/pages"}],"about":[{"href":"https:\/\/expertworldtravel.com\/de\/wp-json\/wp\/v2\/types\/page"}],"author":[{"embeddable":true,"href":"https:\/\/expertworldtravel.com\/de\/wp-json\/wp\/v2\/users\/6"}],"replies":[{"embeddable":true,"href":"https:\/\/expertworldtravel.com\/de\/wp-json\/wp\/v2\/comments?post=3094854"}],"version-history":[{"count":2,"href":"https:\/\/expertworldtravel.com\/de\/wp-json\/wp\/v2\/pages\/3094854\/revisions"}],"predecessor-version":[{"id":3141924,"href":"https:\/\/expertworldtravel.com\/de\/wp-json\/wp\/v2\/pages\/3094854\/revisions\/3141924"}],"wp:featuredmedia":[{"embeddable":true,"href":"https:\/\/expertworldtravel.com\/de\/wp-json\/wp\/v2\/media\/3094450"}],"wp:attachment":[{"href":"https:\/\/expertworldtravel.com\/de\/wp-json\/wp\/v2\/media?parent=3094854"}],"wp:term":[{"taxonomy":"category","embeddable":true,"href":"https:\/\/expertworldtravel.com\/de\/wp-json\/wp\/v2\/categories?post=3094854"}],"curies":[{"name":"wp","href":"https:\/\/api.w.org\/{rel}","templated":true}]}}