{"id":3094916,"date":"2023-01-05T21:23:22","date_gmt":"2023-01-05T21:23:22","guid":{"rendered":"https:\/\/expertworldtravel.com\/best-esim-thailand\/"},"modified":"2024-12-26T16:27:27","modified_gmt":"2024-12-26T16:27:27","slug":"esim-thailand","status":"publish","type":"page","link":"https:\/\/expertworldtravel.com\/de\/esim-thailand\/","title":{"rendered":"Bestes eSim f\u00fcr Thailand 2023 (Niedrigpreisdaten)"},"content":{"rendered":"<p>Wenn Sie nach Thailand oder <a href=\"https:\/\/expertworldtravel.com\/bangkok-esims\/\" target=\"_blank\" rel=\"noopener\">Bangkok<\/a> reisen, dann bleiben Sie mit einer <strong>g\u00fcnstigen eSIM-Karte<\/strong> in Verbindung <strong>.<\/strong><\/p>\n<p>Nat\u00fcrlich k\u00f6nnte man sich eine <a href=\"https:\/\/expertworldtravel.com\/best-sim-card-thailand\/\" target=\"_blank\" rel=\"noopener\">lokale Sim-Karte<\/a> besorgen, aber das ist sehr m\u00fchsam.<\/p>\n<p>Deshalb sollten Sie sich eine der besten eSIMs f\u00fcr Thailand besorgen. Egal, ob Sie unbegrenzte Daten oder nur die billigste eSim wollen, wir haben sie alle sortiert und \u00fcberpr\u00fcft unten!<\/p>\n","protected":false},"excerpt":{"rendered":"<p>Wenn Sie nach Thailand oder Bangkok reisen, dann bleiben Sie mit einer g\u00fcnstigen eSIM-Karte in Verbindung . Nat\u00fcrlich k\u00f6nnte man sich eine lokale Sim-Karte besorgen, aber das ist sehr m\u00fchsam. Deshalb sollten Sie sich eine der besten eSIMs f\u00fcr Thailand besorgen. Egal, ob Sie unbegrenzte Daten oder nur die billigste eSim wollen, wir haben sie [&hellip;]<\/p>\n","protected":false},"author":6,"featured_media":3094469,"parent":0,"menu_order":0,"comment_status":"closed","ping_status":"closed","template":"best-template.php","meta":{"_lmt_disableupdate":"no","_lmt_disable":""},"categories":[600148,600145],"acf":[],"_links":{"self":[{"href":"https:\/\/expertworldtravel.com\/de\/wp-json\/wp\/v2\/pages\/3094916"}],"collection":[{"href":"https:\/\/expertworldtravel.com\/de\/wp-json\/wp\/v2\/pages"}],"about":[{"href":"https:\/\/expertworldtravel.com\/de\/wp-json\/wp\/v2\/types\/page"}],"author":[{"embeddable":true,"href":"https:\/\/expertworldtravel.com\/de\/wp-json\/wp\/v2\/users\/6"}],"replies":[{"embeddable":true,"href":"https:\/\/expertworldtravel.com\/de\/wp-json\/wp\/v2\/comments?post=3094916"}],"version-history":[{"count":1,"href":"https:\/\/expertworldtravel.com\/de\/wp-json\/wp\/v2\/pages\/3094916\/revisions"}],"predecessor-version":[{"id":3141910,"href":"https:\/\/expertworldtravel.com\/de\/wp-json\/wp\/v2\/pages\/3094916\/revisions\/3141910"}],"wp:featuredmedia":[{"embeddable":true,"href":"https:\/\/expertworldtravel.com\/de\/wp-json\/wp\/v2\/media\/3094469"}],"wp:attachment":[{"href":"https:\/\/expertworldtravel.com\/de\/wp-json\/wp\/v2\/media?parent=3094916"}],"wp:term":[{"taxonomy":"category","embeddable":true,"href":"https:\/\/expertworldtravel.com\/de\/wp-json\/wp\/v2\/categories?post=3094916"}],"curies":[{"name":"wp","href":"https:\/\/api.w.org\/{rel}","templated":true}]}}