{"id":3094923,"date":"2022-12-14T20:13:39","date_gmt":"2022-12-14T20:13:39","guid":{"rendered":"https:\/\/expertworldtravel.com\/best-esim-europe\/"},"modified":"2024-12-24T09:50:01","modified_gmt":"2024-12-24T09:50:01","slug":"best-esim-europe","status":"publish","type":"page","link":"https:\/\/expertworldtravel.com\/de\/best-esim-europe\/","title":{"rendered":"Beste eSIM f\u00fcr Europa im Jahr 2025 (Schnellvergleich)"},"content":{"rendered":"<p>Planen Sie eine Reise nach Europa und suchen Sie ein eSIM-Datenpaket? Das bedeutet, dass Sie mehrere europ\u00e4ische L\u00e4nder besuchen werden und eine erschwingliche eSIM-Karte ben\u00f6tigen, die mit diesen l\u00e4stigen SIM-Karten mithalten kann. Die ESIM-Technologie ist relativ neu, so dass Sie vielleicht noch nichts davon geh\u00f6rt haben. Es handelt sich dabei um eine eingebaute SIM-Karte, die Sie aktivieren k\u00f6nnen, wenn Sie nach Europa kommen. Welche ist also die beste eSIM f\u00fcr Europa? Sehen Sie sich mit mir die besten eSIMs f\u00fcr Europa an, damit Sie den <a href=\"\" target=\"\" rel=\"noopener\">besten eSIM-Tarif f\u00fcr Ihre Reisen<\/a> finden k\u00f6nnen.<\/p>\n<h2>Die besten eSIM-Anbieter in Europa<\/h2>\n<p>Es gibt eine Reihe <a href=\"https:\/\/expertworldtravel.com\/best-esim-providers\/\" target=\"_blank\" rel=\"noopener\">verschiedener eSIM-Anbieter<\/a>, die eine eSIM f\u00fcr Europa anbieten, und die besten von ihnen finden Sie unten. Wir stellen Ihnen die einzelnen Anbieter und ihre eSIM-Datenpl\u00e4ne vor, damit Sie die beste eSIM f\u00fcr Europa f\u00fcr Ihre Reisebed\u00fcrfnisse finden k\u00f6nnen. https:\/\/www.youtube.com\/watch?v=X21vIa8siBM&amp;list=PLmr3h1nAE7cFRLaYlU0q2BtqunfRAyE_6&amp;pp=gAQBiAQB<\/p>\n","protected":false},"excerpt":{"rendered":"<p>Planen Sie eine Reise nach Europa und suchen Sie ein eSIM-Datenpaket? Das bedeutet, dass Sie mehrere europ\u00e4ische L\u00e4nder besuchen werden und eine erschwingliche eSIM-Karte ben\u00f6tigen, die mit diesen l\u00e4stigen SIM-Karten mithalten kann. Die ESIM-Technologie ist relativ neu, so dass Sie vielleicht noch nichts davon geh\u00f6rt haben. Es handelt sich dabei um eine eingebaute SIM-Karte, die [&hellip;]<\/p>\n","protected":false},"author":6,"featured_media":3094391,"parent":0,"menu_order":0,"comment_status":"closed","ping_status":"closed","template":"best-template.php","meta":{"_lmt_disableupdate":"no","_lmt_disable":""},"categories":[600145],"acf":[],"_links":{"self":[{"href":"https:\/\/expertworldtravel.com\/de\/wp-json\/wp\/v2\/pages\/3094923"}],"collection":[{"href":"https:\/\/expertworldtravel.com\/de\/wp-json\/wp\/v2\/pages"}],"about":[{"href":"https:\/\/expertworldtravel.com\/de\/wp-json\/wp\/v2\/types\/page"}],"author":[{"embeddable":true,"href":"https:\/\/expertworldtravel.com\/de\/wp-json\/wp\/v2\/users\/6"}],"replies":[{"embeddable":true,"href":"https:\/\/expertworldtravel.com\/de\/wp-json\/wp\/v2\/comments?post=3094923"}],"version-history":[{"count":2,"href":"https:\/\/expertworldtravel.com\/de\/wp-json\/wp\/v2\/pages\/3094923\/revisions"}],"predecessor-version":[{"id":3141839,"href":"https:\/\/expertworldtravel.com\/de\/wp-json\/wp\/v2\/pages\/3094923\/revisions\/3141839"}],"wp:featuredmedia":[{"embeddable":true,"href":"https:\/\/expertworldtravel.com\/de\/wp-json\/wp\/v2\/media\/3094391"}],"wp:attachment":[{"href":"https:\/\/expertworldtravel.com\/de\/wp-json\/wp\/v2\/media?parent=3094923"}],"wp:term":[{"taxonomy":"category","embeddable":true,"href":"https:\/\/expertworldtravel.com\/de\/wp-json\/wp\/v2\/categories?post=3094923"}],"curies":[{"name":"wp","href":"https:\/\/api.w.org\/{rel}","templated":true}]}}