{"id":3095490,"date":"2023-02-07T13:33:08","date_gmt":"2023-02-07T13:33:08","guid":{"rendered":"https:\/\/expertworldtravel.com\/best-esim-asia\/"},"modified":"2025-01-21T10:03:05","modified_gmt":"2025-01-21T10:03:05","slug":"best-esim-asia","status":"publish","type":"page","link":"https:\/\/expertworldtravel.com\/de\/best-esim-asia\/","title":{"rendered":"Beste eSIM f\u00fcr Asien im Jahr 2025 (Erschwingliche Daten)"},"content":{"rendered":"<p class=\"ifp\">Sie reisen nach Asien und m\u00f6chten bei Ihrer Ankunft Daten f\u00fcr Ihr Handy haben?<br \/>\nNun, eine eSIM ist der perfekte Weg, dieses Problem zu l\u00f6sen.<br \/>\nDas kann ich Ihnen aus Erfahrung sagen.  <\/p>\n<p class=\"ifp\">Egal, ob Sie f\u00fcr eine Woche oder einen Monat Internetzugang ben\u00f6tigen, es gibt eine passende Asien eSIM f\u00fcr Ihre n\u00e4chste Reise. In diesem ausf\u00fchrlichen Leitfaden erfahren Sie alles \u00fcber die besten eSIM-Optionen f\u00fcr Asien! <\/p>\n<p>  Ich habe auch die besten regionalen Pl\u00e4ne f\u00fcr Asien aufgef\u00fchrt, falls Sie mehr als ein Land in der Region besuchen m\u00f6chten.<br \/>\nGer\u00e4tekompatibilit\u00e4t, eSIM-Unterst\u00fctzung und Tipps zur Verwendung von eSIMs in Asien sind in diesem Leitfaden enthalten. Lesen Sie weiter, um die besten eSIM-Optionen f\u00fcr Asien kennenzulernen! <\/p>\n<h2><span id=\"Benefits_of_Getting_an_eSIM_for_Asia\">Vorteile einer eSIM f\u00fcr Asien<\/span><\/h2>\n<p>Der gr\u00f6\u00dfte Vorteil einer asiatischen eSIM ist der einfache Internetzugang, wann immer Sie ihn brauchen. Sie m\u00fcssen kein Datenroaming in Anspruch nehmen, das in der Regel f\u00fcr l\u00e4cherlich kleine Datenmengen sehr teuer ist.<\/p>\n<p>Sie m\u00fcssen auch nicht in einer fremden Stadt herumlaufen, um eine internationale SIM-Karte f\u00fcr Asien zu finden, denn Sie k\u00f6nnen eine eSIM ganz einfach online kaufen und einrichten. Und wenn Sie einen eSIM-Datentarif von einem Anbieter kaufen, der die gemeinsame Nutzung von Daten erlaubt, ist das so, als h\u00e4tten Sie ein Taschen-WiFi.  Sie k\u00f6nnen Ihre anderen Ger\u00e4te anschlie\u00dfen und den Internetzugang gemeinsam nutzen, was sehr praktisch ist.<\/p>\n","protected":false},"excerpt":{"rendered":"<p>Sie reisen nach Asien und m\u00f6chten bei Ihrer Ankunft Daten f\u00fcr Ihr Handy haben? Nun, eine eSIM ist der perfekte Weg, dieses Problem zu l\u00f6sen. Das kann ich Ihnen aus Erfahrung sagen. Egal, ob Sie f\u00fcr eine Woche oder einen Monat Internetzugang ben\u00f6tigen, es gibt eine passende Asien eSIM f\u00fcr Ihre n\u00e4chste Reise. In diesem [&hellip;]<\/p>\n","protected":false},"author":2,"featured_media":0,"parent":0,"menu_order":0,"comment_status":"closed","ping_status":"closed","template":"best-template.php","meta":{"_lmt_disableupdate":"","_lmt_disable":""},"categories":[],"acf":[],"_links":{"self":[{"href":"https:\/\/expertworldtravel.com\/de\/wp-json\/wp\/v2\/pages\/3095490"}],"collection":[{"href":"https:\/\/expertworldtravel.com\/de\/wp-json\/wp\/v2\/pages"}],"about":[{"href":"https:\/\/expertworldtravel.com\/de\/wp-json\/wp\/v2\/types\/page"}],"author":[{"embeddable":true,"href":"https:\/\/expertworldtravel.com\/de\/wp-json\/wp\/v2\/users\/2"}],"replies":[{"embeddable":true,"href":"https:\/\/expertworldtravel.com\/de\/wp-json\/wp\/v2\/comments?post=3095490"}],"version-history":[{"count":2,"href":"https:\/\/expertworldtravel.com\/de\/wp-json\/wp\/v2\/pages\/3095490\/revisions"}],"predecessor-version":[{"id":3141831,"href":"https:\/\/expertworldtravel.com\/de\/wp-json\/wp\/v2\/pages\/3095490\/revisions\/3141831"}],"wp:attachment":[{"href":"https:\/\/expertworldtravel.com\/de\/wp-json\/wp\/v2\/media?parent=3095490"}],"wp:term":[{"taxonomy":"category","embeddable":true,"href":"https:\/\/expertworldtravel.com\/de\/wp-json\/wp\/v2\/categories?post=3095490"}],"curies":[{"name":"wp","href":"https:\/\/api.w.org\/{rel}","templated":true}]}}