{"id":3095496,"date":"2023-01-03T20:26:07","date_gmt":"2023-01-03T20:26:07","guid":{"rendered":"https:\/\/expertworldtravel.com\/beste-esim-uk\/"},"modified":"2023-04-28T06:18:56","modified_gmt":"2023-04-28T06:18:56","slug":"beste-esim-uk","status":"publish","type":"page","link":"https:\/\/expertworldtravel.com\/de\/beste-esim-uk\/","title":{"rendered":"Beste eSim f\u00fcr Gro\u00dfbritannien im Jahr 2023 (Easy Data On The Go)"},"content":{"rendered":"<p>Wenn Sie in das Vereinigte K\u00f6nigreich reisen, m\u00f6chten Sie die teuren Datenroaming-Geb\u00fchren Ihres heimischen Mobilfunkanbieters vermeiden.<\/p>\n<p>Lokale <a href=\"https:\/\/expertworldtravel.com\/best-prepaid-sim-card-uk\/\" target=\"_blank\" rel=\"noopener\">Prepaid-Sim-Karten<\/a> sind eine M\u00f6glichkeit, aber sie sind nicht so bequem, weshalb wir eine eSim f\u00fcr Ihre Reise f\u00fcr besser halten als eine britische Sim-Karte. Aber welche eSim-Karte ist die beste f\u00fcr das Vereinigte K\u00f6nigreich? Wir sind hier, um das herauszufinden.<\/p>\n<p>Begleiten Sie mich, wie ich durch die besten eSim f\u00fcr das Vereinigte K\u00f6nigreich von eSim-Karte Anbieter f\u00fcr das Vereinigte K\u00f6nigreich, ihre verschiedenen Daten Pl\u00e4ne, und warum eSim-Karten sind so gro\u00df f\u00fcr das Reisen mit.<\/p>\n","protected":false},"excerpt":{"rendered":"<p>Wenn Sie in das Vereinigte K\u00f6nigreich reisen, m\u00f6chten Sie die teuren Datenroaming-Geb\u00fchren Ihres heimischen Mobilfunkanbieters vermeiden. Lokale Prepaid-Sim-Karten sind eine M\u00f6glichkeit, aber sie sind nicht so bequem, weshalb wir eine eSim f\u00fcr Ihre Reise f\u00fcr besser halten als eine britische Sim-Karte. Aber welche eSim-Karte ist die beste f\u00fcr das Vereinigte K\u00f6nigreich? Wir sind hier, um [&hellip;]<\/p>\n","protected":false},"author":6,"featured_media":3094459,"parent":0,"menu_order":0,"comment_status":"closed","ping_status":"closed","template":"best-template.php","meta":{"_lmt_disableupdate":"no","_lmt_disable":""},"categories":[600145,600149],"acf":[],"_links":{"self":[{"href":"https:\/\/expertworldtravel.com\/de\/wp-json\/wp\/v2\/pages\/3095496"}],"collection":[{"href":"https:\/\/expertworldtravel.com\/de\/wp-json\/wp\/v2\/pages"}],"about":[{"href":"https:\/\/expertworldtravel.com\/de\/wp-json\/wp\/v2\/types\/page"}],"author":[{"embeddable":true,"href":"https:\/\/expertworldtravel.com\/de\/wp-json\/wp\/v2\/users\/6"}],"replies":[{"embeddable":true,"href":"https:\/\/expertworldtravel.com\/de\/wp-json\/wp\/v2\/comments?post=3095496"}],"version-history":[{"count":0,"href":"https:\/\/expertworldtravel.com\/de\/wp-json\/wp\/v2\/pages\/3095496\/revisions"}],"wp:featuredmedia":[{"embeddable":true,"href":"https:\/\/expertworldtravel.com\/de\/wp-json\/wp\/v2\/media\/3094459"}],"wp:attachment":[{"href":"https:\/\/expertworldtravel.com\/de\/wp-json\/wp\/v2\/media?parent=3095496"}],"wp:term":[{"taxonomy":"category","embeddable":true,"href":"https:\/\/expertworldtravel.com\/de\/wp-json\/wp\/v2\/categories?post=3095496"}],"curies":[{"name":"wp","href":"https:\/\/api.w.org\/{rel}","templated":true}]}}