{"id":3095501,"date":"2023-02-26T04:19:06","date_gmt":"2023-02-26T04:19:06","guid":{"rendered":"https:\/\/expertworldtravel.com\/holafly-review\/"},"modified":"2025-01-08T12:25:44","modified_gmt":"2025-01-08T12:25:44","slug":"holafly-testbericht","status":"publish","type":"page","link":"https:\/\/expertworldtravel.com\/de\/holafly-testbericht\/","title":{"rendered":"Holafly Testbericht: Beste eSIM f\u00fcr Reisen? (Nicht immer)"},"content":{"rendered":"<p>Denken Sie \u00fcber die Anschaffung des <a href=\"https:\/\/holafly.sjv.io\/DyLM5y\" target=\"_blank\" rel=\"nofollow noopener\">Holafly eSim<\/a> f\u00fcr Ihre n\u00e4chste Reise nach? Dieser Leitfaden hilft Ihnen herauszufinden, ob das f\u00fcr Sie in Frage kommt!<\/p>\n<p>Holafly bietet einige gro\u00dfartige eSim-Pakete mit unbegrenzten Daten an, aber sie sind nicht f\u00fcr jeden geeignet. Wenn Sie einen Internetzugang auf Ihrem Telefon ben\u00f6tigen, um Karten und soziale Medien abzurufen, sind sie gro\u00dfartig, aber sie sind nicht f\u00fcr Fernarbeiter geeignet. Lesen Sie weiter, um zu erfahren, warum das so ist, und erhalten Sie alle weiteren Informationen, die Sie \u00fcber Holafly ben\u00f6tigen, um herauszufinden, ob es das Richtige f\u00fcr Sie ist.<\/p>\n","protected":false},"excerpt":{"rendered":"<p>Denken Sie \u00fcber die Anschaffung des Holafly eSim f\u00fcr Ihre n\u00e4chste Reise nach? Dieser Leitfaden hilft Ihnen herauszufinden, ob das f\u00fcr Sie in Frage kommt! Holafly bietet einige gro\u00dfartige eSim-Pakete mit unbegrenzten Daten an, aber sie sind nicht f\u00fcr jeden geeignet. Wenn Sie einen Internetzugang auf Ihrem Telefon ben\u00f6tigen, um Karten und soziale Medien abzurufen, [&hellip;]<\/p>\n","protected":false},"author":1,"featured_media":0,"parent":0,"menu_order":0,"comment_status":"closed","ping_status":"closed","template":"single-product-review.php","meta":{"_lmt_disableupdate":"no","_lmt_disable":""},"categories":[],"acf":[],"_links":{"self":[{"href":"https:\/\/expertworldtravel.com\/de\/wp-json\/wp\/v2\/pages\/3095501"}],"collection":[{"href":"https:\/\/expertworldtravel.com\/de\/wp-json\/wp\/v2\/pages"}],"about":[{"href":"https:\/\/expertworldtravel.com\/de\/wp-json\/wp\/v2\/types\/page"}],"author":[{"embeddable":true,"href":"https:\/\/expertworldtravel.com\/de\/wp-json\/wp\/v2\/users\/1"}],"replies":[{"embeddable":true,"href":"https:\/\/expertworldtravel.com\/de\/wp-json\/wp\/v2\/comments?post=3095501"}],"version-history":[{"count":1,"href":"https:\/\/expertworldtravel.com\/de\/wp-json\/wp\/v2\/pages\/3095501\/revisions"}],"predecessor-version":[{"id":3142131,"href":"https:\/\/expertworldtravel.com\/de\/wp-json\/wp\/v2\/pages\/3095501\/revisions\/3142131"}],"wp:attachment":[{"href":"https:\/\/expertworldtravel.com\/de\/wp-json\/wp\/v2\/media?parent=3095501"}],"wp:term":[{"taxonomy":"category","embeddable":true,"href":"https:\/\/expertworldtravel.com\/de\/wp-json\/wp\/v2\/categories?post=3095501"}],"curies":[{"name":"wp","href":"https:\/\/api.w.org\/{rel}","templated":true}]}}