{"id":3095508,"date":"2023-02-06T07:18:03","date_gmt":"2023-02-06T07:18:03","guid":{"rendered":"https:\/\/expertworldtravel.com\/best-esim-spain\/"},"modified":"2024-12-23T15:27:32","modified_gmt":"2024-12-23T15:27:32","slug":"best-esim-spain","status":"publish","type":"page","link":"https:\/\/expertworldtravel.com\/de\/best-esim-spain\/","title":{"rendered":"Beste eSIM f\u00fcr Spanien im Jahr 2025 (keine Roaming-Probleme mehr)"},"content":{"rendered":"<p>Sie reisen nach Spanien und m\u00f6chten sich eine eSIM f\u00fcr Ihre Reise besorgen? In diesem ausf\u00fchrlichen Leitfaden erfahren Sie alles \u00fcber die besten eSIM-Karten f\u00fcr Spanien! Ich habe alles \u00fcber eSIMs in Spanien behandelt, von den Voraussetzungen f\u00fcr eine eSIM vor Ort bis hin zu den besten eSIM-Datentarifen, die es gibt. Egal, ob Sie eine lokale Telefonnummer oder unbegrenzte mobile Daten ben\u00f6tigen, es gibt die perfekte eSIM f\u00fcr Spanien f\u00fcr Sie und Sie finden sie genau hier! <\/p>\n","protected":false},"excerpt":{"rendered":"<p>Sie reisen nach Spanien und m\u00f6chten sich eine eSIM f\u00fcr Ihre Reise besorgen? In diesem ausf\u00fchrlichen Leitfaden erfahren Sie alles \u00fcber die besten eSIM-Karten f\u00fcr Spanien! Ich habe alles \u00fcber eSIMs in Spanien behandelt, von den Voraussetzungen f\u00fcr eine eSIM vor Ort bis hin zu den besten eSIM-Datentarifen, die es gibt. Egal, ob Sie eine [&hellip;]<\/p>\n","protected":false},"author":6,"featured_media":3094412,"parent":0,"menu_order":0,"comment_status":"closed","ping_status":"closed","template":"best-template.php","meta":{"_lmt_disableupdate":"no","_lmt_disable":""},"categories":[],"acf":[],"_links":{"self":[{"href":"https:\/\/expertworldtravel.com\/de\/wp-json\/wp\/v2\/pages\/3095508"}],"collection":[{"href":"https:\/\/expertworldtravel.com\/de\/wp-json\/wp\/v2\/pages"}],"about":[{"href":"https:\/\/expertworldtravel.com\/de\/wp-json\/wp\/v2\/types\/page"}],"author":[{"embeddable":true,"href":"https:\/\/expertworldtravel.com\/de\/wp-json\/wp\/v2\/users\/6"}],"replies":[{"embeddable":true,"href":"https:\/\/expertworldtravel.com\/de\/wp-json\/wp\/v2\/comments?post=3095508"}],"version-history":[{"count":1,"href":"https:\/\/expertworldtravel.com\/de\/wp-json\/wp\/v2\/pages\/3095508\/revisions"}],"predecessor-version":[{"id":3141808,"href":"https:\/\/expertworldtravel.com\/de\/wp-json\/wp\/v2\/pages\/3095508\/revisions\/3141808"}],"wp:featuredmedia":[{"embeddable":true,"href":"https:\/\/expertworldtravel.com\/de\/wp-json\/wp\/v2\/media\/3094412"}],"wp:attachment":[{"href":"https:\/\/expertworldtravel.com\/de\/wp-json\/wp\/v2\/media?parent=3095508"}],"wp:term":[{"taxonomy":"category","embeddable":true,"href":"https:\/\/expertworldtravel.com\/de\/wp-json\/wp\/v2\/categories?post=3095508"}],"curies":[{"name":"wp","href":"https:\/\/api.w.org\/{rel}","templated":true}]}}