{"id":3095515,"date":"2022-12-29T17:31:27","date_gmt":"2022-12-29T17:31:27","guid":{"rendered":"https:\/\/expertworldtravel.com\/best-esim-usa\/"},"modified":"2024-12-20T12:48:19","modified_gmt":"2024-12-20T12:48:19","slug":"best-esim-usa","status":"publish","type":"page","link":"https:\/\/expertworldtravel.com\/de\/best-esim-usa\/","title":{"rendered":"Beste eSIM f\u00fcr die USA im Jahr 2025 (Wir haben sie alle gefunden)"},"content":{"rendered":"<p>Suchen Sie nach der besten eSIM f\u00fcr die USA? Oder haben Sie vielleicht eine Reise nach New York, Boston, LA, Las Vegas, Florida oder Texas geplant? Die eSIMs f\u00fcr die USA f\u00fcr Touristen sind eine gro\u00dfartige Option f\u00fcr alle, die mit Daten auf ihrem Handy loslegen wollen. <\/p>\n<p>Ich benutze sie immer, wenn ich auf Reisen bin, um sicherzustellen, dass ich kein Roaming in meinem Heimatland in Anspruch nehmen muss, und spare dabei eine Menge Geld.<\/p>\n<p>Im Folgenden erfahren Sie alles dar\u00fcber, warum Sie eine eSIM online bei den besten Anbietern kaufen sollten. Welche eSIM-Datentarife am g\u00fcnstigsten sind und vieles mehr. <\/p>\n","protected":false},"excerpt":{"rendered":"<p>Suchen Sie nach der besten eSIM f\u00fcr die USA? Oder haben Sie vielleicht eine Reise nach New York, Boston, LA, Las Vegas, Florida oder Texas geplant? Die eSIMs f\u00fcr die USA f\u00fcr Touristen sind eine gro\u00dfartige Option f\u00fcr alle, die mit Daten auf ihrem Handy loslegen wollen. Ich benutze sie immer, wenn ich auf Reisen [&hellip;]<\/p>\n","protected":false},"author":6,"featured_media":3094446,"parent":0,"menu_order":0,"comment_status":"closed","ping_status":"closed","template":"best-template.php","meta":{"_lmt_disableupdate":"no","_lmt_disable":""},"categories":[600145],"acf":[],"_links":{"self":[{"href":"https:\/\/expertworldtravel.com\/de\/wp-json\/wp\/v2\/pages\/3095515"}],"collection":[{"href":"https:\/\/expertworldtravel.com\/de\/wp-json\/wp\/v2\/pages"}],"about":[{"href":"https:\/\/expertworldtravel.com\/de\/wp-json\/wp\/v2\/types\/page"}],"author":[{"embeddable":true,"href":"https:\/\/expertworldtravel.com\/de\/wp-json\/wp\/v2\/users\/6"}],"replies":[{"embeddable":true,"href":"https:\/\/expertworldtravel.com\/de\/wp-json\/wp\/v2\/comments?post=3095515"}],"version-history":[{"count":1,"href":"https:\/\/expertworldtravel.com\/de\/wp-json\/wp\/v2\/pages\/3095515\/revisions"}],"predecessor-version":[{"id":3141720,"href":"https:\/\/expertworldtravel.com\/de\/wp-json\/wp\/v2\/pages\/3095515\/revisions\/3141720"}],"wp:featuredmedia":[{"embeddable":true,"href":"https:\/\/expertworldtravel.com\/de\/wp-json\/wp\/v2\/media\/3094446"}],"wp:attachment":[{"href":"https:\/\/expertworldtravel.com\/de\/wp-json\/wp\/v2\/media?parent=3095515"}],"wp:term":[{"taxonomy":"category","embeddable":true,"href":"https:\/\/expertworldtravel.com\/de\/wp-json\/wp\/v2\/categories?post=3095515"}],"curies":[{"name":"wp","href":"https:\/\/api.w.org\/{rel}","templated":true}]}}