{"id":3095518,"date":"2023-01-03T18:34:13","date_gmt":"2023-01-03T18:34:13","guid":{"rendered":"https:\/\/expertworldtravel.com\/beste-esim-tuerkei\/"},"modified":"2024-12-24T11:02:31","modified_gmt":"2024-12-24T11:02:31","slug":"beste-esim-tuerkei","status":"publish","type":"page","link":"https:\/\/expertworldtravel.com\/de\/beste-esim-tuerkei\/","title":{"rendered":"Beste eSIM f\u00fcr die T\u00fcrkei im Jahr 2025 (G\u00fcnstige Reisedaten)"},"content":{"rendered":"<p>Wenn Sie eine Reise in die T\u00fcrkei planen und sich fragen, was die beste eSIM f\u00fcr Ihre Reise ist, dann suchen Sie nicht weiter<\/p>\n<p>T\u00fcrkei eSIMs sind eine gro\u00dfartige M\u00f6glichkeit, Datenroaming-Geb\u00fchren zu vermeiden und der \u00c4rger mit lokalen SIM-Karten ist ein bisschen l\u00e4stig.<\/p>\n<p>Im Folgenden zeige ich Ihnen <strong>die besten eSIMs f\u00fcr die T\u00fcrkei<\/strong>, damit Sie innerhalb von Minuten nach der Landung online sein k\u00f6nnen und w\u00e4hrend Ihrer gesamten Reise verbunden bleiben.<\/p>\n","protected":false},"excerpt":{"rendered":"<p>Wenn Sie eine Reise in die T\u00fcrkei planen und sich fragen, was die beste eSIM f\u00fcr Ihre Reise ist, dann suchen Sie nicht weiter T\u00fcrkei eSIMs sind eine gro\u00dfartige M\u00f6glichkeit, Datenroaming-Geb\u00fchren zu vermeiden und der \u00c4rger mit lokalen SIM-Karten ist ein bisschen l\u00e4stig. Im Folgenden zeige ich Ihnen die besten eSIMs f\u00fcr die T\u00fcrkei, damit [&hellip;]<\/p>\n","protected":false},"author":6,"featured_media":3094456,"parent":0,"menu_order":0,"comment_status":"closed","ping_status":"closed","template":"best-template.php","meta":{"_lmt_disableupdate":"no","_lmt_disable":""},"categories":[600145,600151],"acf":[],"_links":{"self":[{"href":"https:\/\/expertworldtravel.com\/de\/wp-json\/wp\/v2\/pages\/3095518"}],"collection":[{"href":"https:\/\/expertworldtravel.com\/de\/wp-json\/wp\/v2\/pages"}],"about":[{"href":"https:\/\/expertworldtravel.com\/de\/wp-json\/wp\/v2\/types\/page"}],"author":[{"embeddable":true,"href":"https:\/\/expertworldtravel.com\/de\/wp-json\/wp\/v2\/users\/6"}],"replies":[{"embeddable":true,"href":"https:\/\/expertworldtravel.com\/de\/wp-json\/wp\/v2\/comments?post=3095518"}],"version-history":[{"count":2,"href":"https:\/\/expertworldtravel.com\/de\/wp-json\/wp\/v2\/pages\/3095518\/revisions"}],"predecessor-version":[{"id":3141869,"href":"https:\/\/expertworldtravel.com\/de\/wp-json\/wp\/v2\/pages\/3095518\/revisions\/3141869"}],"wp:featuredmedia":[{"embeddable":true,"href":"https:\/\/expertworldtravel.com\/de\/wp-json\/wp\/v2\/media\/3094456"}],"wp:attachment":[{"href":"https:\/\/expertworldtravel.com\/de\/wp-json\/wp\/v2\/media?parent=3095518"}],"wp:term":[{"taxonomy":"category","embeddable":true,"href":"https:\/\/expertworldtravel.com\/de\/wp-json\/wp\/v2\/categories?post=3095518"}],"curies":[{"name":"wp","href":"https:\/\/api.w.org\/{rel}","templated":true}]}}