{"id":3095521,"date":"2023-01-07T23:50:04","date_gmt":"2023-01-07T23:50:04","guid":{"rendered":"https:\/\/expertworldtravel.com\/airalo-review\/"},"modified":"2023-03-10T09:18:39","modified_gmt":"2023-03-10T09:18:39","slug":"airalo-review","status":"publish","type":"page","link":"https:\/\/expertworldtravel.com\/de\/airalo-review\/","title":{"rendered":"Airalo Review &#8211; Die beste und einfachste eSim?"},"content":{"rendered":"<p><a href=\"https:\/\/airalo.pxf.io\/gb961v\" target=\"_blank\" rel=\"noopener\">Airalo ist<\/a> als der weltweit f\u00fchrende eSim-Anbieter <a href=\"https:\/\/airalo.pxf.io\/gb961v\" target=\"_blank\" rel=\"noopener\">bekannt<\/a>, und ich habe ihn in den letzten Monaten auf einer gro\u00dfen Reise benutzt.<\/p>\n<p>Sie haben mir das Leben sehr leicht gemacht, als ich von Land zu Land zog, indem sie mir mobile Datenpakete zur Verf\u00fcgung stellten, ohne dass ich meinen Stuhl verlassen musste. Das ist das Sch\u00f6ne an eSims.<\/p>\n<p>Esims sind elektronisch, so dass Sie sie einfach \u00fcber WLAN auf Ihr Telefon herunterladen k\u00f6nnen, noch bevor Sie in ein neues Land reisen. So k\u00f6nnen Sie mit laufenden Daten landen und E-Mail, Google Maps oder jede andere App nutzen, die Sie an Ihrem neuen Zielort ben\u00f6tigen.<\/p>\n<p>Aber sind Airalo eSims wirklich so gut, wie viele Leute behaupten? Ich werde Ihnen in diesem Bericht alles \u00fcber sie erz\u00e4hlen, einschlie\u00dflich meiner Erfahrungen mit ihnen.<\/p>\n","protected":false},"excerpt":{"rendered":"<p>Airalo ist als der weltweit f\u00fchrende eSim-Anbieter bekannt, und ich habe ihn in den letzten Monaten auf einer gro\u00dfen Reise benutzt. Sie haben mir das Leben sehr leicht gemacht, als ich von Land zu Land zog, indem sie mir mobile Datenpakete zur Verf\u00fcgung stellten, ohne dass ich meinen Stuhl verlassen musste. Das ist das Sch\u00f6ne [&hellip;]<\/p>\n","protected":false},"author":2,"featured_media":0,"parent":0,"menu_order":0,"comment_status":"closed","ping_status":"closed","template":"single-product-review.php","meta":{"_lmt_disableupdate":"no","_lmt_disable":""},"categories":[600145],"acf":[],"_links":{"self":[{"href":"https:\/\/expertworldtravel.com\/de\/wp-json\/wp\/v2\/pages\/3095521"}],"collection":[{"href":"https:\/\/expertworldtravel.com\/de\/wp-json\/wp\/v2\/pages"}],"about":[{"href":"https:\/\/expertworldtravel.com\/de\/wp-json\/wp\/v2\/types\/page"}],"author":[{"embeddable":true,"href":"https:\/\/expertworldtravel.com\/de\/wp-json\/wp\/v2\/users\/2"}],"replies":[{"embeddable":true,"href":"https:\/\/expertworldtravel.com\/de\/wp-json\/wp\/v2\/comments?post=3095521"}],"version-history":[{"count":0,"href":"https:\/\/expertworldtravel.com\/de\/wp-json\/wp\/v2\/pages\/3095521\/revisions"}],"wp:attachment":[{"href":"https:\/\/expertworldtravel.com\/de\/wp-json\/wp\/v2\/media?parent=3095521"}],"wp:term":[{"taxonomy":"category","embeddable":true,"href":"https:\/\/expertworldtravel.com\/de\/wp-json\/wp\/v2\/categories?post=3095521"}],"curies":[{"name":"wp","href":"https:\/\/api.w.org\/{rel}","templated":true}]}}