{"id":3095526,"date":"2023-02-06T02:23:42","date_gmt":"2023-02-06T02:23:42","guid":{"rendered":"https:\/\/expertworldtravel.com\/einloesen-krisflyer-miles\/"},"modified":"2023-03-04T18:45:41","modified_gmt":"2023-03-04T18:45:41","slug":"einloesen-krisflyer-miles","status":"publish","type":"page","link":"https:\/\/expertworldtravel.com\/de\/einloesen-krisflyer-miles\/","title":{"rendered":"8 lustige M\u00f6glichkeiten, Ihre SIA KrisFlyer-Meilen zu verwenden"},"content":{"rendered":"<p>Jetzt haben Sie also angefangen, viele Meilen auf Ihrem KrisFlyer-Konto zu sammeln. Jetzt fragen Sie sich, was Sie mit ihnen machen k\u00f6nnen <a href=\"https:\/\/expertworldtravel.com\/krisflyer-miles-expiry\/\" target=\"_blank\" rel=\"noopener\">, bevor sie ablaufen<\/a>!<\/p>\n<p>Es gibt viele verschiedene M\u00f6glichkeiten, Ihre Meilen mit Ihrer KrisFlyer-Mitgliedschaft einzul\u00f6sen. Von Fl\u00fcgen und Upgrades bis hin zum Kauf von Geschenken, Hotels oder Reisen.&nbsp;<\/p>\n<div class=\"mceTemp\">Schauen wir uns alle Optionen und <a href=\"https:\/\/expertworldtravel.com\/benefits-singapore-airlines-krisflyer\/\" target=\"_blank\" rel=\"noopener\">Vorteile, die Sie nutzen k\u00f6nnen<\/a>, einmal genauer an.<\/div>\n<h2>Singapore Airlines Fl\u00fcge<\/h2>\n<p>Die einfachste und g\u00e4ngigste Art, Ihre KrisFlyer-Meilen einzul\u00f6sen, ist die Buchung eines Pr\u00e4mienflugs. Sie k\u00f6nnen fast \u00fcberall auf der Welt nach und von Singapur fliegen. Die billigste Option betr\u00e4gt zum Zeitpunkt der Erstellung dieses Artikels 15.000 Meilen. Dies f\u00fchrt Sie zu den n\u00e4chsten Nachbarn von Singapur (Malaysia, Indonesien und Brunei).<\/p>\n<p>Die teuerste Option, die Sie w\u00e4hlen k\u00f6nnen, sind 302.500 Meilen f\u00fcr eine Suite von Singapur in die USA. Die <a href=\"https:\/\/www.singaporeair.com\/saar5\/pdf\/ppsclub_krisflyer\/charts\/SQ_AwdChart.pdf\" target=\"_blank\" rel=\"noopener\">vollst\u00e4ndige Tabelle der Auszeichnungen finden Sie hier<\/a>. Sie k\u00f6nnen aber auch den Meilenrechner verwenden, um ganz sicher zu gehen, dass Sie richtig liegen.<\/p>\n<div id=\"attachment_3094764\" style=\"width: 510px\" class=\"wp-caption aligncenter\"><img aria-describedby=\"caption-attachment-3094764\" decoding=\"async\" loading=\"lazy\" class=\"size-medium wp-image-3079493\" src=\"https:\/\/expertworldtravel.com\/wp-content\/uploads\/2023\/02\/krisflyer-sia-miles-calculator-500x156.jpg\" alt=\"Miles einl\u00f6sen - Rechner\" width=\"500\" height=\"156\" srcset=\"https:\/\/expertworldtravel.com\/wp-content\/uploads\/2023\/02\/krisflyer-sia-miles-calculator-500x156.jpg 500w, https:\/\/expertworldtravel.com\/wp-content\/uploads\/2023\/02\/krisflyer-sia-miles-calculator-300x93.jpg 300w, https:\/\/expertworldtravel.com\/wp-content\/uploads\/2023\/02\/krisflyer-sia-miles-calculator-768x239.jpg 768w, https:\/\/expertworldtravel.com\/wp-content\/uploads\/2023\/02\/krisflyer-sia-miles-calculator-80x25.jpg 80w, https:\/\/expertworldtravel.com\/wp-content\/uploads\/2023\/02\/krisflyer-sia-miles-calculator-220x68.jpg 220w, https:\/\/expertworldtravel.com\/wp-content\/uploads\/2023\/02\/krisflyer-sia-miles-calculator-250x78.jpg 250w, https:\/\/expertworldtravel.com\/wp-content\/uploads\/2023\/02\/krisflyer-sia-miles-calculator-280x87.jpg 280w, https:\/\/expertworldtravel.com\/wp-content\/uploads\/2023\/02\/krisflyer-sia-miles-calculator-510x159.jpg 510w, https:\/\/expertworldtravel.com\/wp-content\/uploads\/2023\/02\/krisflyer-sia-miles-calculator-750x233.jpg 750w, https:\/\/expertworldtravel.com\/wp-content\/uploads\/2023\/02\/krisflyer-sia-miles-calculator.jpg 800w\" sizes=\"(max-width: 500px) 100vw, 500px\" \/><p id=\"caption-attachment-3094764\" class=\"wp-caption-text\">KrisFlyer-Meilen-Rechner f\u00fcr die Buchung von Fl\u00fcgen<\/p><\/div>\n<p>Wenn Sie mit der g\u00fcnstigeren Fluggesellschaft Scoot von Singapore Airlines fliegen, k\u00f6nnen Sie auch Bargeld und Meilen kombinieren, um den Flug zu bezahlen.<\/p>\n<h2>Upgrades f\u00fcr Singapur-Fl\u00fcge<\/h2>\n<p>Upgrades sind immer eine gute M\u00f6glichkeit, Ihre KrisFlyer-Meilen optimal zu nutzen. Warum sollten Sie nicht etwas mehr ausgeben und sich einen Premium Economy oder Business Class Sitzplatz g\u00f6nnen, wenn Sie nur f\u00fcr Economy bezahlt haben? Klingt gut, oder?<\/p>\n<p>Es kann in vielen Teilen der Welt recht kosteng\u00fcnstig sein, und Singapore Airlines <a href=\"https:\/\/www.singaporeair.com\/saar5\/pdf\/ppsclub_krisflyer\/charts\/SQ_OneWayUpgradeCharts.pdf\" target=\"_blank\" rel=\"noopener\">bietet eine Tabelle<\/a> an, aus der Sie ersehen k\u00f6nnen, was es Sie kosten w\u00fcrde.<\/p>\n<p>Einige Beispiele sind<\/p>\n<ul>\n<li>ein Premium Economy Upgrade von Singapur &#8211; Westk\u00fcste USA f\u00fcr 50.500 Meilen.<\/li>\n<li>ein Business Class Upgrade von Singapur nach Australien f\u00fcr 86.500 Meilen<\/li>\n<\/ul>\n<h2>Partner-Airlines-Fl\u00fcge<\/h2>\n<p>Falls Sie es noch nicht wussten: Singapore Airlines ist Teil der so genannten <a href=\"https:\/\/www.staralliance.com\/\" target=\"_blank\" rel=\"noopener\">Star Alliance<\/a>. Es handelt sich um eine Partnerschaft zwischen einigen der 26 gr\u00f6\u00dften Fluggesellschaften der Welt. Dazu geh\u00f6ren Top-Fluggesellschaften wie Swiss, United, Air Canada, SAS, TAP, Air China, Austrian und viele mehr.<\/p>\n<p>Der gro\u00dfe Vorteil f\u00fcr Sie als KrisFlyer-Mitglied ist, dass Sie mit Ihren KrisFlyer-Meilen nicht nur Fl\u00fcge mit Singapore Airlines buchen k\u00f6nnen. Aber auch mit jedem anderen Mitglied der Star Alliance. Wie bei den meisten Fluggesellschaften ist die Anzahl der Pl\u00e4tze in jeder Klasse und auf jedem Flug nat\u00fcrlich begrenzt. Es lohnt sich also immer, <a href=\"https:\/\/www.singaporeair.com\/en_UK\/au\/ppsclub-krisflyer\/use-miles\/redeem-miles\/\" target=\"_blank\" rel=\"noopener\">fr\u00fchzeitig zu buchen<\/a>.&nbsp;<\/p>\n<p>Die M\u00f6glichkeit besteht jedoch immer. Ja, Sie k\u00f6nnen mit SIA oder Scoot fliegen, aber auch ein Upgrade erhalten oder mit einem Star Alliance-Mitglied fliegen. Das ist eine Win-Win-Win-Situation!<\/p>\n<h2>Hotelaufenthalte<\/h2>\n<div id=\"attachment_3094761\" style=\"width: 510px\" class=\"wp-caption aligncenter\"><img aria-describedby=\"caption-attachment-3094761\" decoding=\"async\" loading=\"lazy\" class=\"size-medium wp-image-3079491\" src=\"https:\/\/expertworldtravel.com\/wp-content\/uploads\/2023\/02\/vrooms-hotel-stays-krisflyer-500x251.jpg\" alt=\"KrisFlyer vRooms Hotel Optionen\" width=\"500\" height=\"251\" srcset=\"https:\/\/expertworldtravel.com\/wp-content\/uploads\/2023\/02\/vrooms-hotel-stays-krisflyer-500x251.jpg 500w, https:\/\/expertworldtravel.com\/wp-content\/uploads\/2023\/02\/vrooms-hotel-stays-krisflyer-300x150.jpg 300w, https:\/\/expertworldtravel.com\/wp-content\/uploads\/2023\/02\/vrooms-hotel-stays-krisflyer-768x385.jpg 768w, https:\/\/expertworldtravel.com\/wp-content\/uploads\/2023\/02\/vrooms-hotel-stays-krisflyer-80x40.jpg 80w, https:\/\/expertworldtravel.com\/wp-content\/uploads\/2023\/02\/vrooms-hotel-stays-krisflyer-220x110.jpg 220w, https:\/\/expertworldtravel.com\/wp-content\/uploads\/2023\/02\/vrooms-hotel-stays-krisflyer-200x100.jpg 200w, https:\/\/expertworldtravel.com\/wp-content\/uploads\/2023\/02\/vrooms-hotel-stays-krisflyer-280x140.jpg 280w, https:\/\/expertworldtravel.com\/wp-content\/uploads\/2023\/02\/vrooms-hotel-stays-krisflyer-475x238.jpg 475w, https:\/\/expertworldtravel.com\/wp-content\/uploads\/2023\/02\/vrooms-hotel-stays-krisflyer-750x376.jpg 750w, https:\/\/expertworldtravel.com\/wp-content\/uploads\/2023\/02\/vrooms-hotel-stays-krisflyer.jpg 800w\" sizes=\"(max-width: 500px) 100vw, 500px\" \/><p id=\"caption-attachment-3094761\" class=\"wp-caption-text\">KrisFlyer vRooms Hotel Optionen<\/p><\/div>\n<p>Die Unterkunft geh\u00f6rt zu den Dingen, die einen Urlaub ausmachen oder zunichte machen. Und was gibt es Sch\u00f6neres, als nach einem Freiflug mit KrisFlyer-Meilen eine Nacht mit weiteren Freimeilen zu verbringen?<\/p>\n<p>KrisFlyer hat eine spezielle Website f\u00fcr Hotels und Autovermietungen namens <a href=\"https:\/\/krisflyervrooms.com\/hotel\/\" target=\"_blank\" rel=\"noopener\">vRooms<\/a>. Und mit mehr als 350.000 einzigartigen Objekten (verr\u00fcckt, ich wei\u00df) werden Sie immer eine tolle Unterkunft finden, egal wohin Sie reisen.<\/p>\n<p>Sie k\u00f6nnen auch Bargeld mit Meilen kombinieren, was sehr praktisch ist.<\/p>\n<h2>Autovermietung<\/h2>\n<p>Ja, KrisFlyer hat sich bem\u00fcht, immer mehr M\u00f6glichkeiten zu finden, wie Sie Ihre Meilen einl\u00f6sen k\u00f6nnen. Und was gibt es Besseres, als Ihren Hotelaufenthalt und Ihren Flug zu erg\u00e4nzen, als ein Auto zu mieten, wenn Sie ankommen. <a href=\"https:\/\/krisflyervrooms.com\/\" target=\"_blank\" rel=\"noopener\">KrisFlyer vRooms<\/a> ist die Website, auf der Sie das perfekte Fahrzeug f\u00fcr Ihre Ankunft finden.<\/p>\n<p>Auf der Website von KrisFlyer hei\u00dft es, dass Sie bereits mit 1500 Meilen gro\u00dfe Rabatte bei Anmietungen erhalten k\u00f6nnen. Sicher, das Auto ist vielleicht nicht kostenlos, wenn Sie nicht viele Kilometer zur\u00fccklegen. Aber es hilft!<\/p>\n<h2>Geben Sie Ihre Meilen in SIAs KrisShop aus<\/h2>\n<div id=\"attachment_3094759\" style=\"width: 510px\" class=\"wp-caption aligncenter\"><img aria-describedby=\"caption-attachment-3094759\" decoding=\"async\" loading=\"lazy\" class=\"size-medium wp-image-3079490\" src=\"https:\/\/expertworldtravel.com\/wp-content\/uploads\/2023\/02\/krisshop-brands-500x206.jpg\" alt=\"KrisShop Marken\" width=\"500\" height=\"206\" srcset=\"https:\/\/expertworldtravel.com\/wp-content\/uploads\/2023\/02\/krisshop-brands-500x206.jpg 500w, https:\/\/expertworldtravel.com\/wp-content\/uploads\/2023\/02\/krisshop-brands-300x124.jpg 300w, https:\/\/expertworldtravel.com\/wp-content\/uploads\/2023\/02\/krisshop-brands-768x317.jpg 768w, https:\/\/expertworldtravel.com\/wp-content\/uploads\/2023\/02\/krisshop-brands-80x33.jpg 80w, https:\/\/expertworldtravel.com\/wp-content\/uploads\/2023\/02\/krisshop-brands-220x91.jpg 220w, https:\/\/expertworldtravel.com\/wp-content\/uploads\/2023\/02\/krisshop-brands-242x100.jpg 242w, https:\/\/expertworldtravel.com\/wp-content\/uploads\/2023\/02\/krisshop-brands-280x116.jpg 280w, https:\/\/expertworldtravel.com\/wp-content\/uploads\/2023\/02\/krisshop-brands-510x210.jpg 510w, https:\/\/expertworldtravel.com\/wp-content\/uploads\/2023\/02\/krisshop-brands-750x309.jpg 750w, https:\/\/expertworldtravel.com\/wp-content\/uploads\/2023\/02\/krisshop-brands.jpg 800w\" sizes=\"(max-width: 500px) 100vw, 500px\" \/><p id=\"caption-attachment-3094759\" class=\"wp-caption-text\">KrisShop Marken<\/p><\/div>\n<p>Wenn Sie noch ein paar Meilen \u00fcbrig haben, die Sie nicht ausgeben wollen oder in n\u00e4chster Zeit nicht in den Urlaub fahren k\u00f6nnen, dann ist der <a href=\"https:\/\/www.krisshop.com\/en\" target=\"_blank\" rel=\"noopener\">Singapore Airlines KrisShop<\/a> der ideale Weg, um Ihre Meilen zu verwerten. Sie haben eine riesige Auswahl an Artikeln und Marken. Au\u00dferdem gibt es dort oft tolle Angebote.<\/p>\n<p>Sie k\u00f6nnen auch an Bord Ihrer Fl\u00fcge ausgeben. Vielleicht erinnern Sie sich an die Ank\u00fcndigung von Duty-Free auf Fl\u00fcgen mit SIA. Das ist auch der KrisShop. Die M\u00f6glichkeiten sind also nahezu unbegrenzt.<\/p>\n<h2>KrisFlyer-Erfahrungen<\/h2>\n<div id=\"attachment_3094757\" style=\"width: 510px\" class=\"wp-caption aligncenter\"><img aria-describedby=\"caption-attachment-3094757\" decoding=\"async\" loading=\"lazy\" class=\"size-medium wp-image-3079487\" src=\"https:\/\/expertworldtravel.com\/wp-content\/uploads\/2023\/02\/singapore-arilines-experiences-500x406.jpg\" alt=\"Singapore Airlines Erlebnisse\" width=\"500\" height=\"406\" srcset=\"https:\/\/expertworldtravel.com\/wp-content\/uploads\/2023\/02\/singapore-arilines-experiences-500x406.jpg 500w, https:\/\/expertworldtravel.com\/wp-content\/uploads\/2023\/02\/singapore-arilines-experiences-300x244.jpg 300w, https:\/\/expertworldtravel.com\/wp-content\/uploads\/2023\/02\/singapore-arilines-experiences-768x624.jpg 768w, https:\/\/expertworldtravel.com\/wp-content\/uploads\/2023\/02\/singapore-arilines-experiences-80x65.jpg 80w, https:\/\/expertworldtravel.com\/wp-content\/uploads\/2023\/02\/singapore-arilines-experiences-220x179.jpg 220w, https:\/\/expertworldtravel.com\/wp-content\/uploads\/2023\/02\/singapore-arilines-experiences-123x100.jpg 123w, https:\/\/expertworldtravel.com\/wp-content\/uploads\/2023\/02\/singapore-arilines-experiences-185x150.jpg 185w, https:\/\/expertworldtravel.com\/wp-content\/uploads\/2023\/02\/singapore-arilines-experiences-293x238.jpg 293w, https:\/\/expertworldtravel.com\/wp-content\/uploads\/2023\/02\/singapore-arilines-experiences-511x415.jpg 511w, https:\/\/expertworldtravel.com\/wp-content\/uploads\/2023\/02\/singapore-arilines-experiences-599x487.jpg 599w, https:\/\/expertworldtravel.com\/wp-content\/uploads\/2023\/02\/singapore-arilines-experiences-732x595.jpg 732w, https:\/\/expertworldtravel.com\/wp-content\/uploads\/2023\/02\/singapore-arilines-experiences.jpg 800w\" sizes=\"(max-width: 500px) 100vw, 500px\" \/><p id=\"caption-attachment-3094757\" class=\"wp-caption-text\">Singapore Airlines Erlebnisse<\/p><\/div>\n<p>Singapore Airlines hat auf ihrer Website auch eine Reihe <a href=\"https:\/\/krisflyerexperiences.com\/\" target=\"_blank\" rel=\"noopener\">einzigartiger Erlebnisse<\/a> zusammengestellt, f\u00fcr die Sie Ihre KrisFlyer-Meilen verwenden k\u00f6nnen. Sie variiert von Monat zu Monat und Jahr zu Jahr und h\u00e4ngt auch davon ab, wo Sie wohnen. Schlie\u00dflich haben Sie vielleicht Zugang zu einem K-Pop-Konzert, leben aber nicht in S\u00fcdkorea, oder Sie haben ein Angebot f\u00fcr einen Besuch in Disneyland in den USA, leben aber in Australien. Singapore Airlines tut jedoch ihr Bestes, um eine Reihe von Erfahrungen anzubieten. Schauen Sie doch mal vorbei und \u00fcberpr\u00fcfen Sie sie.<\/p>\n<h2>Verbringen Sie Ihren Aufenthalt in Singapur mit Kris+<\/h2>\n<div id=\"attachment_3094755\" style=\"width: 510px\" class=\"wp-caption aligncenter\"><img aria-describedby=\"caption-attachment-3094755\" decoding=\"async\" loading=\"lazy\" class=\"size-medium wp-image-3079486\" src=\"https:\/\/expertworldtravel.com\/wp-content\/uploads\/2023\/02\/sia-kris-app-500x257.jpg\" alt=\"Kris+ App\" width=\"500\" height=\"257\" srcset=\"https:\/\/expertworldtravel.com\/wp-content\/uploads\/2023\/02\/sia-kris-app-500x257.jpg 500w, https:\/\/expertworldtravel.com\/wp-content\/uploads\/2023\/02\/sia-kris-app-300x154.jpg 300w, https:\/\/expertworldtravel.com\/wp-content\/uploads\/2023\/02\/sia-kris-app-768x394.jpg 768w, https:\/\/expertworldtravel.com\/wp-content\/uploads\/2023\/02\/sia-kris-app-80x41.jpg 80w, https:\/\/expertworldtravel.com\/wp-content\/uploads\/2023\/02\/sia-kris-app-220x113.jpg 220w, https:\/\/expertworldtravel.com\/wp-content\/uploads\/2023\/02\/sia-kris-app-195x100.jpg 195w, https:\/\/expertworldtravel.com\/wp-content\/uploads\/2023\/02\/sia-kris-app-280x144.jpg 280w, https:\/\/expertworldtravel.com\/wp-content\/uploads\/2023\/02\/sia-kris-app-464x238.jpg 464w, https:\/\/expertworldtravel.com\/wp-content\/uploads\/2023\/02\/sia-kris-app-750x385.jpg 750w, https:\/\/expertworldtravel.com\/wp-content\/uploads\/2023\/02\/sia-kris-app.jpg 799w\" sizes=\"(max-width: 500px) 100vw, 500px\" \/><p id=\"caption-attachment-3094755\" class=\"wp-caption-text\">Kris+ App<\/p><\/div>\n<p>Singapore Airlines hat das Einl\u00f6sen von Meilen w\u00e4hrend eines Besuchs in Singapur vereinfacht. Mit der <a href=\"https:\/\/www.singaporeair.com\/en_UK\/us\/ppsclub-krisflyer\/use-miles\/krisplus\/\" target=\"_blank\" rel=\"noopener\">Kris+ App<\/a> k\u00f6nnen Sie Ihre Meilen in der Stadt bei \u00fcber <a href=\"https:\/\/www.singaporeair.com\/en_UK\/sg\/ppsclub-krisflyer\/use-miles\/krispay\/partners-promotion\/\" target=\"_blank\" rel=\"noopener\">1000 Partnern<\/a> auf der Insel einl\u00f6sen. Das bedeutet, dass Sie w\u00e4hrend Ihres Besuchs einkaufen, essen gehen oder andere Dinge tun k\u00f6nnen.<\/p>\n<p>Und SIA hat das Angebot noch attraktiver gemacht: 6 % Pr\u00e4mie auf Meilen, die in der App ausgegeben werden, und eine t\u00e4gliche Bonusverlosung f\u00fcr Vielflieger.<\/p>\n<h2>Spenden Sie Ihre KrisFlyer-Meilen<\/h2>\n<p>Wenn Sie mit Ihren Singapore Airline-Meilen etwas Gutes tun m\u00f6chten, k\u00f6nnen Sie sie spenden. Bereits seit 2017 arbeitet die SIA mit der <a href=\"https:\/\/www.singaporeair.com\/en_UK\/sg\/ppsclub-krisflyer\/use-miles\/donate-miles\/?utm_source=brandedmicrosite&amp;utm_medium=article&amp;utm_campaign=donatemiles\" target=\"_blank\" rel=\"noopener\">Make A Wish Foundation<\/a> in Singapur zusammen. Sie unterst\u00fctzen W\u00fcnsche f\u00fcr Kinder mit lebensbedrohlichen Krankheiten.<\/p>\n<p>Vielleicht haben Sie diese Organisation schon in anderen L\u00e4ndern gesehen. Die Idee ist gro\u00dfartig. Kinder, die schwer krank sind und oft keine langfristigen Aussichten haben, erhalten Hoffnung und Unterst\u00fctzung, indem sie ihren Traum verwirklichen k\u00f6nnen. Sie gehen zu ihrer Lieblingsband und treffen den Leads\u00e4nger. Etwas zu tun, wovon sie schon immer getr\u00e4umt haben, oder einfach ihr Schlafzimmer neu zu gestalten. Kein Wunsch ist zu verr\u00fcckt!<\/p>\n","protected":false},"excerpt":{"rendered":"<p>Jetzt haben Sie also angefangen, viele Meilen auf Ihrem KrisFlyer-Konto zu sammeln. Jetzt fragen Sie sich, was Sie mit ihnen machen k\u00f6nnen , bevor sie ablaufen! Es gibt viele verschiedene M\u00f6glichkeiten, Ihre Meilen mit Ihrer KrisFlyer-Mitgliedschaft einzul\u00f6sen. Von Fl\u00fcgen und Upgrades bis hin zum Kauf von Geschenken, Hotels oder Reisen.&nbsp; Schauen wir uns alle Optionen [&hellip;]<\/p>\n","protected":false},"author":6,"featured_media":0,"parent":0,"menu_order":0,"comment_status":"closed","ping_status":"closed","template":"","meta":{"_lmt_disableupdate":"","_lmt_disable":""},"categories":[],"acf":[],"_links":{"self":[{"href":"https:\/\/expertworldtravel.com\/de\/wp-json\/wp\/v2\/pages\/3095526"}],"collection":[{"href":"https:\/\/expertworldtravel.com\/de\/wp-json\/wp\/v2\/pages"}],"about":[{"href":"https:\/\/expertworldtravel.com\/de\/wp-json\/wp\/v2\/types\/page"}],"author":[{"embeddable":true,"href":"https:\/\/expertworldtravel.com\/de\/wp-json\/wp\/v2\/users\/6"}],"replies":[{"embeddable":true,"href":"https:\/\/expertworldtravel.com\/de\/wp-json\/wp\/v2\/comments?post=3095526"}],"version-history":[{"count":0,"href":"https:\/\/expertworldtravel.com\/de\/wp-json\/wp\/v2\/pages\/3095526\/revisions"}],"wp:attachment":[{"href":"https:\/\/expertworldtravel.com\/de\/wp-json\/wp\/v2\/media?parent=3095526"}],"wp:term":[{"taxonomy":"category","embeddable":true,"href":"https:\/\/expertworldtravel.com\/de\/wp-json\/wp\/v2\/categories?post=3095526"}],"curies":[{"name":"wp","href":"https:\/\/api.w.org\/{rel}","templated":true}]}}