{"id":3095779,"date":"2023-03-06T19:34:20","date_gmt":"2023-03-06T19:34:20","guid":{"rendered":"https:\/\/expertworldtravel.com\/airalo-alternativ\/"},"modified":"2023-03-07T16:13:30","modified_gmt":"2023-03-07T16:13:30","slug":"airalo-alternativ","status":"publish","type":"page","link":"https:\/\/expertworldtravel.com\/de\/airalo-alternativ\/","title":{"rendered":"Beste Airalo-Alternative eSim (Flexible Daten)"},"content":{"rendered":"<p>Airalo ist einer der beliebtesten eSim-Anbieter im Internet mit Dutzenden von verschiedenen Prepaid-eSIm-Datenpaketen f\u00fcr die meisten wichtigen Ziele.<\/p>\n<p>Es gibt jedoch zahlreiche Alternativen zu Airalo, von denen einige g\u00fcnstiger sind oder mehr Datenvolumen bieten. Andere decken L\u00e4nder ab, die Airalo mit seinen eSims einfach nicht abdeckt.<\/p>\n<p>Im Folgenden habe ich einige der besten Alternativen zu Airalo f\u00fcr verschiedene Situationen zusammengestellt. Ich habe sie nach ihren St\u00e4rken gekennzeichnet, um Ihnen die Entscheidung zu erleichtern, welche Option f\u00fcr Sie die beste ist.<\/p>\n","protected":false},"excerpt":{"rendered":"<p>Airalo ist einer der beliebtesten eSim-Anbieter im Internet mit Dutzenden von verschiedenen Prepaid-eSIm-Datenpaketen f\u00fcr die meisten wichtigen Ziele. Es gibt jedoch zahlreiche Alternativen zu Airalo, von denen einige g\u00fcnstiger sind oder mehr Datenvolumen bieten. Andere decken L\u00e4nder ab, die Airalo mit seinen eSims einfach nicht abdeckt. Im Folgenden habe ich einige der besten Alternativen zu [&hellip;]<\/p>\n","protected":false},"author":2,"featured_media":0,"parent":0,"menu_order":0,"comment_status":"closed","ping_status":"closed","template":"best-template.php","meta":{"_lmt_disableupdate":"no","_lmt_disable":""},"categories":[600145,600149],"acf":[],"_links":{"self":[{"href":"https:\/\/expertworldtravel.com\/de\/wp-json\/wp\/v2\/pages\/3095779"}],"collection":[{"href":"https:\/\/expertworldtravel.com\/de\/wp-json\/wp\/v2\/pages"}],"about":[{"href":"https:\/\/expertworldtravel.com\/de\/wp-json\/wp\/v2\/types\/page"}],"author":[{"embeddable":true,"href":"https:\/\/expertworldtravel.com\/de\/wp-json\/wp\/v2\/users\/2"}],"replies":[{"embeddable":true,"href":"https:\/\/expertworldtravel.com\/de\/wp-json\/wp\/v2\/comments?post=3095779"}],"version-history":[{"count":0,"href":"https:\/\/expertworldtravel.com\/de\/wp-json\/wp\/v2\/pages\/3095779\/revisions"}],"wp:attachment":[{"href":"https:\/\/expertworldtravel.com\/de\/wp-json\/wp\/v2\/media?parent=3095779"}],"wp:term":[{"taxonomy":"category","embeddable":true,"href":"https:\/\/expertworldtravel.com\/de\/wp-json\/wp\/v2\/categories?post=3095779"}],"curies":[{"name":"wp","href":"https:\/\/api.w.org\/{rel}","templated":true}]}}