{"id":3095783,"date":"2023-02-19T03:00:31","date_gmt":"2023-02-19T03:00:31","guid":{"rendered":"https:\/\/expertworldtravel.com\/airalo-vs-holafly\/"},"modified":"2025-01-08T12:18:09","modified_gmt":"2025-01-08T12:18:09","slug":"airalo-oder-holafly","status":"publish","type":"page","link":"https:\/\/expertworldtravel.com\/de\/airalo-oder-holafly\/","title":{"rendered":"Airalo vs. Holafly eSims: Was ist besser?"},"content":{"rendered":"<p><a href=\"https:\/\/airalo.pxf.io\/Jre17v\" target=\"_blank\" rel=\"noopener\">Airalo<\/a> und <a href=\"https:\/\/airalo.pxf.io\/Jre17v\" target=\"_blank\" rel=\"noopener\">Holafly<\/a> sind zwei der f\u00fchrenden eSim-Anbieter auf dem Markt und Sie fragen sich vielleicht, welcher der richtige f\u00fcr Sie ist.<\/p>\n<p>Beide bieten viele verschiedene Prepaid-eSim-Datenpakete f\u00fcr L\u00e4nder und Regionen in der ganzen Welt an. Jedes hat seine Vor- und Nachteile, so dass es sich lohnt, sich zu informieren, welches System f\u00fcr Ihr Reiseziel oder Ihren Datenbedarf geeignet ist.<\/p>\n<p>Im Folgenden werde ich eine kurze Zusammenfassung der Vor- und Nachteile der einzelnen Angebote geben und dann etwas n\u00e4her auf die Preise der eSim-Pakete und die L\u00e4nderabdeckung eingehen.<\/p>\n<h2>Airalo Pro &amp; Kontra<\/h2>\n<p><img decoding=\"async\" loading=\"lazy\" class=\"aligncenter size-medium wp-image-3095145\" src=\"https:\/\/expertworldtravel.com\/wp-content\/uploads\/2023\/02\/airalo-esims-500x144.jpg\" alt=\"Airalo eSims\" width=\"500\" height=\"144\" srcset=\"https:\/\/expertworldtravel.com\/wp-content\/uploads\/2023\/02\/airalo-esims-500x144.jpg 500w, https:\/\/expertworldtravel.com\/wp-content\/uploads\/2023\/02\/airalo-esims-300x87.jpg 300w, https:\/\/expertworldtravel.com\/wp-content\/uploads\/2023\/02\/airalo-esims-768x222.jpg 768w, https:\/\/expertworldtravel.com\/wp-content\/uploads\/2023\/02\/airalo-esims-80x23.jpg 80w, https:\/\/expertworldtravel.com\/wp-content\/uploads\/2023\/02\/airalo-esims-220x64.jpg 220w, https:\/\/expertworldtravel.com\/wp-content\/uploads\/2023\/02\/airalo-esims-250x72.jpg 250w, https:\/\/expertworldtravel.com\/wp-content\/uploads\/2023\/02\/airalo-esims-280x81.jpg 280w, https:\/\/expertworldtravel.com\/wp-content\/uploads\/2023\/02\/airalo-esims-510x147.jpg 510w, https:\/\/expertworldtravel.com\/wp-content\/uploads\/2023\/02\/airalo-esims-750x217.jpg 750w, https:\/\/expertworldtravel.com\/wp-content\/uploads\/2023\/02\/airalo-esims.jpg 800w\" sizes=\"(max-width: 500px) 100vw, 500px\" \/><\/p>\n<p><a href=\"https:\/\/airalo.pxf.io\/Jre17v\" target=\"_blank\" rel=\"nofollow noopener\">Airalo ist eines der beliebtesten eSim-Unternehmen<\/a> \u00fcberhaupt. Und ich kann nur best\u00e4tigen, dass sie gro\u00dfartig sind. Ich bin in den letzten Monaten viel gereist und habe ihre Pl\u00e4ne in verschiedenen L\u00e4ndern genutzt.<\/p>\n<p>Ich sch\u00e4tze die flexiblen Pakete (kleine bis mittlere Datenpakete in den meisten L\u00e4ndern) und die einfache Nutzung und Erneuerung unterwegs. Aber ich dachte, ich fasse mal zusammen, was an Airalo toll und was nicht so toll ist:<\/p>\n<h3>Profis<\/h3>\n<ul>\n<li>Niedrige Preise pro Gig, auch f\u00fcr nur 1 GB<\/li>\n<li>Sie k\u00f6nnen \u00fcber das Internet oder die App kaufen, verl\u00e4ngern oder aktualisieren.<\/li>\n<li>Anst\u00e4ndige Liste der abgedeckten L\u00e4nder (84+) und Regionen<\/li>\n<li>Globale Pakete sind preisg\u00fcnstig<\/li>\n<li>Sie senden Ihnen Warnungen bei niedrigem Datenvolumen oder auslaufenden Pl\u00e4nen<\/li>\n<\/ul>\n<h3>Nachteile<\/h3>\n<ul>\n<li>Nicht alle L\u00e4nder sind billig pro GB<\/li>\n<li>Datenpakete sind maximal 30 Tage g\u00fcltig.<\/li>\n<\/ul>\n<div class=\"product-section-button\"><a href=\"https:\/\/airalo.pxf.io\/Jre17v\" rel=\"nofollow noopener\" target=\"_blank\">SIEHE PREISE AUF AIRALO<\/a><\/div>\n<h2>Holafly Pro &amp; Kontra<\/h2>\n<p><img decoding=\"async\" loading=\"lazy\" class=\"aligncenter size-medium wp-image-3095148\" src=\"https:\/\/expertworldtravel.com\/wp-content\/uploads\/2023\/02\/holafly-esims-500x197.jpg\" alt=\"Holafly eSims\" width=\"500\" height=\"197\" srcset=\"https:\/\/expertworldtravel.com\/wp-content\/uploads\/2023\/02\/holafly-esims-500x197.jpg 500w, https:\/\/expertworldtravel.com\/wp-content\/uploads\/2023\/02\/holafly-esims-300x118.jpg 300w, https:\/\/expertworldtravel.com\/wp-content\/uploads\/2023\/02\/holafly-esims-768x302.jpg 768w, https:\/\/expertworldtravel.com\/wp-content\/uploads\/2023\/02\/holafly-esims-80x32.jpg 80w, https:\/\/expertworldtravel.com\/wp-content\/uploads\/2023\/02\/holafly-esims-220x87.jpg 220w, https:\/\/expertworldtravel.com\/wp-content\/uploads\/2023\/02\/holafly-esims-250x98.jpg 250w, https:\/\/expertworldtravel.com\/wp-content\/uploads\/2023\/02\/holafly-esims-280x110.jpg 280w, https:\/\/expertworldtravel.com\/wp-content\/uploads\/2023\/02\/holafly-esims-510x201.jpg 510w, https:\/\/expertworldtravel.com\/wp-content\/uploads\/2023\/02\/holafly-esims-750x295.jpg 750w, https:\/\/expertworldtravel.com\/wp-content\/uploads\/2023\/02\/holafly-esims.jpg 800w\" sizes=\"(max-width: 500px) 100vw, 500px\" \/><\/p>\n<p>Holafly ist eher ein Neuling im eSim-Gesch\u00e4ft, aber sie haben viele Vorteile in L\u00e4ndern wie Europa, und sie sind die einzigen, die unbegrenzte Datenpakete anbieten, die ich finden konnte.<\/p>\n<h3>Profis<\/h3>\n<ul>\n<li>Unbegrenzte Daten f\u00fcr die wichtigsten Ziele (USA, Mexiko, Gro\u00dfbritannien, Europa)<\/li>\n<li>L\u00e4ngere Zeitr\u00e4ume f\u00fcr Pl\u00e4ne in den USA, Mexiko, Gro\u00dfbritannien und Europa (bis zu 90 Tage)<\/li>\n<li>Riesige Liste mit individuellen Pl\u00e4nen f\u00fcr 153 L\u00e4nder<\/li>\n<\/ul>\n<h3>Nachteile<\/h3>\n<ul>\n<li>Sie k\u00f6nnen einen Plan nicht verl\u00e4ngern, sondern m\u00fcssen einen neuen kaufen.<\/li>\n<li>Keine App zum \u00dcberwachen der Nutzung oder Erneuern\/Kaufen von Pl\u00e4nen<\/li>\n<\/ul>\n<div class=\"product-section-button\"><a href=\"https:\/\/holafly.sjv.io\/qzgGJY\" rel=\"nofollow noopener\" target=\"_blank\">SIEHE PREISE AUF HOLAFLY<\/a><\/div>\n<h2>Airalo vs. Holafly Preise<\/h2>\n<p>Es ist sinnvoll, die Preise der verschiedenen eSims von Holafly und Airalo zu vergleichen, um zu sehen, mit welchem Sie am meisten Geld sparen k\u00f6nnen.<\/p>\n<h3>Airalo Preise<\/h3>\n<div id=\"attachment_3095120\" style=\"width: 510px\" class=\"wp-caption aligncenter\"><img aria-describedby=\"caption-attachment-3095120\" decoding=\"async\" loading=\"lazy\" class=\"size-medium wp-image-3095119\" src=\"https:\/\/expertworldtravel.com\/wp-content\/uploads\/2023\/02\/airalo-europe-packages-500x162.jpg\" alt=\"Airalo Europa Preise\" width=\"500\" height=\"162\" srcset=\"https:\/\/expertworldtravel.com\/wp-content\/uploads\/2023\/02\/airalo-europe-packages-500x162.jpg 500w, https:\/\/expertworldtravel.com\/wp-content\/uploads\/2023\/02\/airalo-europe-packages-300x97.jpg 300w, https:\/\/expertworldtravel.com\/wp-content\/uploads\/2023\/02\/airalo-europe-packages-768x249.jpg 768w, https:\/\/expertworldtravel.com\/wp-content\/uploads\/2023\/02\/airalo-europe-packages-80x26.jpg 80w, https:\/\/expertworldtravel.com\/wp-content\/uploads\/2023\/02\/airalo-europe-packages-220x71.jpg 220w, https:\/\/expertworldtravel.com\/wp-content\/uploads\/2023\/02\/airalo-europe-packages-250x81.jpg 250w, https:\/\/expertworldtravel.com\/wp-content\/uploads\/2023\/02\/airalo-europe-packages-280x91.jpg 280w, https:\/\/expertworldtravel.com\/wp-content\/uploads\/2023\/02\/airalo-europe-packages-510x165.jpg 510w, https:\/\/expertworldtravel.com\/wp-content\/uploads\/2023\/02\/airalo-europe-packages-750x243.jpg 750w, https:\/\/expertworldtravel.com\/wp-content\/uploads\/2023\/02\/airalo-europe-packages.jpg 800w\" sizes=\"(max-width: 500px) 100vw, 500px\" \/><p id=\"caption-attachment-3095120\" class=\"wp-caption-text\">Airalo Europa Preise<\/p><\/div>\n<p>Die Pakete von Airaolo sind recht wettbewerbsf\u00e4hig, daher m\u00f6chte ich Ihnen einige Beispiele nennen:<\/p>\n<ul>\n<li><a href=\"https:\/\/airalo.pxf.io\/b34LXg\" target=\"_blank\" rel=\"nofollow noopener\">Spanien &#8211; 5 GB &#8211; 30 Tage-<\/a>$11,50 ($2,3 pro GB)<\/li>\n<li><a href=\"https:\/\/airalo.pxf.io\/2rbOD0\" target=\"_blank\" rel=\"nofollow noopener\">Isreal &#8211; 1 GB &#8211; 7 Tage<\/a> &#8211; 5,50 $ (5,5 $ pro GB)<\/li>\n<li>Gro\u00dfbritannien &#8211; 20 GB &#8211; 30 Tage &#8211; 36 $ (1,8 $ pro GB)<\/li>\n<li><a href=\"https:\/\/airalo.pxf.io\/vnGXM3\" target=\"_blank\" rel=\"nofollow noopener\">Aisa (13 L\u00e4nder) &#8211; 3 GB &#8211; 30 Tage<\/a> &#8211; $13.00 ($4.3 pro GB)<\/li>\n<li><a href=\"https:\/\/airalo.pxf.io\/Xx0ox4\" target=\"_blank\" rel=\"nofollow noopener\">Global (84 L\u00e4nder) &#8211; 5 GB &#8211; 30 Tage<\/a> &#8211; $35 ($7 pro GB)<\/li>\n<\/ul>\n<p>Je mehr Daten Sie kaufen, desto billiger wird es, wie Sie oben sehen k\u00f6nnen. Au\u00dferdem sind die Preise in den popul\u00e4reren und westlichen L\u00e4ndern tendenziell niedriger. Aber ehrlich gesagt, nachdem ich die meisten eSim-Anbieter \u00fcberpr\u00fcft habe, sind das die Preisvariationen, die sie alle haben.<\/p>\n<p>Airalo-Pakete kosten also zwischen 7 und 2 Dollar pro GB, je nachdem, in welchem Land \/ welcher Region und f\u00fcr welchen Zeitraum Sie sie nutzen m\u00f6chten.<\/p>\n<p><a href=\"https:\/\/airalo.pxf.io\/Jre17v\" target=\"_blank\" rel=\"nofollow noopener\"> Hier<\/a> k\u00f6nnen Sie alle<a href=\"https:\/\/airalo.pxf.io\/Jre17v\" target=\"_blank\" rel=\"nofollow noopener\"> Airalo-Pakete<\/a> sehen<\/p>\n<p><strong>Lesen Sie meine <a href=\"https:\/\/expertworldtravel.com\/airalo-review\/\" target=\"_blank\" rel=\"noopener\">vollst\u00e4ndige Bewertung von Airalo hier<\/a>.<\/strong><\/p>\n<div class=\"product-section-button\"><a href=\"https:\/\/airalo.pxf.io\/Jre17v\" rel=\"nofollow noopener\" target=\"_blank\">SIEHE PREISE AUF AIRALO<\/a><\/div>\n<h3>Holafly Preise<\/h3>\n<p><a href=\"https:\/\/holafly.sjv.io\/qzgGJY\" target=\"_blank\" rel=\"noopener\"><img decoding=\"async\" loading=\"lazy\" class=\"aligncenter wp-image-3142112 \" src=\"https:\/\/expertworldtravel.com\/wp-content\/uploads\/2025\/01\/holafly-prices.jpg\" alt=\"\" width=\"676\" height=\"322\" srcset=\"https:\/\/expertworldtravel.com\/wp-content\/uploads\/2025\/01\/holafly-prices.jpg 1818w, https:\/\/expertworldtravel.com\/wp-content\/uploads\/2025\/01\/holafly-prices-500x238.jpg 500w, https:\/\/expertworldtravel.com\/wp-content\/uploads\/2025\/01\/holafly-prices-1024x488.jpg 1024w, https:\/\/expertworldtravel.com\/wp-content\/uploads\/2025\/01\/holafly-prices-300x143.jpg 300w, https:\/\/expertworldtravel.com\/wp-content\/uploads\/2025\/01\/holafly-prices-768x366.jpg 768w, https:\/\/expertworldtravel.com\/wp-content\/uploads\/2025\/01\/holafly-prices-1536x732.jpg 1536w, https:\/\/expertworldtravel.com\/wp-content\/uploads\/2025\/01\/holafly-prices-80x38.jpg 80w, https:\/\/expertworldtravel.com\/wp-content\/uploads\/2025\/01\/holafly-prices-220x105.jpg 220w, https:\/\/expertworldtravel.com\/wp-content\/uploads\/2025\/01\/holafly-prices-210x100.jpg 210w, https:\/\/expertworldtravel.com\/wp-content\/uploads\/2025\/01\/holafly-prices-280x133.jpg 280w, https:\/\/expertworldtravel.com\/wp-content\/uploads\/2025\/01\/holafly-prices-750x357.jpg 750w, https:\/\/expertworldtravel.com\/wp-content\/uploads\/2025\/01\/holafly-prices-975x464.jpg 975w, https:\/\/expertworldtravel.com\/wp-content\/uploads\/2025\/01\/holafly-prices-1190x567.jpg 1190w\" sizes=\"(max-width: 676px) 100vw, 676px\" \/><\/a><\/p>\n<p><a href=\"https:\/\/holafly.sjv.io\/qzgGJY\" target=\"_blank\" rel=\"noopener\">Holafly ist der Fels in der Brandung<\/a>, wenn es um unbegrenzte Daten an Orten wie Europa geht, wie Sie auf dem Bild oben sehen k\u00f6nnen.<\/p>\n<ul>\n<li><a href=\"https:\/\/holafly.sjv.io\/xLnq41\" target=\"_blank\" rel=\"noopener\">Europa &#8211; 5 Tage &#8211; $20.9<\/a><\/li>\n<li><a href=\"https:\/\/holafly.sjv.io\/xLnq41\" target=\"_blank\" rel=\"noopener\">Europa &#8211; 14 Tage &#8211; $47.9<\/a><\/li>\n<li><a href=\"https:\/\/holafly.sjv.io\/xLnq41\" target=\"_blank\" rel=\"noopener\">Europa &#8211; 30 Tage &#8211; $74.9<\/a><\/li>\n<\/ul>\n<p>Vergleichen wir das mal mit einem Plan f\u00fcr ein eSim in Australien und Kanada:<\/p>\n<ul>\n<li><a href=\"https:\/\/holafly.sjv.io\/je1joP\" target=\"_blank\" rel=\"noopener\">7 Tage f\u00fcr $29.9<\/a><\/li>\n<li><a href=\"https:\/\/holafly.sjv.io\/je1joP\" target=\"_blank\" rel=\"noopener\">30 Tage f\u00fcr$74.9<\/a><\/li>\n<\/ul>\n<div class=\"product-section-button\"><a href=\"https:\/\/holafly.sjv.io\/qzgGJY\" rel=\"nofollow noopener\" target=\"_blank\">SIEHE PREISE AUF HOLAFLY<\/a><\/div>\n<h2>Airalo &amp; Holafly Anwendungen<\/h2>\n<p>Zum Gl\u00fcck bieten sowohl <a href=\"https:\/\/holafly.sjv.io\/qzgGJY\" target=\"_blank\" rel=\"noopener\">Holafly<\/a> als auch <a href=\"https:\/\/airalo.pxf.io\/Jre17v\" target=\"_blank\" rel=\"noopener\">Airalo<\/a> Apps an, mit denen Sie den Kauf und die Nutzung Ihrer eSim verwalten k\u00f6nnen. Das macht die Verwendung, Installation und Nachverfolgung von eSims so viel einfacher, als mit einer Website zu arbeiten oder zu erraten, wie Sie die Nutzung verfolgen.<\/p>\n<div id=\"attachment_3095226\" style=\"width: 510px\" class=\"wp-caption aligncenter\"><img aria-describedby=\"caption-attachment-3095226\" decoding=\"async\" loading=\"lazy\" class=\"size-medium wp-image-3095225\" src=\"https:\/\/expertworldtravel.com\/wp-content\/uploads\/2023\/02\/airalo-app-functions-500x250.jpg\" alt=\"Funktionen der Airalo-App\" width=\"500\" height=\"250\" srcset=\"https:\/\/expertworldtravel.com\/wp-content\/uploads\/2023\/02\/airalo-app-functions-500x250.jpg 500w, https:\/\/expertworldtravel.com\/wp-content\/uploads\/2023\/02\/airalo-app-functions-300x150.jpg 300w, https:\/\/expertworldtravel.com\/wp-content\/uploads\/2023\/02\/airalo-app-functions-768x384.jpg 768w, https:\/\/expertworldtravel.com\/wp-content\/uploads\/2023\/02\/airalo-app-functions-80x40.jpg 80w, https:\/\/expertworldtravel.com\/wp-content\/uploads\/2023\/02\/airalo-app-functions-220x110.jpg 220w, https:\/\/expertworldtravel.com\/wp-content\/uploads\/2023\/02\/airalo-app-functions-200x100.jpg 200w, https:\/\/expertworldtravel.com\/wp-content\/uploads\/2023\/02\/airalo-app-functions-280x140.jpg 280w, https:\/\/expertworldtravel.com\/wp-content\/uploads\/2023\/02\/airalo-app-functions-476x238.jpg 476w, https:\/\/expertworldtravel.com\/wp-content\/uploads\/2023\/02\/airalo-app-functions-750x375.jpg 750w, https:\/\/expertworldtravel.com\/wp-content\/uploads\/2023\/02\/airalo-app-functions.jpg 800w\" sizes=\"(max-width: 500px) 100vw, 500px\" \/><p id=\"caption-attachment-3095226\" class=\"wp-caption-text\">Funktionen der Airalo-App<\/p><\/div>\n<p><a href=\"https:\/\/airalo.pxf.io\/Jre17v\" target=\"_blank\" rel=\"noopener\">Airalo<\/a> hat zum Beispiel alle seine Pakete in <a href=\"https:\/\/apps.apple.com\/us\/app\/airalo-esim-phone-internet\/id1475911720\" target=\"_blank\" rel=\"noopener\">seiner App<\/a> und viele andere praktische Funktionen wie:<\/p>\n<ul>\n<li>Kaufen Sie eSims f\u00fcr sich oder andere<\/li>\n<li>eSims erneuern<\/li>\n<li>Verfolgung der eSim-Datennutzung und des Ablaufs<\/li>\n<li>Verwalten Sie Ihre Zahlung, Ihr Profil<\/li>\n<\/ul>\n<div id=\"attachment_3095228\" style=\"width: 510px\" class=\"wp-caption aligncenter\"><img aria-describedby=\"caption-attachment-3095228\" decoding=\"async\" loading=\"lazy\" class=\"size-medium wp-image-3095227\" src=\"https:\/\/expertworldtravel.com\/wp-content\/uploads\/2023\/02\/holafly-app-functions-500x359.jpg\" alt=\"Funktionen der Holafly-App\" width=\"500\" height=\"359\" srcset=\"https:\/\/expertworldtravel.com\/wp-content\/uploads\/2023\/02\/holafly-app-functions-500x359.jpg 500w, https:\/\/expertworldtravel.com\/wp-content\/uploads\/2023\/02\/holafly-app-functions-300x216.jpg 300w, https:\/\/expertworldtravel.com\/wp-content\/uploads\/2023\/02\/holafly-app-functions-768x552.jpg 768w, https:\/\/expertworldtravel.com\/wp-content\/uploads\/2023\/02\/holafly-app-functions-80x58.jpg 80w, https:\/\/expertworldtravel.com\/wp-content\/uploads\/2023\/02\/holafly-app-functions-220x158.jpg 220w, https:\/\/expertworldtravel.com\/wp-content\/uploads\/2023\/02\/holafly-app-functions-139x100.jpg 139w, https:\/\/expertworldtravel.com\/wp-content\/uploads\/2023\/02\/holafly-app-functions-209x150.jpg 209w, https:\/\/expertworldtravel.com\/wp-content\/uploads\/2023\/02\/holafly-app-functions-331x238.jpg 331w, https:\/\/expertworldtravel.com\/wp-content\/uploads\/2023\/02\/holafly-app-functions-577x415.jpg 577w, https:\/\/expertworldtravel.com\/wp-content\/uploads\/2023\/02\/holafly-app-functions-678x487.jpg 678w, https:\/\/expertworldtravel.com\/wp-content\/uploads\/2023\/02\/holafly-app-functions.jpg 800w\" sizes=\"(max-width: 500px) 100vw, 500px\" \/><p id=\"caption-attachment-3095228\" class=\"wp-caption-text\">Funktionen der Holafly-App<\/p><\/div>\n<p>Holafly hat eine \u00e4hnliche App, mit der Sie Ihre Holafly eSims und andere Funktionen verwalten k\u00f6nnen:<\/p>\n<ul>\n<li>eSims kaufen und erneuern<\/li>\n<li>Datennutzung verfolgen<\/li>\n<li>Installieren Sie eSims auf Ihrem Handy<\/li>\n<\/ul>\n<div class=\"product-section-button\"><a href=\"https:\/\/airalo.pxf.io\/Jre17v\" rel=\"nofollow noopener\" target=\"_blank\">SIEHE PREISE AUF AIRALO<\/a><\/div>\n<div class=\"product-section-button\"><a href=\"https:\/\/holafly.sjv.io\/qzgGJY\" rel=\"nofollow noopener\" target=\"_blank\">SIEHE PREISE AUF HOLAFLY<\/a><\/div>\n<h2>Wann sollten Sie Airalo verwenden?<\/h2>\n<p><a href=\"https:\/\/airalo.pxf.io\/Jre17v\" target=\"_blank\" rel=\"nofollow noopener\">Airalo ist eines der einfachsten eSims<\/a> zum Kaufen und Verwenden. Ich w\u00fcrde sie den meisten Leuten empfehlen, die nur 1-10 GB f\u00fcr bis zu 30 Tage ben\u00f6tigen.<\/p>\n<p>Sie haben eine gute Auswahl an lokalen, regionalen und globalen Pl\u00e4nen. Ihr Service ist sehr gut. Die Website und die mobile App erleichtern den Kauf, die \u00dcberwachung und die Erneuerung Ihrer Tarife. Au\u00dferdem werden Sie per E-Mail benachrichtigt, wenn Ihr Plan fast leer ist oder ausl\u00e4uft &#8211; sehr praktisch!<\/p>\n<p>Die einzige Zeit, in der ich Airalo NICHT verwenden w\u00fcrde, ist, wenn Sie<\/p>\n<ul>\n<li>viele Daten (sie sind besser f\u00fcr kleinere Pakete geeignet)<\/li>\n<li>Sie brauchen l\u00e4ngere Zeitr\u00e4ume (obwohl sie leicht zu verl\u00e4ngern sind) Monat<\/li>\n<li>das Land, das Sie besuchen, nicht auf der Liste steht (scrollen Sie dazu nach unten)<\/li>\n<\/ul>\n<h2>Wann sollten Sie Holafly verwenden?<\/h2>\n<p>Meiner Meinung nach ist Holafly eine <a href=\"https:\/\/expertworldtravel.com\/airalo-alternative\/\" target=\"_blank\" rel=\"noopener\">gro\u00dfartige Airalo-Alternative<\/a> f\u00fcr regionale Pakete mit unbegrenzten Daten in Europa, Gro\u00dfbritannien und den USA. Sie sind auch ideal f\u00fcr alle, die eine eSim f\u00fcr ein weniger bekanntes Land suchen, da sie die doppelte L\u00e4nderabdeckung von Airalo haben.<\/p>\n<p>Im Allgemeinen sind sie teurer pro GB an Daten, aber wenn Sie unbegrenzte Daten erhalten, macht das alles wieder wett.<\/p>\n<p>Werfen wir einen Blick auf einige ihrer Preise.<\/p>\n<h2>Airalo vs. Holafly Datengeschwindigkeiten<\/h2>\n<p>Beide <a href=\"https:\/\/airalo.pxf.io\/Jre17v\" target=\"_blank\" rel=\"nofollow noopener\">Pakete, sowohl hier<\/a> als auch bei Holafly, bieten 4G-Konnektivit\u00e4t mit ihren eSims, so dass es keinen wirklichen Geschwindigkeitsvorteil gibt, wenn man zwischen ihnen w\u00e4hlt. Je nachdem, welchen Anbieter sie in den einzelnen L\u00e4ndern nutzen, kann es nat\u00fcrlich leichte Unterschiede bei der Geschwindigkeit geben, die Sie erhalten.<\/p>\n<h2>Airalo L\u00e4nderliste<\/h2>\n<p>Falls Sie sich fragen, welche <a href=\"https:\/\/airalo.pxf.io\/Jre17v\" target=\"_blank\" rel=\"nofollow noopener\">L\u00e4nder Airalo<\/a> mit seinen verschiedenen eSims <a href=\"https:\/\/airalo.pxf.io\/Jre17v\" target=\"_blank\" rel=\"nofollow noopener\">abdeckt<\/a>: <\/p>\n<p><span data-sheets-value=\"{\"1\":2,\"2\":\"Albania, Argentina, Australia, Austria, Azerbaijan, Belarus, Belgium, Bosnia and Herzegovina, Brazil, Bulgaria, Cambodia, Canada, Chile, China, China (Hong Kong), China (Macao), Colombia, Croatia, Cyprus, Czech Republic, Denmark, Dominican Republic, Ecuador, Estonia, Finland, France, Georgia, Germany, Gibraltar, Greece, Hungary, Iceland, India, Indonesia, Iraq, Ireland, Israel, Italy, Japan, Jersey, Kosovo, Kuwait, Latvia, Liechtenstein, Lithuania, Luxembourg, Malaysia, Malta, Mexico, Moldova, Montenegro, Netherlands, New Zealand, North Macedonia, Norway, Panama, Paraguay, Peru, Philippines, Poland, Portugal, Puerto Rico, Qatar, Romania, Russia, Saudi Arabia, Serbia, Slovakia, Slovenia, South Africa, South Korea, Spain, Sri Lanka, Sudan, Sweden, Switzerland, Taiwan, Tajikistan, Thailand, Turkey, United Kingdom, United States, Vietnam, Virgin Islands (U.S.)\"}\" data-sheets-formula=\"=Join(\", \",R[0]C[-1]:R[83]C[-1])\">Albanien, Argentinien, Australien, \u00d6sterreich, Aserbaidschan, Wei\u00dfrussland, Belgien, Bosnien und Herzegowina, Brasilien, Bulgarien, Kambodscha, Kanada, Chile, China, China (Hongkong), China (Macao), Kolumbien, Kroatien, Zypern, Tschechische Republik, D\u00e4nemark, Dominikanische Republik, Ecuador, Estland, Finnland, Frankreich, Georgien, Deutschland, Gibraltar, Griechenland, Ungarn, Island, Indien, Indonesien, Irak, Irland, Israel, Italien, Japan, Jersey, Kosovo, Kuwait, Lettland, Liechtenstein, Litauen, Luxemburg, Malaysia, Malta, Mexiko, Moldawien, Montenegro, Niederlande, Neuseeland, Nordmazedonien, Norwegen, Panama, Paraguay, Peru, Philippinen, Polen, Portugal, Puerto Rico, Katar, Rum\u00e4nien, Russland, Saudi-Arabien, Serbien, Slowakei, Slowenien, S\u00fcdafrika, S\u00fcdkorea, Spanien, Sri Lanka, Sudan, Schweden, Schweiz, Taiwan, Tadschikistan, Thailand, T\u00fcrkei, Vereinigtes K\u00f6nigreich, Vereinigte Staaten, Vietnam, Virgin Islands (U.S.)<\/span><\/p>\n<h2>Holafly L\u00e4nderliste (153 L\u00e4nder)<\/h2>\n<p>Holafly hat eine riesige Liste von L\u00e4ndern, insgesamt 153, sowie alle Regionen, die sie bedienen. Hier ist die vollst\u00e4ndige Liste:<\/p>\n<p><span data-sheets-value=\"{\"1\":2,\"2\":\"Albania, Algeria, Andorra, Antigua and Barbuda, Argentina, Armenia, Aruba, Australia, Austria, Azerbaijan, Bangladesh, Barbados, Belgium, Bermuda, Bolivia, Botswana, Brazil, British Virgin Island, Brunei, Bulgaria, Cambodia, Cameroon, Canada, Caribbean, Cayman Island, Central African Republic, Chile, China with VPN, Colombia, Costa Rica, Croatia, Cyprus, Czech Republic, Democratic Republic of Congo, Denmark, Dominica, Dominican Republic, Ecuador, Egypt, El Salvador, Estonia, Faroe Islands, Finland, France, French Guiana, Georgia, Germany, Ghana, Gibraltar, Granada, Guadeloupe, Guatamala, Haiti, Honduras, Hong Kong, Hungary, Iceland, India, Indonesia, Iran, Ireland, Isle of Man, Isreal, Italy, Ivory Coast, Jamaica, Japan, Jordan, Kazakhstan, Kenya, Kuwait, Kyrgyzstan, Laos, Latvia, Liberia, Liechtenstein, Lithuania, Luxembourg, Macau, Madagascar, Malawi, Malaysia, Malta, Martinique, Mauritius, Mexico, Moldova, Mongolia, Monaco, Montenegro, Morocco, Mozambique, Myanmar, Nepal, New Zealand, Nicaragua, Nigeria, Norway, Oman, Pakistan, Panama, Papua New Guinea, Paraguay, Peru, Philippines, Poland, Portugal, Puerto Rico, Qatar, Republic of Congo, Reunion (France), Romania, Russia, Rwanda, Saudi Arabia, Serbia, Sierra Leone, Singapore, Slovakia, Slovenia, South Africa, South America, South Korea, Spain, Sri Lanka, St. Kitts and Nevis, St. Lucias, St. Vicent, Sudan, Swaziland, Sweden, Switzerland, Taiwan, Tajikistan, Tanzania, Thailand, The Netherlands, Tonga, Trinidad and Tobago, Tunisia, Turkey, Turks and Caicos, Uganda, Ukraine, United Arab Emirates, United Kingdom, Uruguay, USA, Uzbekistan, Vanuatu, Vietnam, Yemen, Zambia\"}\" data-sheets-formula=\"=join(\", \",R[0]C[-1]:R[152]C[-1])\">Albanien, Algerien, Andorra, Antigua und Barbuda, Argentinien, Armenien, Aruba, Australien, \u00d6sterreich, Aserbaidschan, Bangladesch, Barbados, Belgien, Bermuda, Bolivien, Botswana, Brasilien, Britische Jungferninsel, Brunei, Bulgarien, Kambodscha, Kamerun, Kanada, Karibik, Kaimaninsel, Zentralafrikanische Republik, Chile, China mit VPN, Kolumbien, Costa Rica, Kroatien, Zypern, Tschechische Republik, Demokratische Republik Kongo, D\u00e4nemark, Dominica, Dominikanische Republik, Ecuador, \u00c4gypten, El Salvador, Estland, F\u00e4r\u00f6er Inseln, Finnland, Frankreich, Franz\u00f6sisch-Guayana, Georgien, Deutschland, Ghana, Gibraltar, Granada, Guadeloupe, Guatamala, Haiti, Honduras, Hong Kong, Ungarn, Island, Indien, Indonesien, Iran, Irland, Isle of Man, Isreal, Italien, Elfenbeink\u00fcste, Jamaika, Japan, Jordanien, Kasachstan, Kenia, Kuwait, Kirgisistan, Laos, Lettland, Liberia, Liechtenstein, Litauen, Luxemburg, Macau, Madagaskar, Malawi, Malaysia, Malta, Martinique, Mauritius, Mexiko, Moldawien, Mongolei, Monaco, Montenegro, Marokko, Mosambik, Myanmar, Nepal, Neuseeland, Nicaragua, Nigeria, Norwegen, Oman, Pakistan, Panama, Papua-Neuguinea, Paraguay, Peru, Philippinen, Polen, Portugal, Puerto Rico, Katar, Republik Kongo, R\u00e9union (Frankreich), Rum\u00e4nien, Russland, Ruanda, Saudi-Arabien, Serbien, Sierra Leone, Singapur, Slowakei, Slowenien, S\u00fcdafrika, S\u00fcdamerika, S\u00fcdkorea, Spanien, Sri Lanka, St. Kitts und Nevis, St. Lucia, St. Vincent, Sudan, Swasiland, Schweden, Schweiz, Taiwan, Tadschikistan, Tansania, Thailand, Niederlande, Tonga, Trinidad und Tobago, Tunesien, T\u00fcrkei, Turks- und Caicosinseln, Uganda, Ukraine, Vereinigte Arabische Emirate, Vereinigtes K\u00f6nigreich, Uruguay, USA, Usbekistan, Vanuatu, Vietnam, Jemen, Sambia<\/span><\/p>\n","protected":false},"excerpt":{"rendered":"<p>Airalo und Holafly sind zwei der f\u00fchrenden eSim-Anbieter auf dem Markt und Sie fragen sich vielleicht, welcher der richtige f\u00fcr Sie ist. Beide bieten viele verschiedene Prepaid-eSim-Datenpakete f\u00fcr L\u00e4nder und Regionen in der ganzen Welt an. Jedes hat seine Vor- und Nachteile, so dass es sich lohnt, sich zu informieren, welches System f\u00fcr Ihr Reiseziel [&hellip;]<\/p>\n","protected":false},"author":2,"featured_media":0,"parent":0,"menu_order":0,"comment_status":"closed","ping_status":"closed","template":"","meta":{"_lmt_disableupdate":"no","_lmt_disable":""},"categories":[],"acf":[],"_links":{"self":[{"href":"https:\/\/expertworldtravel.com\/de\/wp-json\/wp\/v2\/pages\/3095783"}],"collection":[{"href":"https:\/\/expertworldtravel.com\/de\/wp-json\/wp\/v2\/pages"}],"about":[{"href":"https:\/\/expertworldtravel.com\/de\/wp-json\/wp\/v2\/types\/page"}],"author":[{"embeddable":true,"href":"https:\/\/expertworldtravel.com\/de\/wp-json\/wp\/v2\/users\/2"}],"replies":[{"embeddable":true,"href":"https:\/\/expertworldtravel.com\/de\/wp-json\/wp\/v2\/comments?post=3095783"}],"version-history":[{"count":1,"href":"https:\/\/expertworldtravel.com\/de\/wp-json\/wp\/v2\/pages\/3095783\/revisions"}],"predecessor-version":[{"id":3142121,"href":"https:\/\/expertworldtravel.com\/de\/wp-json\/wp\/v2\/pages\/3095783\/revisions\/3142121"}],"wp:attachment":[{"href":"https:\/\/expertworldtravel.com\/de\/wp-json\/wp\/v2\/media?parent=3095783"}],"wp:term":[{"taxonomy":"category","embeddable":true,"href":"https:\/\/expertworldtravel.com\/de\/wp-json\/wp\/v2\/categories?post=3095783"}],"curies":[{"name":"wp","href":"https:\/\/api.w.org\/{rel}","templated":true}]}}