{"id":3095789,"date":"2020-08-07T12:57:42","date_gmt":"2020-08-07T12:57:42","guid":{"rendered":"https:\/\/expertworldtravel.com\/beste-reise-apps\/"},"modified":"2023-03-07T16:23:18","modified_gmt":"2023-03-07T16:23:18","slug":"beste-reise-apps","status":"publish","type":"page","link":"https:\/\/expertworldtravel.com\/de\/beste-reise-apps\/","title":{"rendered":"Beste Reise-Apps (aktualisiert f\u00fcr 2023)"},"content":{"rendered":"<p>Reise-Apps haben den Urlaub zu einem v\u00f6llig anderen Erlebnis gemacht als fr\u00fcher, als man ein Reiseb\u00fcro anrufen und sich dann nach der Ankunft auf Mundpropaganda verlassen musste, um etwas Sch\u00f6nes zu unternehmen oder zu sehen.<\/p>\n<p>Heutzutage kann Ihr Smartphone alles buchen &#8211; von Fl\u00fcgen \u00fcber Mietwagen bis hin zu Unterk\u00fcnften &#8211; und Sie dar\u00fcber informieren, was es in Ihrer N\u00e4he an unterhaltsamen und leckeren Erlebnissen gibt.<\/p>\n<p>Jetzt, wo sich die Welt endlich wieder \u00f6ffnet, ist es an der Zeit, die n\u00e4chste Reise an einen sch\u00f6nen Ort zu planen. In dieser \u00dcbersicht haben wir einige der besten Reise-Apps f\u00fcr iOS und Android zusammengestellt, die Ihnen helfen, den bestm\u00f6glichen Urlaub zu finden, zu planen und zu erleben.<\/p>\n","protected":false},"excerpt":{"rendered":"<p>Reise-Apps haben den Urlaub zu einem v\u00f6llig anderen Erlebnis gemacht als fr\u00fcher, als man ein Reiseb\u00fcro anrufen und sich dann nach der Ankunft auf Mundpropaganda verlassen musste, um etwas Sch\u00f6nes zu unternehmen oder zu sehen. Heutzutage kann Ihr Smartphone alles buchen &#8211; von Fl\u00fcgen \u00fcber Mietwagen bis hin zu Unterk\u00fcnften &#8211; und Sie dar\u00fcber informieren, [&hellip;]<\/p>\n","protected":false},"author":6,"featured_media":3085904,"parent":0,"menu_order":0,"comment_status":"closed","ping_status":"closed","template":"best-template.php","meta":{"_lmt_disableupdate":"no","_lmt_disable":""},"categories":[600146],"acf":[],"_links":{"self":[{"href":"https:\/\/expertworldtravel.com\/de\/wp-json\/wp\/v2\/pages\/3095789"}],"collection":[{"href":"https:\/\/expertworldtravel.com\/de\/wp-json\/wp\/v2\/pages"}],"about":[{"href":"https:\/\/expertworldtravel.com\/de\/wp-json\/wp\/v2\/types\/page"}],"author":[{"embeddable":true,"href":"https:\/\/expertworldtravel.com\/de\/wp-json\/wp\/v2\/users\/6"}],"replies":[{"embeddable":true,"href":"https:\/\/expertworldtravel.com\/de\/wp-json\/wp\/v2\/comments?post=3095789"}],"version-history":[{"count":0,"href":"https:\/\/expertworldtravel.com\/de\/wp-json\/wp\/v2\/pages\/3095789\/revisions"}],"wp:featuredmedia":[{"embeddable":true,"href":"https:\/\/expertworldtravel.com\/de\/wp-json\/wp\/v2\/media\/3085904"}],"wp:attachment":[{"href":"https:\/\/expertworldtravel.com\/de\/wp-json\/wp\/v2\/media?parent=3095789"}],"wp:term":[{"taxonomy":"category","embeddable":true,"href":"https:\/\/expertworldtravel.com\/de\/wp-json\/wp\/v2\/categories?post=3095789"}],"curies":[{"name":"wp","href":"https:\/\/api.w.org\/{rel}","templated":true}]}}