{"id":3095911,"date":"2023-03-10T10:36:24","date_gmt":"2023-03-10T10:36:24","guid":{"rendered":"https:\/\/expertworldtravel.com\/airalo-vs-nomad\/"},"modified":"2023-03-10T11:46:37","modified_gmt":"2023-03-10T11:46:37","slug":"airalo-oder-nomad","status":"publish","type":"page","link":"https:\/\/expertworldtravel.com\/de\/airalo-oder-nomad\/","title":{"rendered":"Airalo oder Nomad eSims: Vergleich aus meiner Erfahrung"},"content":{"rendered":"<p data-private=\"redact\" data-wt-guid=\"0ba69194-fa00-40e8-bf85-4814e6538b52\" data-pm-slice=\"1 1 []\">Zurzeit sind <a href=\"https:\/\/airalo.pxf.io\/Jre17v\" target=\"_blank\" rel=\"nofollow noopener\">Airalo<\/a> und <a href=\"https:\/\/www.getnomad.app\/?rfsn=7045778.947b00\" target=\"_blank\" rel=\"nofollow noopener\">Nomad<\/a> zwei der f\u00fchrenden <span class=\"issue-underline underline text-gray-darkest font-body decoration-2 underline-offset-4 transition decoration-error-light hover:bg-error-lightest\" data-issueid=\"df21fa9a-2504-423a-90e2-cb36df83a549\" data-testid=\"issue-underline:eSIM\">eSim-Anbieter<\/span> auf dem Markt, und Sie fragen sich vielleicht, welcher f\u00fcr Sie der beste ist.<\/p>\n<p data-private=\"redact\" data-wt-guid=\"982beddb-e340-4776-bfef-bd611b78352c\">Ihre Prepaid-eSim-Datenpakete decken eine Vielzahl von L\u00e4ndern und Regionen weltweit ab. Die Vor- und Nachteile sind unterschiedlich, so dass Sie entscheiden m\u00fcssen, welche L\u00f6sung Ihren Bed\u00fcrfnissen am besten entspricht.<\/p>\n<p data-private=\"redact\" data-wt-guid=\"b04174f3-d69d-482a-a415-addb37e031d1\">Im folgenden Beitrag fasse ich die Vor- und Nachteile der einzelnen Pakete zusammen und gehe anschlie\u00dfend n\u00e4her auf die Preise der eSim-Pakete und die L\u00e4nderabdeckung ein.<\/p>\n<h2>Airalo Pro &amp; Kontra<\/h2>\n<p><a href=\"https:\/\/airalo.pxf.io\/Jre17v\" target=\"_blank\" rel=\"noopener\"><img decoding=\"async\" loading=\"lazy\" class=\"aligncenter wp-image-3095145 size-medium\" src=\"https:\/\/expertworldtravel.com\/wp-content\/uploads\/2023\/02\/airalo-esims-500x144.jpg\" alt=\"Airalo eSims\" width=\"500\" height=\"144\" srcset=\"https:\/\/expertworldtravel.com\/wp-content\/uploads\/2023\/02\/airalo-esims-500x144.jpg 500w, https:\/\/expertworldtravel.com\/wp-content\/uploads\/2023\/02\/airalo-esims-300x87.jpg 300w, https:\/\/expertworldtravel.com\/wp-content\/uploads\/2023\/02\/airalo-esims-768x222.jpg 768w, https:\/\/expertworldtravel.com\/wp-content\/uploads\/2023\/02\/airalo-esims-80x23.jpg 80w, https:\/\/expertworldtravel.com\/wp-content\/uploads\/2023\/02\/airalo-esims-220x64.jpg 220w, https:\/\/expertworldtravel.com\/wp-content\/uploads\/2023\/02\/airalo-esims-250x72.jpg 250w, https:\/\/expertworldtravel.com\/wp-content\/uploads\/2023\/02\/airalo-esims-280x81.jpg 280w, https:\/\/expertworldtravel.com\/wp-content\/uploads\/2023\/02\/airalo-esims-510x147.jpg 510w, https:\/\/expertworldtravel.com\/wp-content\/uploads\/2023\/02\/airalo-esims-750x217.jpg 750w, https:\/\/expertworldtravel.com\/wp-content\/uploads\/2023\/02\/airalo-esims.jpg 800w\" sizes=\"(max-width: 500px) 100vw, 500px\" \/><\/a><\/p>\n<p>Wenn Sie nach eSims gesucht haben, wissen Sie wahrscheinlich, dass <a href=\"https:\/\/airalo.pxf.io\/Jre17v\" target=\"_blank\" rel=\"nofollow noopener\">Airalo eines der beliebtesten eSim-Unternehmen<\/a> im Internet ist. Ich habe sie in den letzten drei Monaten auf meinen Reisen benutzt und kann definitiv best\u00e4tigen, dass sie ausgezeichnet sind.&nbsp;<\/p>\n<p>Was mir an Airalo eSims gef\u00e4llt, sind die flexiblen Pakete (kleine bis mittlere Datenpakete in den meisten L\u00e4ndern) und die einfache Nutzung und Erneuerung, wenn man unterwegs ist. Dies sind die Vorteile, die ich bei der Nutzung von Airalo Prepaid eSims genossen habe:<\/p>\n<h3>Profis<\/h3>\n<ul>\n<li>G\u00fcnstigere Preise pro Gig als Nomad<\/li>\n<li>Unterwegs kaufen, erneuern oder aktualisieren (Web oder App)<\/li>\n<li>Die Regionen sind klarer voneinander abgegrenzt, insbesondere Asien.<\/li>\n<li>Warnungen per E-Mail bei niedrigem Datenbestand oder auslaufender Zeit<\/li>\n<\/ul>\n<h3>Nachteile<\/h3>\n<ul>\n<li>Einige wichtige L\u00e4nder wie Singapur sind nicht verf\u00fcgbar<\/li>\n<\/ul>\n<h2>Nomad Pro &amp; Kontra<\/h2>\n<div id=\"attachment_3095907\" style=\"width: 510px\" class=\"wp-caption aligncenter\"><img aria-describedby=\"caption-attachment-3095907\" decoding=\"async\" loading=\"lazy\" class=\"size-medium wp-image-3095906\" src=\"https:\/\/expertworldtravel.com\/wp-content\/uploads\/2023\/03\/nomad-esims-homepage-500x234.jpg\" alt=\"Homepage von Nomad esims \" width=\"500\" height=\"234\" srcset=\"https:\/\/expertworldtravel.com\/wp-content\/uploads\/2023\/03\/nomad-esims-homepage-500x234.jpg 500w, https:\/\/expertworldtravel.com\/wp-content\/uploads\/2023\/03\/nomad-esims-homepage-300x140.jpg 300w, https:\/\/expertworldtravel.com\/wp-content\/uploads\/2023\/03\/nomad-esims-homepage-768x359.jpg 768w, https:\/\/expertworldtravel.com\/wp-content\/uploads\/2023\/03\/nomad-esims-homepage-80x37.jpg 80w, https:\/\/expertworldtravel.com\/wp-content\/uploads\/2023\/03\/nomad-esims-homepage-220x103.jpg 220w, https:\/\/expertworldtravel.com\/wp-content\/uploads\/2023\/03\/nomad-esims-homepage-214x100.jpg 214w, https:\/\/expertworldtravel.com\/wp-content\/uploads\/2023\/03\/nomad-esims-homepage-280x131.jpg 280w, https:\/\/expertworldtravel.com\/wp-content\/uploads\/2023\/03\/nomad-esims-homepage-510x238.jpg 510w, https:\/\/expertworldtravel.com\/wp-content\/uploads\/2023\/03\/nomad-esims-homepage-750x351.jpg 750w, https:\/\/expertworldtravel.com\/wp-content\/uploads\/2023\/03\/nomad-esims-homepage.jpg 800w\" sizes=\"(max-width: 500px) 100vw, 500px\" \/><p id=\"caption-attachment-3095907\" class=\"wp-caption-text\">Homepage von Nomad esims<\/p><\/div>\n<p>Tats\u00e4chlich ist Nomad wahrscheinlich das einzige andere Unternehmen, das in Bezug auf sein Angebot mit Airalo vergleichbar ist. Vielfalt der Pl\u00e4ne, Umfang und Dauer der Datenpakete und Gesamtabdeckung. Au\u00dferdem haben sie sowohl Web als auch App und einen guten Kundenservice. Ich werde Sie also nicht damit langweilen, was alles gleich ist. Ich m\u00f6chte nur darauf hinweisen, dass es meiner Erfahrung nach Unterschiede gibt.<\/p>\n<p>Hier sind die gro\u00dfen Unterschiede f\u00fcr Nomad in Pro und Kontra<\/p>\n<h3>Profis<\/h3>\n<ul>\n<li>Etwas mehr L\u00e4nder (100+ gegen\u00fcber 84 von Airalo)<\/li>\n<li>Ihre Regionen sind spezifischer (2 Europa-Seiten, Asien-Pazifik, Skandinavien\/Nordics, Ozeanien)<\/li>\n<li><strong>Nur-SMS-Tarife<\/strong> (nur sehr wenige eSims bieten dies an)<\/li>\n<li>F\u00fcr USA-Pakete stehen zwei Anbieter zur Auswahl<\/li>\n<\/ul>\n<h3>Nachteile<\/h3>\n<ul>\n<li>Im Allgemeinen teurer pro GB als Airalo<\/li>\n<li>Einige L\u00e4nder haben weniger Pl\u00e4ne\/Optionen<\/li>\n<\/ul>\n<h2>Airalo vs. Nomad Preise<\/h2>\n<p>Ich m\u00f6chte mit Ihnen die Preisunterschiede f\u00fcr einige ihrer Pakete teilen, damit Sie ein Gef\u00fchl daf\u00fcr bekommen, was Airalo im Vergleich zu Nomad mit ihren eSims kostet. Dies ist keine exakte Wissenschaft, da jeder Plan und jedes Land\/jede Region unterschiedlich ist. Hier sind jedoch einige Beispiele f\u00fcr L\u00e4nder, f\u00fcr die der Kauf eines eSim interessant sein k\u00f6nnte:<\/p>\n<h3>Airalo Preise<\/h3>\n<div id=\"attachment_3095120\" style=\"width: 510px\" class=\"wp-caption aligncenter\"><img aria-describedby=\"caption-attachment-3095120\" decoding=\"async\" loading=\"lazy\" class=\"size-medium wp-image-3095119\" src=\"https:\/\/expertworldtravel.com\/wp-content\/uploads\/2023\/02\/airalo-europe-packages-500x162.jpg\" alt=\"Airalo Europa Preise\" width=\"500\" height=\"162\" srcset=\"https:\/\/expertworldtravel.com\/wp-content\/uploads\/2023\/02\/airalo-europe-packages-500x162.jpg 500w, https:\/\/expertworldtravel.com\/wp-content\/uploads\/2023\/02\/airalo-europe-packages-300x97.jpg 300w, https:\/\/expertworldtravel.com\/wp-content\/uploads\/2023\/02\/airalo-europe-packages-768x249.jpg 768w, https:\/\/expertworldtravel.com\/wp-content\/uploads\/2023\/02\/airalo-europe-packages-80x26.jpg 80w, https:\/\/expertworldtravel.com\/wp-content\/uploads\/2023\/02\/airalo-europe-packages-220x71.jpg 220w, https:\/\/expertworldtravel.com\/wp-content\/uploads\/2023\/02\/airalo-europe-packages-250x81.jpg 250w, https:\/\/expertworldtravel.com\/wp-content\/uploads\/2023\/02\/airalo-europe-packages-280x91.jpg 280w, https:\/\/expertworldtravel.com\/wp-content\/uploads\/2023\/02\/airalo-europe-packages-510x165.jpg 510w, https:\/\/expertworldtravel.com\/wp-content\/uploads\/2023\/02\/airalo-europe-packages-750x243.jpg 750w, https:\/\/expertworldtravel.com\/wp-content\/uploads\/2023\/02\/airalo-europe-packages.jpg 800w\" sizes=\"(max-width: 500px) 100vw, 500px\" \/><p id=\"caption-attachment-3095120\" class=\"wp-caption-text\">Airalo Europa Preise<\/p><\/div>\n<p>Die Pakete von Airaolo sind recht wettbewerbsf\u00e4hig, daher m\u00f6chte ich Ihnen einige Beispiele nennen:<\/p>\n<ul>\n<li><a href=\"https:\/\/airalo.pxf.io\/b34LXg\" target=\"_blank\" rel=\"nofollow noopener\">Spanien &#8211; 5 GB &#8211; 30 Tage-<\/a>$11,50 ($2,3 pro GB)<\/li>\n<li><a href=\"https:\/\/airalo.pxf.io\/2rbOD0\" target=\"_blank\" rel=\"nofollow noopener\">Isreal &#8211; 1 GB &#8211; 7 Tage<\/a> &#8211; 5,50 $ (5,5 $ pro GB)<\/li>\n<li>Gro\u00dfbritannien &#8211; 20 GB &#8211; 30 Tage &#8211; 36 $ (1,8 $ pro GB)<\/li>\n<li><a href=\"https:\/\/airalo.pxf.io\/vnGXM3\" target=\"_blank\" rel=\"nofollow noopener\">Aisa (13 L\u00e4nder) &#8211; 3 GB &#8211; 30 Tage<\/a> &#8211; $13.00 ($4.3 pro GB)<\/li>\n<li><a href=\"https:\/\/airalo.pxf.io\/Xx0ox4\" target=\"_blank\" rel=\"nofollow noopener\">Global (84 L\u00e4nder) &#8211; 5 GB &#8211; 30 Tage<\/a> &#8211; $35 ($7 pro GB)<\/li>\n<\/ul>\n<p>Wie Sie oben sehen k\u00f6nnen, wird es umso billiger, je mehr Daten Sie kaufen.<\/p>\n<p data-private=\"redact\" data-wt-guid=\"0ba69194-fa00-40e8-bf85-4814e6538b52\" data-pm-slice=\"1 1 []\">Auch die westlichen L\u00e4nder sind beliebter und haben niedrigere Preise. <span class=\"issue-underline underline text-gray-darkest font-body decoration-2 underline-offset-4 transition decoration-primary-light hover:bg-primary-lightest\" data-issueid=\"3a9dbfad-311b-4afe-b7bb-6bf6ae38883a\" data-testid=\"issue-underline:However, having reviewed most eSim providers, that is the pricing variation they all have.\">Um ehrlich zu sein, habe ich die meisten eSim-Anbieter \u00fcberpr\u00fcft und das ist die Preisvariante, die sie alle haben.<\/span><\/p>\n<p>Die Preise f\u00fcr Airalo liegen im Allgemeinen zwischen 2 und 7 Dollar pro GB. Aber das ist von Land zu Land sehr unterschiedlich.<\/p>\n<p>Sie k\u00f6nnen alle Airalo<a href=\"https:\/\/www.getnomad.app\/shop\/popular?rfsn=7045778.947b00\" target=\"_blank\" rel=\"nofollow noopener\">&nbsp;Pakete hier<\/a> sehen<\/p>\n<p><strong>Lesen Sie <a href=\"https:\/\/expertworldtravel.com\/airalo-review\/\" target=\"_blank\" rel=\"noopener\">hier<\/a> meine <a href=\"https:\/\/expertworldtravel.com\/airalo-review\/\" target=\"_blank\" rel=\"noopener\">vollst\u00e4ndige Bewertung von Airalo<\/a>.<\/strong><\/p>\n<h3>Nomad Preise<\/h3>\n<p><a href=\"https:\/\/www.getnomad.app\/shop\/popular?rfsn=7045778.947b00\" target=\"_blank\" rel=\"nofollow noopener\">&nbsp;Pakete hier<\/a> von L\u00e4ndern zu anst\u00e4ndigen Preisen. Einige sind mit Airalo vergleichbar, andere sind billiger, wieder andere teurer. Es ist schwer, sie alle zu vergleichen, aber hier sind einige Beispiele von Nomads Website\/<\/p>\n<ul>\n<li>1 GB \/ 7 Tage &#8211; $6&nbsp; &nbsp; ($6 pro GB)<\/li>\n<li>3 GB \/ 30 Tage &#8211; $14&nbsp; ($4,67 pro GB)<\/li>\n<li>5 GB \/ 30 Tage &#8211; $17&nbsp; ($3,4 pro GB)<\/li>\n<li>10 GB \/ 30 Tage &#8211; $24&nbsp; ($2,4 pro GB)<\/li>\n<\/ul>\n<p><strong>Airalo ist bei allen Paketen f\u00fcr Europa ein paar Dollar g\u00fcnstiger.<\/strong><\/p>\n<div id=\"attachment_3095901\" style=\"width: 310px\" class=\"wp-caption aligncenter\"><img aria-describedby=\"caption-attachment-3095901\" decoding=\"async\" loading=\"lazy\" class=\"wp-image-3095900 size-thumbnail\" src=\"https:\/\/expertworldtravel.com\/wp-content\/uploads\/2023\/03\/nomad-esim-spain-prices-300x262.jpg\" alt=\"Nomad eSim Preise Spanien\" width=\"300\" height=\"262\" srcset=\"https:\/\/expertworldtravel.com\/wp-content\/uploads\/2023\/03\/nomad-esim-spain-prices-300x262.jpg 300w, https:\/\/expertworldtravel.com\/wp-content\/uploads\/2023\/03\/nomad-esim-spain-prices-500x437.jpg 500w, https:\/\/expertworldtravel.com\/wp-content\/uploads\/2023\/03\/nomad-esim-spain-prices-80x70.jpg 80w, https:\/\/expertworldtravel.com\/wp-content\/uploads\/2023\/03\/nomad-esim-spain-prices-220x192.jpg 220w, https:\/\/expertworldtravel.com\/wp-content\/uploads\/2023\/03\/nomad-esim-spain-prices-114x100.jpg 114w, https:\/\/expertworldtravel.com\/wp-content\/uploads\/2023\/03\/nomad-esim-spain-prices-172x150.jpg 172w, https:\/\/expertworldtravel.com\/wp-content\/uploads\/2023\/03\/nomad-esim-spain-prices-272x238.jpg 272w, https:\/\/expertworldtravel.com\/wp-content\/uploads\/2023\/03\/nomad-esim-spain-prices-475x415.jpg 475w, https:\/\/expertworldtravel.com\/wp-content\/uploads\/2023\/03\/nomad-esim-spain-prices-557x487.jpg 557w, https:\/\/expertworldtravel.com\/wp-content\/uploads\/2023\/03\/nomad-esim-spain-prices-681x595.jpg 681w, https:\/\/expertworldtravel.com\/wp-content\/uploads\/2023\/03\/nomad-esim-spain-prices.jpg 700w\" sizes=\"(max-width: 300px) 100vw, 300px\" \/><p id=\"caption-attachment-3095901\" class=\"wp-caption-text\">Nomad eSim Preise Spanien<\/p><\/div>\n<p>Vergleichen wir dies mit einem Plan f\u00fcr ein <a href=\"https:\/\/www.getnomad.app\/en\/spain-eSIM?rfsn=7045778.947b00\" target=\"_blank\" rel=\"nofollow noopener\">eSim in Spanien<\/a><\/p>\n<ul>\n<li>1 GB \/ 7 Tage &#8211; $6&nbsp; &nbsp; ($6 pro GB)<\/li>\n<li>3 GB \/ 30 Tage &#8211; $12 ($4 pro GB)<\/li>\n<li>5 GB \/ 30 Tage &#8211; $13 ($2,6 pro GB)<\/li>\n<li>10 GB \/ 30 Tage &#8211; $25 ($2,5 pro GB)<\/li>\n<\/ul>\n<p><strong>F\u00fcr Spanien ist <a href=\"https:\/\/airalo.pxf.io\/Jre17v\" target=\"_blank\" rel=\"noopener\">Airalo<\/a> also billiger!<\/strong><\/p>\n<div id=\"attachment_3095905\" style=\"width: 310px\" class=\"wp-caption aligncenter\"><img aria-describedby=\"caption-attachment-3095905\" decoding=\"async\" loading=\"lazy\" class=\"wp-image-3095904 size-thumbnail\" src=\"https:\/\/expertworldtravel.com\/wp-content\/uploads\/2023\/03\/nomad-esim-canada-prices-300x239.jpg\" alt=\"Nomad eSim Kanada Preise\" width=\"300\" height=\"239\" srcset=\"https:\/\/expertworldtravel.com\/wp-content\/uploads\/2023\/03\/nomad-esim-canada-prices-300x239.jpg 300w, https:\/\/expertworldtravel.com\/wp-content\/uploads\/2023\/03\/nomad-esim-canada-prices-500x398.jpg 500w, https:\/\/expertworldtravel.com\/wp-content\/uploads\/2023\/03\/nomad-esim-canada-prices-80x64.jpg 80w, https:\/\/expertworldtravel.com\/wp-content\/uploads\/2023\/03\/nomad-esim-canada-prices-220x175.jpg 220w, https:\/\/expertworldtravel.com\/wp-content\/uploads\/2023\/03\/nomad-esim-canada-prices-126x100.jpg 126w, https:\/\/expertworldtravel.com\/wp-content\/uploads\/2023\/03\/nomad-esim-canada-prices-189x150.jpg 189w, https:\/\/expertworldtravel.com\/wp-content\/uploads\/2023\/03\/nomad-esim-canada-prices-299x238.jpg 299w, https:\/\/expertworldtravel.com\/wp-content\/uploads\/2023\/03\/nomad-esim-canada-prices-522x415.jpg 522w, https:\/\/expertworldtravel.com\/wp-content\/uploads\/2023\/03\/nomad-esim-canada-prices-612x487.jpg 612w, https:\/\/expertworldtravel.com\/wp-content\/uploads\/2023\/03\/nomad-esim-canada-prices.jpg 700w\" sizes=\"(max-width: 300px) 100vw, 300px\" \/><p id=\"caption-attachment-3095905\" class=\"wp-caption-text\">Nomad eSim Kanada Preise<\/p><\/div>\n<p>Jetzt werde ich einen <a href=\"https:\/\/www.getnomad.app\/en\/canada-eSIM?rfsn=7045778.947b00\" target=\"_blank\" rel=\"nofollow noopener\">Blick auf Kanada<\/a> werfen (dort gibt es Bell und andere Anbieter):<\/p>\n<ul>\n<li>1 GB \/ 7 Tage &#8211; $7&nbsp; &nbsp; ($7 pro GB)<\/li>\n<li>3 GB \/ 30 Tage &#8211; $12 ($4 pro GB)<\/li>\n<li>5 GB \/ 30 Tage &#8211; $19 ($3,8 pro GB)<\/li>\n<li>10 GB \/ 30 Tage &#8211; $32 ($3,2 pro GB)<\/li>\n<\/ul>\n<p><strong>F\u00fcr Kanada ist Airalo ebenfalls g\u00fcnstiger.<\/strong><\/p>\n<h2>Airalo &amp; Nomad Apps<\/h2>\n<p>Gl\u00fccklicherweise verf\u00fcgen sowohl Nomad als auch Airalo \u00fcber moderne Apps, die das Leben auf der Stra\u00dfe erleichtern. Ich w\u00fcrde empfehlen, eine der beiden Apps herunterzuladen, um Ihre eSim zu verwalten.<\/p>\n<div id=\"attachment_3095226\" style=\"width: 510px\" class=\"wp-caption aligncenter\"><img aria-describedby=\"caption-attachment-3095226\" decoding=\"async\" loading=\"lazy\" class=\"size-medium wp-image-3095225\" src=\"https:\/\/expertworldtravel.com\/wp-content\/uploads\/2023\/02\/airalo-app-functions-500x250.jpg\" alt=\"Funktionen der Airalo-App\" width=\"500\" height=\"250\" srcset=\"https:\/\/expertworldtravel.com\/wp-content\/uploads\/2023\/02\/airalo-app-functions-500x250.jpg 500w, https:\/\/expertworldtravel.com\/wp-content\/uploads\/2023\/02\/airalo-app-functions-300x150.jpg 300w, https:\/\/expertworldtravel.com\/wp-content\/uploads\/2023\/02\/airalo-app-functions-768x384.jpg 768w, https:\/\/expertworldtravel.com\/wp-content\/uploads\/2023\/02\/airalo-app-functions-80x40.jpg 80w, https:\/\/expertworldtravel.com\/wp-content\/uploads\/2023\/02\/airalo-app-functions-220x110.jpg 220w, https:\/\/expertworldtravel.com\/wp-content\/uploads\/2023\/02\/airalo-app-functions-200x100.jpg 200w, https:\/\/expertworldtravel.com\/wp-content\/uploads\/2023\/02\/airalo-app-functions-280x140.jpg 280w, https:\/\/expertworldtravel.com\/wp-content\/uploads\/2023\/02\/airalo-app-functions-476x238.jpg 476w, https:\/\/expertworldtravel.com\/wp-content\/uploads\/2023\/02\/airalo-app-functions-750x375.jpg 750w, https:\/\/expertworldtravel.com\/wp-content\/uploads\/2023\/02\/airalo-app-functions.jpg 800w\" sizes=\"(max-width: 500px) 100vw, 500px\" \/><p id=\"caption-attachment-3095226\" class=\"wp-caption-text\">Funktionen der Airalo-App<\/p><\/div>\n<p>Airalo hat zum Beispiel alle seine Pakete in <a href=\"https:\/\/apps.apple.com\/us\/app\/airalo-esim-phone-internet\/id1475911720\" target=\"_blank\" rel=\"noopener\">seiner App<\/a> und viele andere praktische Funktionen wie:<\/p>\n<ul>\n<li>Kaufen Sie eSims f\u00fcr sich oder andere<\/li>\n<li>eSims erneuern<\/li>\n<li>Verfolgung der eSim-Datennutzung und des Ablaufs<\/li>\n<li>Verwalten Sie Ihre Zahlung, Ihr Profil<\/li>\n<\/ul>\n<div id=\"attachment_3095909\" style=\"width: 510px\" class=\"wp-caption aligncenter\"><img aria-describedby=\"caption-attachment-3095909\" decoding=\"async\" loading=\"lazy\" class=\"size-medium wp-image-3095908\" src=\"https:\/\/expertworldtravel.com\/wp-content\/uploads\/2023\/03\/nomad-esim-installation-manage-500x264.jpg\" alt=\"Nomad-App f\u00fcr eSims\" width=\"500\" height=\"264\" srcset=\"https:\/\/expertworldtravel.com\/wp-content\/uploads\/2023\/03\/nomad-esim-installation-manage-500x264.jpg 500w, https:\/\/expertworldtravel.com\/wp-content\/uploads\/2023\/03\/nomad-esim-installation-manage-300x158.jpg 300w, https:\/\/expertworldtravel.com\/wp-content\/uploads\/2023\/03\/nomad-esim-installation-manage-768x405.jpg 768w, https:\/\/expertworldtravel.com\/wp-content\/uploads\/2023\/03\/nomad-esim-installation-manage-80x42.jpg 80w, https:\/\/expertworldtravel.com\/wp-content\/uploads\/2023\/03\/nomad-esim-installation-manage-220x116.jpg 220w, https:\/\/expertworldtravel.com\/wp-content\/uploads\/2023\/03\/nomad-esim-installation-manage-190x100.jpg 190w, https:\/\/expertworldtravel.com\/wp-content\/uploads\/2023\/03\/nomad-esim-installation-manage-280x148.jpg 280w, https:\/\/expertworldtravel.com\/wp-content\/uploads\/2023\/03\/nomad-esim-installation-manage-451x238.jpg 451w, https:\/\/expertworldtravel.com\/wp-content\/uploads\/2023\/03\/nomad-esim-installation-manage-750x396.jpg 750w, https:\/\/expertworldtravel.com\/wp-content\/uploads\/2023\/03\/nomad-esim-installation-manage.jpg 800w\" sizes=\"(max-width: 500px) 100vw, 500px\" \/><p id=\"caption-attachment-3095909\" class=\"wp-caption-text\">Nomad-App f\u00fcr eSims<\/p><\/div>\n<p>Die App von <a href=\"https:\/\/www.getnomad.app\/?rfsn=7045778.947b00\" target=\"_blank\" rel=\"nofollow noopener\">Nomad<\/a> ist ebenfalls sehr modern und einfach zu bedienen und entspricht in etwa der von Airalos: andere Funktionen wie:<\/p>\n<ul>\n<li>eSims kaufen und erneuern<\/li>\n<li>Datenverwendung verfolgen<\/li>\n<li>Installieren Sie eSims auf Ihrem Handy<\/li>\n<\/ul>\n<h2>Wann sollten Sie Airalo verwenden?<\/h2>\n<p><a href=\"https:\/\/airalo.pxf.io\/Jre17v\" target=\"_blank\" rel=\"nofollow noopener\">Airalo ist eines der am einfachsten<\/a> zu kaufenden und zu verwendenden <a href=\"https:\/\/airalo.pxf.io\/Jre17v\" target=\"_blank\" rel=\"nofollow noopener\">eSims<\/a>. Ich w\u00fcrde sie den meisten Leuten empfehlen, die nur 1-10 GB f\u00fcr bis zu 30 Tage ben\u00f6tigen.<\/p>\n<p>Sie bieten eine breite Palette von globalen und regionalen Pl\u00e4nen an. Ihr Online- und App-Service ist gro\u00dfartig. Und im Vergleich zu Nomad sind sie in der Regel die g\u00fcnstigsten pro GB.<\/p>\n<p>Die einzige Zeit, in der ich Airalo NICHT verwenden w\u00fcrde, ist, wenn Sie<\/p>\n<ul>\n<li>SMS-Pakete speziell<\/li>\n<li>Es fehlt ein Land auf Airalo<\/li>\n<\/ul>\n<h2>Wann sollten Sie Nomad verwenden?<\/h2>\n<p>Ehrlich gesagt ist <a href=\"https:\/\/www.getnomad.app\/shop\/popular?rfsn=7045778.947b00\" target=\"_blank\" rel=\"nofollow noopener\">Nomad<\/a> Airalo so \u00e4hnlich, dass ich kaum Gr\u00fcnde finden kann, es Airalo vorzuziehen. Ich habe sie auf meinen Reisen ausprobiert, um sie mit Airalo zu vergleichen, und fand die Datengeschwindigkeit in Australien ein wenig langsamer. Ich habe auch festgestellt, dass die E-Mail-Benachrichtigungen nicht vorhanden oder zu sp\u00e4t sind.&nbsp;<\/p>\n<p>Die Zeiten, in denen sie n\u00fctzlich sind, sind f\u00fcr SMS-Pakete, da Airalo sie nicht hat. Und als ich in Singapur war, hatte Airalo aus irgendeinem seltsamen Grund keine Pakete mehr (fr\u00fcher war das der Fall).<\/p>\n<h2>Airalo vs. Nomad Datengeschwindigkeiten<\/h2>\n<p>Sowohl Airalo als auch Nomad nutzen die meiste Zeit 4G, haben aber manchmal unterschiedliche Anbieter. Nomad verwendet beispielsweise in den USA zwei verschiedene, und Sie k\u00f6nnen w\u00e4hlen, welche Sie nutzen m\u00f6chten (AT&amp;T ist pro GB teurer). Ich fand Nomad in Australien manchmal etwas langsamer, aber im Gro\u00dfen und Ganzen war es dasselbe.<\/p>\n<p>Der einzige gro\u00dfe Unterschied, der mir aufgefallen ist, war, dass ich in Singapur 5G mit Nomad hatte. Aber Airalo hatte \u00fcberhaupt keine Pl\u00e4ne, so dass ich die Datengeschwindigkeit dort nicht vergleichen konnte.<\/p>\n<h2>Airalo L\u00e4nderliste<\/h2>\n<p>Falls Sie sich gefragt haben, welche <a href=\"https:\/\/airalo.pxf.io\/Jre17v\" target=\"_blank\" rel=\"nofollow noopener\">L\u00e4nder Airalo<\/a> mit seinen verschiedenen eSims <a href=\"https:\/\/airalo.pxf.io\/Jre17v\" target=\"_blank\" rel=\"nofollow noopener\">abdeckt<\/a>:<\/p>\n<p><span data-sheets-value=\"{\" data-sheets-formula=\"=Join(\">Albanien, Argentinien, Australien, \u00d6sterreich, Aserbaidschan, Wei\u00dfrussland, Belgien, Bosnien und Herzegowina, Brasilien, Bulgarien, Kambodscha, Kanada, Chile, China, China (Hongkong), China (Macao), Kolumbien, Kroatien, Zypern, Tschechische Republik, D\u00e4nemark, Dominikanische Republik, Ecuador, Estland, Finnland, Frankreich, Georgien, Deutschland, Gibraltar, Griechenland, Ungarn, Island, Indien, Indonesien, Irak, Irland, Israel, Italien, Japan, Jersey, Kosovo, Kuwait, Lettland, Liechtenstein, Litauen, Luxemburg, Malaysia, Malta, Mexiko, Moldawien, Montenegro, Niederlande, Neuseeland, Nordmazedonien, Norwegen, Panama, Paraguay, Peru, Philippinen, Polen, Portugal, Puerto Rico, Katar, Rum\u00e4nien, Russland, Saudi-Arabien, Serbien, Slowakei, Slowenien, S\u00fcdafrika, S\u00fcdkorea, Spanien, Sri Lanka, Sudan, Schweden, Schweiz, Taiwan, Tadschikistan, Thailand, T\u00fcrkei, Vereinigtes K\u00f6nigreich, Vereinigte Staaten, Vietnam, Virgin Islands (U.S.)<\/span><\/p>\n<h2>Nomad L\u00e4nderliste (115 L\u00e4nder)<\/h2>\n<p>Nomad hat eine etwas l\u00e4ngere Liste von 115 L\u00e4ndern im Vergleich zu den 84 von Airalo. Hier ist die L\u00e4nderliste:<\/p>\n<p><span data-sheets-value=\"{\" data-sheets-formula=\"=join(\">Albanien, Argentinien, Armenien, Australien, Barbados, Belgien, Bermuda, Brasilien, Bulgarien, Chile, China, Costa Rica, D\u00e4nemark, Ecuador, El Salvador, Estland, F\u00e4r\u00f6er, Fidschi, Finnland, Frankreich, Franz\u00f6sisch-Guayana, Deutschland, Ghana, Gibraltar, Griechenland, Grenada, Guadeloupe, Guadeloupe, Guernsey, Guyana, Kambodscha, Kolumbien, Kongo, Kroatien, Tschechische Republik, Zypern Deutschland, Ghana, Gibraltar, Griechenland, Grenada, Guadeloupe, Guatemala, Guernsey, Guyana, Heiliger Stuhl (die), Honduras, Hongkong, Ungarn, Island, Indien, Indonesien, Irland, Isle of Man, Israel, Italien, Jamaika, Japan, Jersey, Kasachstan, Lettland, Liechtenstein, Litauen, Luxemburg, Macao, Malaysia, Malta, Martinique, Mayotte, Mexiko, Moldawien (Republik), Monaco, Mongolei, Montenegro, Montserrat, Mosambik, Niederlande, Neuseeland, Nicaragua, Norwegen, Panama, Paraguay, Peru, Philippinen, Polen, Portugal, Puerto Rico, Katar, Republik Nordmazedonien, R\u00e9union, Rum\u00e4nien, Russische F\u00f6deration, St. Kitts und Nevis, St. Lucia, Samoa, San Marino, Saudi-Arabien, Serbien, Singapur, Slowakei, Slowenien, Salomonen, S\u00fcdafrika, S\u00fcdkorea, Spanien, Sri Lanka, Surinam, Schweden, Schweiz, Taiwan, Tansania, Thailand, Trinidad und Tobago, T\u00fcrkei, Turks &amp; Caicos Caicos, Vereinigte Arabische Emirate, Vereinigtes K\u00f6nigreich, Vereinigte Staaten, Uruguay, Vanuatu, Vietnam.<\/span><\/p>\n","protected":false},"excerpt":{"rendered":"<p>Zurzeit sind Airalo und Nomad zwei der f\u00fchrenden eSim-Anbieter auf dem Markt, und Sie fragen sich vielleicht, welcher f\u00fcr Sie der beste ist. Ihre Prepaid-eSim-Datenpakete decken eine Vielzahl von L\u00e4ndern und Regionen weltweit ab. Die Vor- und Nachteile sind unterschiedlich, so dass Sie entscheiden m\u00fcssen, welche L\u00f6sung Ihren Bed\u00fcrfnissen am besten entspricht. Im folgenden Beitrag [&hellip;]<\/p>\n","protected":false},"author":1,"featured_media":0,"parent":0,"menu_order":0,"comment_status":"closed","ping_status":"closed","template":"","meta":{"_lmt_disableupdate":"no","_lmt_disable":""},"categories":[],"acf":[],"_links":{"self":[{"href":"https:\/\/expertworldtravel.com\/de\/wp-json\/wp\/v2\/pages\/3095911"}],"collection":[{"href":"https:\/\/expertworldtravel.com\/de\/wp-json\/wp\/v2\/pages"}],"about":[{"href":"https:\/\/expertworldtravel.com\/de\/wp-json\/wp\/v2\/types\/page"}],"author":[{"embeddable":true,"href":"https:\/\/expertworldtravel.com\/de\/wp-json\/wp\/v2\/users\/1"}],"replies":[{"embeddable":true,"href":"https:\/\/expertworldtravel.com\/de\/wp-json\/wp\/v2\/comments?post=3095911"}],"version-history":[{"count":0,"href":"https:\/\/expertworldtravel.com\/de\/wp-json\/wp\/v2\/pages\/3095911\/revisions"}],"wp:attachment":[{"href":"https:\/\/expertworldtravel.com\/de\/wp-json\/wp\/v2\/media?parent=3095911"}],"wp:term":[{"taxonomy":"category","embeddable":true,"href":"https:\/\/expertworldtravel.com\/de\/wp-json\/wp\/v2\/categories?post=3095911"}],"curies":[{"name":"wp","href":"https:\/\/api.w.org\/{rel}","templated":true}]}}