{"id":3095926,"date":"2023-03-10T12:40:28","date_gmt":"2023-03-10T12:40:28","guid":{"rendered":"https:\/\/expertworldtravel.com\/beste-esim-dubai-vereinigte-arabische-emirate\/"},"modified":"2023-03-10T15:28:07","modified_gmt":"2023-03-10T15:28:07","slug":"beste-esim-dubai-vereinigte-arabische-emirate","status":"publish","type":"page","link":"https:\/\/expertworldtravel.com\/de\/beste-esim-dubai-vereinigte-arabische-emirate\/","title":{"rendered":"Bestes eSim f\u00fcr Dubai im 2023 (Vereinigte Arabische Emirate)"},"content":{"rendered":"<p>Wenn Sie demn\u00e4chst nach Dubai und in die Vereinigten Arabischen Emirate reisen, dann ist eine Prepaid-eSim die perfekte M\u00f6glichkeit, um auf Ihrer Reise \u00fcber mobile Daten zu verf\u00fcgen.<\/p>\n<p>Sicher, Ihr Hotel hat vielleicht Wifi im Zimmer, aber wenn Sie am Pool, am Strand oder in der Stadt unterwegs sind, brauchen Sie auf jeden Fall Daten auf Ihrem Handy.<\/p>\n<p>Das Problem ist, dass es in den VAE nicht so viele eSim-Datenpakete gibt wie in anderen L\u00e4ndern. Ich habe jedoch alle eSim-Unternehmen durchforstet und das beste eSim f\u00fcr die Vereinigten Arabischen Emirate gefunden, das ich finden konnte.<\/p>\n","protected":false},"excerpt":{"rendered":"<p>Wenn Sie demn\u00e4chst nach Dubai und in die Vereinigten Arabischen Emirate reisen, dann ist eine Prepaid-eSim die perfekte M\u00f6glichkeit, um auf Ihrer Reise \u00fcber mobile Daten zu verf\u00fcgen. Sicher, Ihr Hotel hat vielleicht Wifi im Zimmer, aber wenn Sie am Pool, am Strand oder in der Stadt unterwegs sind, brauchen Sie auf jeden Fall Daten [&hellip;]<\/p>\n","protected":false},"author":1,"featured_media":0,"parent":0,"menu_order":0,"comment_status":"closed","ping_status":"closed","template":"best-template.php","meta":{"_lmt_disableupdate":"no","_lmt_disable":""},"categories":[600145],"acf":[],"_links":{"self":[{"href":"https:\/\/expertworldtravel.com\/de\/wp-json\/wp\/v2\/pages\/3095926"}],"collection":[{"href":"https:\/\/expertworldtravel.com\/de\/wp-json\/wp\/v2\/pages"}],"about":[{"href":"https:\/\/expertworldtravel.com\/de\/wp-json\/wp\/v2\/types\/page"}],"author":[{"embeddable":true,"href":"https:\/\/expertworldtravel.com\/de\/wp-json\/wp\/v2\/users\/1"}],"replies":[{"embeddable":true,"href":"https:\/\/expertworldtravel.com\/de\/wp-json\/wp\/v2\/comments?post=3095926"}],"version-history":[{"count":0,"href":"https:\/\/expertworldtravel.com\/de\/wp-json\/wp\/v2\/pages\/3095926\/revisions"}],"wp:attachment":[{"href":"https:\/\/expertworldtravel.com\/de\/wp-json\/wp\/v2\/media?parent=3095926"}],"wp:term":[{"taxonomy":"category","embeddable":true,"href":"https:\/\/expertworldtravel.com\/de\/wp-json\/wp\/v2\/categories?post=3095926"}],"curies":[{"name":"wp","href":"https:\/\/api.w.org\/{rel}","templated":true}]}}