{"id":3096902,"date":"2023-03-20T13:26:49","date_gmt":"2023-03-20T13:26:49","guid":{"rendered":"https:\/\/expertworldtravel.com\/best-esim-belgien\/"},"modified":"2025-01-21T10:00:00","modified_gmt":"2025-01-21T10:00:00","slug":"best-esim-belgien","status":"publish","type":"page","link":"https:\/\/expertworldtravel.com\/de\/best-esim-belgien\/","title":{"rendered":"Beste eSIM f\u00fcr Belgien (Reisen mit Leichtigkeit)"},"content":{"rendered":"<p>Sie reisen nach Belgien und m\u00f6chten eine eSIM erwerben? Dann sind Sie hier genau richtig, denn in diesem Leitfaden erfahren Sie alles \u00fcber die besten eSim-Optionen f\u00fcr Belgien!<\/p>\n<p>Egal, ob Sie nur einen Tag oder einen Monat lang einen Internetzugang ben\u00f6tigen, es gibt mindestens ein tolles belgisches eSIM-Paket f\u00fcr Sie. Und bei einigen sind sogar SMS und Anrufe enthalten, was bei eSIMs selten ist.<\/p>\n<p>Dieser Leitfaden umfasst alle <a href=\"https:\/\/expertworldtravel.com\/best-esim-europe\/\" target=\"_blank\" rel=\"noopener\">f\u00fchrenden eSIM-Anbieter f\u00fcr Europa<\/a>, die eSIMs f\u00fcr Belgien anbieten, sowie einige lokale Anbieter im Land, die haupts\u00e4chlich physische Simkarten f\u00fcr Touristen verkaufen. Hier finden Sie auf jeden Fall alles, was Sie \u00fcber den besten eSim f\u00fcr Belgien wissen m\u00fcssen!<\/p>\n","protected":false},"excerpt":{"rendered":"<p>Sie reisen nach Belgien und m\u00f6chten eine eSIM erwerben? Dann sind Sie hier genau richtig, denn in diesem Leitfaden erfahren Sie alles \u00fcber die besten eSim-Optionen f\u00fcr Belgien! Egal, ob Sie nur einen Tag oder einen Monat lang einen Internetzugang ben\u00f6tigen, es gibt mindestens ein tolles belgisches eSIM-Paket f\u00fcr Sie. Und bei einigen sind sogar [&hellip;]<\/p>\n","protected":false},"author":2,"featured_media":3096229,"parent":0,"menu_order":0,"comment_status":"closed","ping_status":"closed","template":"best-esim-template.php","meta":{"_lmt_disableupdate":"no","_lmt_disable":""},"categories":[],"acf":[],"_links":{"self":[{"href":"https:\/\/expertworldtravel.com\/de\/wp-json\/wp\/v2\/pages\/3096902"}],"collection":[{"href":"https:\/\/expertworldtravel.com\/de\/wp-json\/wp\/v2\/pages"}],"about":[{"href":"https:\/\/expertworldtravel.com\/de\/wp-json\/wp\/v2\/types\/page"}],"author":[{"embeddable":true,"href":"https:\/\/expertworldtravel.com\/de\/wp-json\/wp\/v2\/users\/2"}],"replies":[{"embeddable":true,"href":"https:\/\/expertworldtravel.com\/de\/wp-json\/wp\/v2\/comments?post=3096902"}],"version-history":[{"count":1,"href":"https:\/\/expertworldtravel.com\/de\/wp-json\/wp\/v2\/pages\/3096902\/revisions"}],"predecessor-version":[{"id":3136453,"href":"https:\/\/expertworldtravel.com\/de\/wp-json\/wp\/v2\/pages\/3096902\/revisions\/3136453"}],"wp:featuredmedia":[{"embeddable":true,"href":"https:\/\/expertworldtravel.com\/de\/wp-json\/wp\/v2\/media\/3096229"}],"wp:attachment":[{"href":"https:\/\/expertworldtravel.com\/de\/wp-json\/wp\/v2\/media?parent=3096902"}],"wp:term":[{"taxonomy":"category","embeddable":true,"href":"https:\/\/expertworldtravel.com\/de\/wp-json\/wp\/v2\/categories?post=3096902"}],"curies":[{"name":"wp","href":"https:\/\/api.w.org\/{rel}","templated":true}]}}