{"id":3096904,"date":"2023-03-24T20:01:52","date_gmt":"2023-03-24T20:01:52","guid":{"rendered":"https:\/\/expertworldtravel.com\/beste-esim-australien-2\/"},"modified":"2024-12-26T12:36:18","modified_gmt":"2024-12-26T12:36:18","slug":"beste-esim-australien-2","status":"publish","type":"page","link":"https:\/\/expertworldtravel.com\/de\/beste-esim-australien-2\/","title":{"rendered":"Die beste eSIM f\u00fcr Australien im Jahr 2025 (billigeres mobiles Internet)"},"content":{"rendered":"<p>Sie reisen nach Australien und ben\u00f6tigen eine eSim w\u00e4hrend Ihres Aufenthalts? Dann sind Sie hier genau richtig, denn dieser ausf\u00fchrliche Leitfaden hilft Ihnen, das beste eSim f\u00fcr Australien zu finden!<\/p>\n<p>Ich habe mich sowohl mit lokalen als auch mit <a href=\"https:\/\/expertworldtravel.com\/best-esim-international-travel\/\" target=\"_blank\" rel=\"noopener\">internationalen eSIM-Anbietern<\/a> besch\u00e4ftigt und die bei Reisenden beliebtesten Optionen verglichen. Es gibt eine perfekte australische eSim f\u00fcr Sie, und Sie werden sie zweifellos in diesem Leitfaden finden.<\/p>\n","protected":false},"excerpt":{"rendered":"<p>Sie reisen nach Australien und ben\u00f6tigen eine eSim w\u00e4hrend Ihres Aufenthalts? Dann sind Sie hier genau richtig, denn dieser ausf\u00fchrliche Leitfaden hilft Ihnen, das beste eSim f\u00fcr Australien zu finden! Ich habe mich sowohl mit lokalen als auch mit internationalen eSIM-Anbietern besch\u00e4ftigt und die bei Reisenden beliebtesten Optionen verglichen. Es gibt eine perfekte australische eSim [&hellip;]<\/p>\n","protected":false},"author":2,"featured_media":3094408,"parent":0,"menu_order":0,"comment_status":"closed","ping_status":"closed","template":"best-esim-template.php","meta":{"_lmt_disableupdate":"no","_lmt_disable":""},"categories":[],"acf":[],"_links":{"self":[{"href":"https:\/\/expertworldtravel.com\/de\/wp-json\/wp\/v2\/pages\/3096904"}],"collection":[{"href":"https:\/\/expertworldtravel.com\/de\/wp-json\/wp\/v2\/pages"}],"about":[{"href":"https:\/\/expertworldtravel.com\/de\/wp-json\/wp\/v2\/types\/page"}],"author":[{"embeddable":true,"href":"https:\/\/expertworldtravel.com\/de\/wp-json\/wp\/v2\/users\/2"}],"replies":[{"embeddable":true,"href":"https:\/\/expertworldtravel.com\/de\/wp-json\/wp\/v2\/comments?post=3096904"}],"version-history":[{"count":1,"href":"https:\/\/expertworldtravel.com\/de\/wp-json\/wp\/v2\/pages\/3096904\/revisions"}],"predecessor-version":[{"id":3141877,"href":"https:\/\/expertworldtravel.com\/de\/wp-json\/wp\/v2\/pages\/3096904\/revisions\/3141877"}],"wp:featuredmedia":[{"embeddable":true,"href":"https:\/\/expertworldtravel.com\/de\/wp-json\/wp\/v2\/media\/3094408"}],"wp:attachment":[{"href":"https:\/\/expertworldtravel.com\/de\/wp-json\/wp\/v2\/media?parent=3096904"}],"wp:term":[{"taxonomy":"category","embeddable":true,"href":"https:\/\/expertworldtravel.com\/de\/wp-json\/wp\/v2\/categories?post=3096904"}],"curies":[{"name":"wp","href":"https:\/\/api.w.org\/{rel}","templated":true}]}}