{"id":3096911,"date":"2023-03-26T15:35:57","date_gmt":"2023-03-26T15:35:57","guid":{"rendered":"https:\/\/expertworldtravel.com\/beste-esim-neuseeland\/"},"modified":"2024-12-20T12:46:23","modified_gmt":"2024-12-20T12:46:23","slug":"beste-esim-neuseeland","status":"publish","type":"page","link":"https:\/\/expertworldtravel.com\/de\/beste-esim-neuseeland\/","title":{"rendered":"Beste eSIM f\u00fcr Neuseeland (lokale und internationale Optionen)"},"content":{"rendered":"<p class=\"ifp\">Ben\u00f6tigen Sie eine eSim f\u00fcr eine Reise nach Neuseeland?<br \/>\nDann sind Sie hier genau richtig, denn dieser ausf\u00fchrliche Leitfaden stellt Ihnen die besten M\u00f6glichkeiten f\u00fcr eSims in Neuseeland vor! <\/p>\n<p>Egal, ob Sie nur ein paar GB mobiler Daten f\u00fcr eine kurze Reise ben\u00f6tigen oder eine eSim mit der Funktionalit\u00e4t einer physischen Sim-Karte suchen, hier finden Sie alles, was Sie \u00fcber neuseel\u00e4ndische eSims wissen m\u00fcssen.<br \/>\nLesen Sie weiter, um herauszufinden, welche M\u00f6glichkeiten Sie haben, wenn es um eine eSim f\u00fcr Neuseeland geht! <\/p>\n","protected":false},"excerpt":{"rendered":"<p>Ben\u00f6tigen Sie eine eSim f\u00fcr eine Reise nach Neuseeland? Dann sind Sie hier genau richtig, denn dieser ausf\u00fchrliche Leitfaden stellt Ihnen die besten M\u00f6glichkeiten f\u00fcr eSims in Neuseeland vor! Egal, ob Sie nur ein paar GB mobiler Daten f\u00fcr eine kurze Reise ben\u00f6tigen oder eine eSim mit der Funktionalit\u00e4t einer physischen Sim-Karte suchen, hier finden [&hellip;]<\/p>\n","protected":false},"author":2,"featured_media":0,"parent":0,"menu_order":0,"comment_status":"closed","ping_status":"closed","template":"best-esim-template.php","meta":{"_lmt_disableupdate":"","_lmt_disable":""},"categories":[],"acf":[],"_links":{"self":[{"href":"https:\/\/expertworldtravel.com\/de\/wp-json\/wp\/v2\/pages\/3096911"}],"collection":[{"href":"https:\/\/expertworldtravel.com\/de\/wp-json\/wp\/v2\/pages"}],"about":[{"href":"https:\/\/expertworldtravel.com\/de\/wp-json\/wp\/v2\/types\/page"}],"author":[{"embeddable":true,"href":"https:\/\/expertworldtravel.com\/de\/wp-json\/wp\/v2\/users\/2"}],"replies":[{"embeddable":true,"href":"https:\/\/expertworldtravel.com\/de\/wp-json\/wp\/v2\/comments?post=3096911"}],"version-history":[{"count":2,"href":"https:\/\/expertworldtravel.com\/de\/wp-json\/wp\/v2\/pages\/3096911\/revisions"}],"predecessor-version":[{"id":3141719,"href":"https:\/\/expertworldtravel.com\/de\/wp-json\/wp\/v2\/pages\/3096911\/revisions\/3141719"}],"wp:attachment":[{"href":"https:\/\/expertworldtravel.com\/de\/wp-json\/wp\/v2\/media?parent=3096911"}],"wp:term":[{"taxonomy":"category","embeddable":true,"href":"https:\/\/expertworldtravel.com\/de\/wp-json\/wp\/v2\/categories?post=3096911"}],"curies":[{"name":"wp","href":"https:\/\/api.w.org\/{rel}","templated":true}]}}