{"id":3097055,"date":"2023-03-31T07:20:23","date_gmt":"2023-03-31T07:20:23","guid":{"rendered":"https:\/\/expertworldtravel.com\/beste-5g-ziele\/"},"modified":"2023-04-25T16:49:52","modified_gmt":"2023-04-25T16:49:52","slug":"5g-esim","status":"publish","type":"page","link":"https:\/\/expertworldtravel.com\/de\/5g-esim\/","title":{"rendered":"Beste 5G eSims (lokale und regionale Optionen)"},"content":{"rendered":"<p>Die Dinge haben sich mit unseren Telefonen stark ver\u00e4ndert. Mit 5G k\u00f6nnen Sie jetzt auch unterwegs rasend schnelles Internet nutzen. Und wenn man die Flexibilit\u00e4t eines eSim hinzuf\u00fcgt, erreicht die Sache eine neue Dimension.<\/p>\n<p>Wenn Sie auf der Suche nach einer 5G eSIM sind, haben Sie Gl\u00fcck. Es gibt inzwischen so viele Angebote auf dem Markt, dass Sie f\u00fcr die meisten Reiseziele eine eSim finden sollten. Und im Laufe der Zeit werden es noch mehr sein.<\/p>\n<p>Lesen Sie also weiter, um herauszufinden, welche 5G-eSim-Optionen Ihnen zur Verf\u00fcgung stehen.<\/p>\n","protected":false},"excerpt":{"rendered":"<p>Die Dinge haben sich mit unseren Telefonen stark ver\u00e4ndert. Mit 5G k\u00f6nnen Sie jetzt auch unterwegs rasend schnelles Internet nutzen. Und wenn man die Flexibilit\u00e4t eines eSim hinzuf\u00fcgt, erreicht die Sache eine neue Dimension. Wenn Sie auf der Suche nach einer 5G eSIM sind, haben Sie Gl\u00fcck. Es gibt inzwischen so viele Angebote auf dem [&hellip;]<\/p>\n","protected":false},"author":2,"featured_media":0,"parent":0,"menu_order":0,"comment_status":"closed","ping_status":"closed","template":"best-esim-template.php","meta":{"_lmt_disableupdate":"no","_lmt_disable":""},"categories":[],"acf":[],"_links":{"self":[{"href":"https:\/\/expertworldtravel.com\/de\/wp-json\/wp\/v2\/pages\/3097055"}],"collection":[{"href":"https:\/\/expertworldtravel.com\/de\/wp-json\/wp\/v2\/pages"}],"about":[{"href":"https:\/\/expertworldtravel.com\/de\/wp-json\/wp\/v2\/types\/page"}],"author":[{"embeddable":true,"href":"https:\/\/expertworldtravel.com\/de\/wp-json\/wp\/v2\/users\/2"}],"replies":[{"embeddable":true,"href":"https:\/\/expertworldtravel.com\/de\/wp-json\/wp\/v2\/comments?post=3097055"}],"version-history":[{"count":0,"href":"https:\/\/expertworldtravel.com\/de\/wp-json\/wp\/v2\/pages\/3097055\/revisions"}],"wp:attachment":[{"href":"https:\/\/expertworldtravel.com\/de\/wp-json\/wp\/v2\/media?parent=3097055"}],"wp:term":[{"taxonomy":"category","embeddable":true,"href":"https:\/\/expertworldtravel.com\/de\/wp-json\/wp\/v2\/categories?post=3097055"}],"curies":[{"name":"wp","href":"https:\/\/api.w.org\/{rel}","templated":true}]}}