{"id":3097554,"date":"2023-04-18T14:34:04","date_gmt":"2023-04-18T14:34:04","guid":{"rendered":"https:\/\/expertworldtravel.com\/beste-esim-niederlande\/"},"modified":"2024-12-27T06:59:07","modified_gmt":"2024-12-27T06:59:07","slug":"esim-niederlande","status":"publish","type":"page","link":"https:\/\/expertworldtravel.com\/de\/esim-niederlande\/","title":{"rendered":"Beste eSIM f\u00fcr die Niederlande (billigere Prepaid-Daten)"},"content":{"rendered":"<p>Wenn Sie eine Reise in die Niederlande planen, fragen Sie sich vielleicht, ob eine eSIM die beste L\u00f6sung ist, um w\u00e4hrend Ihrer Reise in Verbindung zu bleiben.<\/p>\n<p>eSims werden immer beliebter, wenn es darum geht, im Ausland eine Datenverbindung zu haben, denn sie sind viel billiger als Datenroaming und auch bequemer.<\/p>\n<p>Ich werde Ihnen helfen, die beste eSIM f\u00fcr die Niederlande zu finden. Wir werden uns die besten eSIM-Anbieter, ihre Abdeckung, Verbindungsgeschwindigkeiten und mehr ansehen, damit Sie den besten eSIM-Datentarif f\u00fcr Ihre Bed\u00fcrfnisse in den Niederlanden finden k\u00f6nnen.<\/p>\n<h2>Die besten eSIM-Anbieter in den Niederlanden<\/h2>\n","protected":false},"excerpt":{"rendered":"<p>Wenn Sie eine Reise in die Niederlande planen, fragen Sie sich vielleicht, ob eine eSIM die beste L\u00f6sung ist, um w\u00e4hrend Ihrer Reise in Verbindung zu bleiben. eSims werden immer beliebter, wenn es darum geht, im Ausland eine Datenverbindung zu haben, denn sie sind viel billiger als Datenroaming und auch bequemer. Ich werde Ihnen helfen, [&hellip;]<\/p>\n","protected":false},"author":2,"featured_media":3097441,"parent":0,"menu_order":0,"comment_status":"closed","ping_status":"closed","template":"best-esim-template.php","meta":{"_lmt_disableupdate":"no","_lmt_disable":""},"categories":[600152,600145],"acf":[],"_links":{"self":[{"href":"https:\/\/expertworldtravel.com\/de\/wp-json\/wp\/v2\/pages\/3097554"}],"collection":[{"href":"https:\/\/expertworldtravel.com\/de\/wp-json\/wp\/v2\/pages"}],"about":[{"href":"https:\/\/expertworldtravel.com\/de\/wp-json\/wp\/v2\/types\/page"}],"author":[{"embeddable":true,"href":"https:\/\/expertworldtravel.com\/de\/wp-json\/wp\/v2\/users\/2"}],"replies":[{"embeddable":true,"href":"https:\/\/expertworldtravel.com\/de\/wp-json\/wp\/v2\/comments?post=3097554"}],"version-history":[{"count":2,"href":"https:\/\/expertworldtravel.com\/de\/wp-json\/wp\/v2\/pages\/3097554\/revisions"}],"predecessor-version":[{"id":3141373,"href":"https:\/\/expertworldtravel.com\/de\/wp-json\/wp\/v2\/pages\/3097554\/revisions\/3141373"}],"wp:featuredmedia":[{"embeddable":true,"href":"https:\/\/expertworldtravel.com\/de\/wp-json\/wp\/v2\/media\/3097441"}],"wp:attachment":[{"href":"https:\/\/expertworldtravel.com\/de\/wp-json\/wp\/v2\/media?parent=3097554"}],"wp:term":[{"taxonomy":"category","embeddable":true,"href":"https:\/\/expertworldtravel.com\/de\/wp-json\/wp\/v2\/categories?post=3097554"}],"curies":[{"name":"wp","href":"https:\/\/api.w.org\/{rel}","templated":true}]}}