{"id":3097694,"date":"2023-04-17T13:39:04","date_gmt":"2023-04-17T13:39:04","guid":{"rendered":"https:\/\/expertworldtravel.com\/best-esim-ecuador\/"},"modified":"2023-04-28T06:02:07","modified_gmt":"2023-04-28T06:02:07","slug":"best-esim-ecuador","status":"publish","type":"page","link":"https:\/\/expertworldtravel.com\/de\/best-esim-ecuador\/","title":{"rendered":"Bestes eSim f\u00fcr Ecuador (Detaillierter Leitfaden f\u00fcr Reisende)"},"content":{"rendered":"<p>Sie suchen ein eSim f\u00fcr den Einsatz in Ecuador? Dann sind Sie hier genau richtig, denn dieser ausf\u00fchrliche Leitfaden enth\u00e4lt die besten Optionen f\u00fcr ein eSim in Ecuador.&nbsp;<\/p>\n<p>Ich habe die besten internationalen und lokalen Anbieter aufgelistet, so dass Sie viele Optionen f\u00fcr eine eSim zur Auswahl haben. Ecuador ist auch in vielen<a href=\"https:\/\/expertworldtravel.com\/best-esim-south-america\/\" target=\"_blank\" rel=\"noopener\">&nbsp;S\u00fcdamerika eSims<\/a> enthalten, was vielleicht die beste Option ist, wenn Ihre Reisepl\u00e4ne \u00fcber das Land hinausgehen. Lesen Sie weiter, um die besten Anbieter f\u00fcr eine Ecuador eSim zu finden und den perfekten Datentarif f\u00fcr Sie zu finden!<\/p>\n","protected":false},"excerpt":{"rendered":"<p>Sie suchen ein eSim f\u00fcr den Einsatz in Ecuador? Dann sind Sie hier genau richtig, denn dieser ausf\u00fchrliche Leitfaden enth\u00e4lt die besten Optionen f\u00fcr ein eSim in Ecuador.&nbsp; Ich habe die besten internationalen und lokalen Anbieter aufgelistet, so dass Sie viele Optionen f\u00fcr eine eSim zur Auswahl haben. Ecuador ist auch in vielen&nbsp;S\u00fcdamerika eSims enthalten, [&hellip;]<\/p>\n","protected":false},"author":6,"featured_media":3097399,"parent":0,"menu_order":0,"comment_status":"closed","ping_status":"closed","template":"best-esim-template.php","meta":{"_lmt_disableupdate":"no","_lmt_disable":""},"categories":[600145],"acf":[],"_links":{"self":[{"href":"https:\/\/expertworldtravel.com\/de\/wp-json\/wp\/v2\/pages\/3097694"}],"collection":[{"href":"https:\/\/expertworldtravel.com\/de\/wp-json\/wp\/v2\/pages"}],"about":[{"href":"https:\/\/expertworldtravel.com\/de\/wp-json\/wp\/v2\/types\/page"}],"author":[{"embeddable":true,"href":"https:\/\/expertworldtravel.com\/de\/wp-json\/wp\/v2\/users\/6"}],"replies":[{"embeddable":true,"href":"https:\/\/expertworldtravel.com\/de\/wp-json\/wp\/v2\/comments?post=3097694"}],"version-history":[{"count":0,"href":"https:\/\/expertworldtravel.com\/de\/wp-json\/wp\/v2\/pages\/3097694\/revisions"}],"wp:featuredmedia":[{"embeddable":true,"href":"https:\/\/expertworldtravel.com\/de\/wp-json\/wp\/v2\/media\/3097399"}],"wp:attachment":[{"href":"https:\/\/expertworldtravel.com\/de\/wp-json\/wp\/v2\/media?parent=3097694"}],"wp:term":[{"taxonomy":"category","embeddable":true,"href":"https:\/\/expertworldtravel.com\/de\/wp-json\/wp\/v2\/categories?post=3097694"}],"curies":[{"name":"wp","href":"https:\/\/api.w.org\/{rel}","templated":true}]}}