{"id":3097698,"date":"2023-03-28T19:08:39","date_gmt":"2023-03-28T19:08:39","guid":{"rendered":"https:\/\/expertworldtravel.com\/beste-esim-indonesien\/"},"modified":"2024-12-19T10:56:45","modified_gmt":"2024-12-19T10:56:45","slug":"beste-esim-indonesien","status":"publish","type":"page","link":"https:\/\/expertworldtravel.com\/de\/beste-esim-indonesien\/","title":{"rendered":"Beste eSIM f\u00fcr Indonesien (Erschwingliche Bali eSim)"},"content":{"rendered":"<p class=\"ifp\">Sie m\u00f6chten eine eSim f\u00fcr eine Reise nach Indonesien oder Bali kaufen, sind sich aber nicht sicher, welche M\u00f6glichkeiten Sie haben? Dann sind Sie hier genau richtig, denn dieser ausf\u00fchrliche Leitfaden enth\u00e4lt die beliebtesten eSims f\u00fcr Indonesien und Bali! <\/p>\n<p>Hier finden Sie verschiedene eSim-Optionen f\u00fcr Indonesien, von g\u00fcnstigen Datentarifen f\u00fcr Kurzreisen bis hin zu Paketen, die unbegrenzte <a href=\"https:\/\/expertworldtravel.com\/best-esim-asia\/\" target=\"_blank\" rel=\"noopener\">Daten-eSims innerhalb Asiens<\/a> bieten. Egal, ob Sie nur ein paar Tage oder mindestens einen Monat im Land bleiben, es gibt verschiedene eSims, die Ihre Bed\u00fcrfnisse abdecken, und Sie k\u00f6nnen alles dar\u00fcber unten lesen!<\/p>\n","protected":false},"excerpt":{"rendered":"<p>Sie m\u00f6chten eine eSim f\u00fcr eine Reise nach Indonesien oder Bali kaufen, sind sich aber nicht sicher, welche M\u00f6glichkeiten Sie haben? Dann sind Sie hier genau richtig, denn dieser ausf\u00fchrliche Leitfaden enth\u00e4lt die beliebtesten eSims f\u00fcr Indonesien und Bali! Hier finden Sie verschiedene eSim-Optionen f\u00fcr Indonesien, von g\u00fcnstigen Datentarifen f\u00fcr Kurzreisen bis hin zu Paketen, [&hellip;]<\/p>\n","protected":false},"author":2,"featured_media":0,"parent":0,"menu_order":0,"comment_status":"closed","ping_status":"closed","template":"best-esim-template.php","meta":{"_lmt_disableupdate":"","_lmt_disable":""},"categories":[],"acf":[],"_links":{"self":[{"href":"https:\/\/expertworldtravel.com\/de\/wp-json\/wp\/v2\/pages\/3097698"}],"collection":[{"href":"https:\/\/expertworldtravel.com\/de\/wp-json\/wp\/v2\/pages"}],"about":[{"href":"https:\/\/expertworldtravel.com\/de\/wp-json\/wp\/v2\/types\/page"}],"author":[{"embeddable":true,"href":"https:\/\/expertworldtravel.com\/de\/wp-json\/wp\/v2\/users\/2"}],"replies":[{"embeddable":true,"href":"https:\/\/expertworldtravel.com\/de\/wp-json\/wp\/v2\/comments?post=3097698"}],"version-history":[{"count":1,"href":"https:\/\/expertworldtravel.com\/de\/wp-json\/wp\/v2\/pages\/3097698\/revisions"}],"predecessor-version":[{"id":3141668,"href":"https:\/\/expertworldtravel.com\/de\/wp-json\/wp\/v2\/pages\/3097698\/revisions\/3141668"}],"wp:attachment":[{"href":"https:\/\/expertworldtravel.com\/de\/wp-json\/wp\/v2\/media?parent=3097698"}],"wp:term":[{"taxonomy":"category","embeddable":true,"href":"https:\/\/expertworldtravel.com\/de\/wp-json\/wp\/v2\/categories?post=3097698"}],"curies":[{"name":"wp","href":"https:\/\/api.w.org\/{rel}","templated":true}]}}