{"id":3097824,"date":"2023-03-20T21:56:45","date_gmt":"2023-03-20T21:56:45","guid":{"rendered":"https:\/\/expertworldtravel.com\/best-esim-france\/"},"modified":"2024-12-28T18:26:09","modified_gmt":"2024-12-28T18:26:09","slug":"best-esim-france","status":"publish","type":"page","link":"https:\/\/expertworldtravel.com\/de\/best-esim-france\/","title":{"rendered":"Die besten eSIMs f\u00fcr Frankreich-Reisedaten (Auswahl)"},"content":{"rendered":"<p>Der Kauf einer eSIM f\u00fcr Frankreich kann ein wenig verwirrend sein. Sicher, eSIMs sind einfach zu benutzen und sparen viel Geld, aber bei so vielen eSIM-Anbietern f\u00fcr Frankreich kann es schwierig sein zu wissen, welcher der beste ist. Ich lebe seit \u00fcber 22 Jahren in Europa und habe diesen Kontinent in allen Teilen bereist. Und nachdem ich eSIMs entdeckt hatte, habe ich nie wieder zur\u00fcckgeblickt. Meiner Erfahrung nach spart man damit so viel Zeit und Geld, vor allem, wenn man viele L\u00e4nder besucht. Wenn Sie vorhaben, durch Europa zu reisen, lesen Sie <a href=\"https:\/\/expertworldtravel.com\/best-esim-europe\/\" target=\"_blank\" rel=\"noopener\">meinen Leitfaden zu europ\u00e4ischen eSIMs<\/a>. Die Preise sind vergleichbar, aber Sie k\u00f6nnen dieselbe eSIM behalten und sie \u00fcberall verwenden! In diesem Leitfaden m\u00f6chte ich Ihnen helfen, die besten eSIMs f\u00fcr Frankreich zu finden, damit Sie Ihre Reise fortsetzen k\u00f6nnen.<\/p>\n<h2>Auswahl Ihrer eSIM f\u00fcr Frankreich<\/h2>\n<p>Ich habe auf meinen Reisen in Europa viele eSIMs verwendet und finde es hilfreich, die Wahl der eSIM so aufzuschl\u00fcsseln:<\/p>\n<h3>Menge der Daten<\/h3>\n<p>Entscheiden Sie, wie viele Daten Sie w\u00e4hrend Ihres Aufenthalts in Frankreich nutzen werden. (Haben Sie Wifi im Hotel oder Airbnb, m\u00fcssen Sie \u00fcber Ihr Telefon arbeiten) <\/p>\n<h3>Dauer Ihres Aufenthalts<\/h3>\n<p>Die meisten Pl\u00e4ne gelten f\u00fcr 5, 7, 10, 15 oder 30 Tage, je nach Anbieter. L\u00e4ngere Tarife sind oft etwas teurer. <\/p>\n<h3>Anrufe &amp; Texte<\/h3>\n<p>Sie k\u00f6nnen Ihre Telefonnummer zu Hause behalten, aber es kann teuer werden, nach Hause zu telefonieren. Nur wenige eSIM-Anbieter bieten Anrufe an, und noch weniger bieten SMS an. Ziehen Sie in Erw\u00e4gung, WhatsApp oder Signal zu installieren, um \u00fcber Daten statt \u00fcber SMS zu simsen, was normalerweise Geld kostet. <\/p>\n<h3>Teilen Sie Ihre Daten<\/h3>\n<p>Werden Sie Ihre Daten (mit einer anderen Person oder einem anderen Ger\u00e4t) teilen. Beachten Sie, dass Anbieter wie <a href=\"https:\/\/holafly.sjv.io\/6ykr3V\" target=\"_blank\" rel=\"noopener\">Holafly<\/a> die gemeinsame Nutzung von Daten kaum zulassen. Die anderen tun es im Allgemeinen.  <\/p>\n","protected":false},"excerpt":{"rendered":"<p>Der Kauf einer eSIM f\u00fcr Frankreich kann ein wenig verwirrend sein. Sicher, eSIMs sind einfach zu benutzen und sparen viel Geld, aber bei so vielen eSIM-Anbietern f\u00fcr Frankreich kann es schwierig sein zu wissen, welcher der beste ist. Ich lebe seit \u00fcber 22 Jahren in Europa und habe diesen Kontinent in allen Teilen bereist. Und [&hellip;]<\/p>\n","protected":false},"author":2,"featured_media":3096463,"parent":0,"menu_order":0,"comment_status":"closed","ping_status":"closed","template":"best-template.php","meta":{"_lmt_disableupdate":"no","_lmt_disable":""},"categories":[600145],"acf":[],"_links":{"self":[{"href":"https:\/\/expertworldtravel.com\/de\/wp-json\/wp\/v2\/pages\/3097824"}],"collection":[{"href":"https:\/\/expertworldtravel.com\/de\/wp-json\/wp\/v2\/pages"}],"about":[{"href":"https:\/\/expertworldtravel.com\/de\/wp-json\/wp\/v2\/types\/page"}],"author":[{"embeddable":true,"href":"https:\/\/expertworldtravel.com\/de\/wp-json\/wp\/v2\/users\/2"}],"replies":[{"embeddable":true,"href":"https:\/\/expertworldtravel.com\/de\/wp-json\/wp\/v2\/comments?post=3097824"}],"version-history":[{"count":1,"href":"https:\/\/expertworldtravel.com\/de\/wp-json\/wp\/v2\/pages\/3097824\/revisions"}],"predecessor-version":[{"id":3141956,"href":"https:\/\/expertworldtravel.com\/de\/wp-json\/wp\/v2\/pages\/3097824\/revisions\/3141956"}],"wp:featuredmedia":[{"embeddable":true,"href":"https:\/\/expertworldtravel.com\/de\/wp-json\/wp\/v2\/media\/3096463"}],"wp:attachment":[{"href":"https:\/\/expertworldtravel.com\/de\/wp-json\/wp\/v2\/media?parent=3097824"}],"wp:term":[{"taxonomy":"category","embeddable":true,"href":"https:\/\/expertworldtravel.com\/de\/wp-json\/wp\/v2\/categories?post=3097824"}],"curies":[{"name":"wp","href":"https:\/\/api.w.org\/{rel}","templated":true}]}}