{"id":3097826,"date":"2023-03-31T10:16:41","date_gmt":"2023-03-31T10:16:41","guid":{"rendered":"https:\/\/expertworldtravel.com\/best-esim-greece\/"},"modified":"2025-01-21T10:20:06","modified_gmt":"2025-01-21T10:20:06","slug":"esim-greece","status":"publish","type":"page","link":"https:\/\/expertworldtravel.com\/de\/esim-greece\/","title":{"rendered":"Beste eSim f\u00fcr Griechenland (lokale und internationale Anbieter)"},"content":{"rendered":"<p>Sie ben\u00f6tigen eine eSIM f\u00fcr Griechenland, wissen aber nicht, welche M\u00f6glichkeiten Sie haben? Dann sind Sie hier genau richtig, denn dieser detaillierte Leitfaden enth\u00e4lt die besten lokalen und internationalen eSim-Anbieter f\u00fcr Griechenland! Ganz gleich, ob Sie nur ein paar Gigabyte f\u00fcr eine kurze Reise ben\u00f6tigen oder ob Sie sich eine Weile im Land aufhalten und ein viel gr\u00f6\u00dferes Datenvolumen ben\u00f6tigen, Sie werden unten mindestens eine passende Option finden. Wenn Sie zuf\u00e4llig nach einer eSim f\u00fcr mehrere europ\u00e4ische L\u00e4nder suchen, dann <a href=\"https:\/\/expertworldtravel.com\/best-esim-europe\/\" target=\"_blank\" rel=\"noopener\">lesen Sie<\/a> stattdessen <a href=\"https:\/\/expertworldtravel.com\/best-esim-europe\/\" target=\"_blank\" rel=\"noopener\">diesen eSim-Leitfaden<\/a>. Lesen Sie weiter, um unsere Top-Tipps f\u00fcr <strong>einen eSim-Anbieter in Griechenland <\/strong> zu erfahren <strong>! <\/strong>     <\/p>\n","protected":false},"excerpt":{"rendered":"<p>Sie ben\u00f6tigen eine eSIM f\u00fcr Griechenland, wissen aber nicht, welche M\u00f6glichkeiten Sie haben? Dann sind Sie hier genau richtig, denn dieser detaillierte Leitfaden enth\u00e4lt die besten lokalen und internationalen eSim-Anbieter f\u00fcr Griechenland! Ganz gleich, ob Sie nur ein paar Gigabyte f\u00fcr eine kurze Reise ben\u00f6tigen oder ob Sie sich eine Weile im Land aufhalten und [&hellip;]<\/p>\n","protected":false},"author":6,"featured_media":3097110,"parent":0,"menu_order":0,"comment_status":"closed","ping_status":"closed","template":"best-esim-template.php","meta":{"_lmt_disableupdate":"no","_lmt_disable":""},"categories":[600153,600145],"acf":[],"_links":{"self":[{"href":"https:\/\/expertworldtravel.com\/de\/wp-json\/wp\/v2\/pages\/3097826"}],"collection":[{"href":"https:\/\/expertworldtravel.com\/de\/wp-json\/wp\/v2\/pages"}],"about":[{"href":"https:\/\/expertworldtravel.com\/de\/wp-json\/wp\/v2\/types\/page"}],"author":[{"embeddable":true,"href":"https:\/\/expertworldtravel.com\/de\/wp-json\/wp\/v2\/users\/6"}],"replies":[{"embeddable":true,"href":"https:\/\/expertworldtravel.com\/de\/wp-json\/wp\/v2\/comments?post=3097826"}],"version-history":[{"count":2,"href":"https:\/\/expertworldtravel.com\/de\/wp-json\/wp\/v2\/pages\/3097826\/revisions"}],"predecessor-version":[{"id":3142195,"href":"https:\/\/expertworldtravel.com\/de\/wp-json\/wp\/v2\/pages\/3097826\/revisions\/3142195"}],"wp:featuredmedia":[{"embeddable":true,"href":"https:\/\/expertworldtravel.com\/de\/wp-json\/wp\/v2\/media\/3097110"}],"wp:attachment":[{"href":"https:\/\/expertworldtravel.com\/de\/wp-json\/wp\/v2\/media?parent=3097826"}],"wp:term":[{"taxonomy":"category","embeddable":true,"href":"https:\/\/expertworldtravel.com\/de\/wp-json\/wp\/v2\/categories?post=3097826"}],"curies":[{"name":"wp","href":"https:\/\/api.w.org\/{rel}","templated":true}]}}