{"id":3097880,"date":"2023-04-24T10:11:00","date_gmt":"2023-04-24T10:11:00","guid":{"rendered":"https:\/\/expertworldtravel.com\/best-esim-peru\/"},"modified":"2025-01-05T16:12:24","modified_gmt":"2025-01-05T16:12:24","slug":"esim-peru","status":"publish","type":"page","link":"https:\/\/expertworldtravel.com\/de\/esim-peru\/","title":{"rendered":"Beste eSim f\u00fcr Peru (billiger als Daten-Roaming)"},"content":{"rendered":"<p>Sie reisen f\u00fcr eine Weile nach Peru und m\u00f6chten sicher sein, dass Sie jederzeit Internetzugang haben, wenn Sie ihn brauchen? Eine eSim ist der einfachste Weg, dies zu gew\u00e4hrleisten, und au\u00dferdem deutlich billiger als Daten-Roaming-Geb\u00fchren.<\/p>\n<p>Viele internationale und lokale Anbieter bieten eSims f\u00fcr Peru an, und Sie k\u00f6nnen hier alles \u00fcber sie lesen. In diesem detaillierten Leitfaden habe ich die besten Pl\u00e4ne f\u00fcr Peru zusammengestellt. Egal, ob Sie nur eine Woche oder mehrere Monate im Land bleiben, Sie werden mindestens ein paar passende Optionen finden.<\/p>\n<p>Ich habe auch einige der <a href=\"https:\/\/expertworldtravel.com\/best-esim-south-america\/\" target=\"_blank\" rel=\"noopener\">besten eSim-Tarife mit regionaler Abdeckung in S\u00fcdamerika<\/a> aufgelistet <a href=\"https:\/\/expertworldtravel.com\/best-esim-south-america\/\" target=\"_blank\" rel=\"noopener\">,<\/a> f\u00fcr Reisende, die auch au\u00dferhalb der Grenzen Perus unterwegs sind!<\/p>\n","protected":false},"excerpt":{"rendered":"<p>Sie reisen f\u00fcr eine Weile nach Peru und m\u00f6chten sicher sein, dass Sie jederzeit Internetzugang haben, wenn Sie ihn brauchen? Eine eSim ist der einfachste Weg, dies zu gew\u00e4hrleisten, und au\u00dferdem deutlich billiger als Daten-Roaming-Geb\u00fchren. Viele internationale und lokale Anbieter bieten eSims f\u00fcr Peru an, und Sie k\u00f6nnen hier alles \u00fcber sie lesen. In diesem [&hellip;]<\/p>\n","protected":false},"author":6,"featured_media":3097740,"parent":0,"menu_order":0,"comment_status":"closed","ping_status":"closed","template":"best-esim-template.php","meta":{"_lmt_disableupdate":"no","_lmt_disable":""},"categories":[600154,600145],"acf":[],"_links":{"self":[{"href":"https:\/\/expertworldtravel.com\/de\/wp-json\/wp\/v2\/pages\/3097880"}],"collection":[{"href":"https:\/\/expertworldtravel.com\/de\/wp-json\/wp\/v2\/pages"}],"about":[{"href":"https:\/\/expertworldtravel.com\/de\/wp-json\/wp\/v2\/types\/page"}],"author":[{"embeddable":true,"href":"https:\/\/expertworldtravel.com\/de\/wp-json\/wp\/v2\/users\/6"}],"replies":[{"embeddable":true,"href":"https:\/\/expertworldtravel.com\/de\/wp-json\/wp\/v2\/comments?post=3097880"}],"version-history":[{"count":1,"href":"https:\/\/expertworldtravel.com\/de\/wp-json\/wp\/v2\/pages\/3097880\/revisions"}],"predecessor-version":[{"id":3142069,"href":"https:\/\/expertworldtravel.com\/de\/wp-json\/wp\/v2\/pages\/3097880\/revisions\/3142069"}],"wp:featuredmedia":[{"embeddable":true,"href":"https:\/\/expertworldtravel.com\/de\/wp-json\/wp\/v2\/media\/3097740"}],"wp:attachment":[{"href":"https:\/\/expertworldtravel.com\/de\/wp-json\/wp\/v2\/media?parent=3097880"}],"wp:term":[{"taxonomy":"category","embeddable":true,"href":"https:\/\/expertworldtravel.com\/de\/wp-json\/wp\/v2\/categories?post=3097880"}],"curies":[{"name":"wp","href":"https:\/\/api.w.org\/{rel}","templated":true}]}}