{"id":3097887,"date":"2023-04-24T11:04:17","date_gmt":"2023-04-24T11:04:17","guid":{"rendered":"https:\/\/expertworldtravel.com\/best-esim-schweiz\/"},"modified":"2024-12-31T10:42:50","modified_gmt":"2024-12-31T10:42:50","slug":"esim-schweiz","status":"publish","type":"page","link":"https:\/\/expertworldtravel.com\/de\/esim-schweiz\/","title":{"rendered":"Beste eSIM f\u00fcr die Schweiz (Ein Leitfaden f\u00fcr Reisende)"},"content":{"rendered":"<p>Sie reisen in die Schweiz und m\u00f6chten eine eSIM f\u00fcr den Internetzugang im Land erwerben?<br \/>\nDann bist du hier genau richtig, denn in diesem ausf\u00fchrlichen Ratgeber erf\u00e4hrst du alles \u00fcber die besten eSims f\u00fcr die Schweiz!<br \/>\nIch habe die besten Optionen von internationalen Anbietern sowie einige der beliebtesten lokalen Anbieter aufgelistet.<br \/>\nDie in diesem Leitfaden enthaltenen Datentarife reichen von 1 GB bis zu unbegrenzten Daten, so dass es zumindest ein paar Optionen geben sollte, die f\u00fcr Ihre Reisebed\u00fcrfnisse geeignet sind.<br \/>\nIch habe auch einige <a href=\"https:\/\/expertworldtravel.com\/best-esim-europe\/\" target=\"_blank\" rel=\"noopener\">eSim-Pl\u00e4ne mit regionaler Abdeckung in Europa<\/a> aufgef\u00fchrt, falls Ihre Reisepl\u00e4ne sich auf L\u00e4nder au\u00dferhalb der Schweiz erstrecken. <\/p>\n","protected":false},"excerpt":{"rendered":"<p>Sie reisen in die Schweiz und m\u00f6chten eine eSIM f\u00fcr den Internetzugang im Land erwerben? Dann bist du hier genau richtig, denn in diesem ausf\u00fchrlichen Ratgeber erf\u00e4hrst du alles \u00fcber die besten eSims f\u00fcr die Schweiz! Ich habe die besten Optionen von internationalen Anbietern sowie einige der beliebtesten lokalen Anbieter aufgelistet. Die in diesem Leitfaden [&hellip;]<\/p>\n","protected":false},"author":6,"featured_media":3097720,"parent":0,"menu_order":0,"comment_status":"closed","ping_status":"closed","template":"best-esim-template.php","meta":{"_lmt_disableupdate":"no","_lmt_disable":""},"categories":[600145,600155],"acf":[],"_links":{"self":[{"href":"https:\/\/expertworldtravel.com\/de\/wp-json\/wp\/v2\/pages\/3097887"}],"collection":[{"href":"https:\/\/expertworldtravel.com\/de\/wp-json\/wp\/v2\/pages"}],"about":[{"href":"https:\/\/expertworldtravel.com\/de\/wp-json\/wp\/v2\/types\/page"}],"author":[{"embeddable":true,"href":"https:\/\/expertworldtravel.com\/de\/wp-json\/wp\/v2\/users\/6"}],"replies":[{"embeddable":true,"href":"https:\/\/expertworldtravel.com\/de\/wp-json\/wp\/v2\/comments?post=3097887"}],"version-history":[{"count":2,"href":"https:\/\/expertworldtravel.com\/de\/wp-json\/wp\/v2\/pages\/3097887\/revisions"}],"predecessor-version":[{"id":3141988,"href":"https:\/\/expertworldtravel.com\/de\/wp-json\/wp\/v2\/pages\/3097887\/revisions\/3141988"}],"wp:featuredmedia":[{"embeddable":true,"href":"https:\/\/expertworldtravel.com\/de\/wp-json\/wp\/v2\/media\/3097720"}],"wp:attachment":[{"href":"https:\/\/expertworldtravel.com\/de\/wp-json\/wp\/v2\/media?parent=3097887"}],"wp:term":[{"taxonomy":"category","embeddable":true,"href":"https:\/\/expertworldtravel.com\/de\/wp-json\/wp\/v2\/categories?post=3097887"}],"curies":[{"name":"wp","href":"https:\/\/api.w.org\/{rel}","templated":true}]}}