{"id":3097900,"date":"2023-04-25T10:21:26","date_gmt":"2023-04-25T10:21:26","guid":{"rendered":"https:\/\/expertworldtravel.com\/best-esim-egypt\/"},"modified":"2025-01-08T11:59:15","modified_gmt":"2025-01-08T11:59:15","slug":"esim-aegypten","status":"publish","type":"page","link":"https:\/\/expertworldtravel.com\/de\/esim-aegypten\/","title":{"rendered":"Beste eSIM f\u00fcr \u00c4gypten (Bleiben Sie auf Reisen in Verbindung)"},"content":{"rendered":"<p>Suchen Sie eine eSIM f\u00fcr \u00c4gypten?<br \/>\nDann sind Sie hier genau richtig, denn in diesem ausf\u00fchrlichen Leitfaden erfahren Sie alles \u00fcber die besten eSIM-Optionen f\u00fcr \u00c4gypten!<br \/>\nEgal, wohin Sie reisen, es ist immer eine gute Idee, <a href=\"https:\/\/expertworldtravel.com\/best-esim-international-travel\/\" target=\"_blank\" rel=\"noopener\">sich eine Reise-eSIM zu besorgen<\/a>.<br \/>\n\u00c4gypten bildet da keine Ausnahme, vor allem weil das Land keine gute kostenlose WiFi-Abdeckung hat und Sie einen lokalen Sim-Plan ben\u00f6tigen, um jederzeit auf das Internet zugreifen zu k\u00f6nnen. <\/p>\n<h2>Die Auswahl der besten \u00e4gyptischen eSIM<\/h2>\n<p>Die Herausforderung bei der Suche nach einer eSIM in \u00c4gypten ist der Preis.<br \/>\nObwohl ich bei der Landung versucht war, eine SIM-Karte zu besorgen, wusste ich, dass dies eine schmerzhafte Erfahrung war.<br \/>\nIch habe mich also f\u00fcr eine Mischung aus Airalo und Holafly entschieden, je nachdem, ob ich viele Daten verbrauche.<br \/>\nDie meisten Daten haben wir nat\u00fcrlich nachts in unserem Hotel verbraucht, nachdem wir den ganzen Tag bei den Pyramiden oder auf einer Kreuzfahrt unterwegs waren.<br \/>\nEhrlich gesagt, brauchten wir keine unbegrenzten Daten.<br \/>\nWenn Sie jedoch viel auf Insta unterwegs sind oder viele Videos ansehen, k\u00f6nnte Ihre Wahl anders ausfallen.<br \/>\nHier sind die beiden besten Optionen, die wir in \u00c4gypten gefunden haben:  <\/p>\n<ul>\n<li><a href=\"https:\/\/maya.net\/esim\/egypt?pid=48fhb2345dg6\" target=\"_blank\" rel=\"noopener\">Maya Mobile<\/a> f\u00fcr die g\u00fcnstigsten Prepaid-Pakete<\/li>\n<li><a href=\"https:\/\/holafly.sjv.io\/3J7knB\" target=\"_blank\" rel=\"nofollow noopener\">Holafly<\/a> f\u00fcr unbegrenzte Daten<\/li>\n<\/ul>\n","protected":false},"excerpt":{"rendered":"<p>Suchen Sie eine eSIM f\u00fcr \u00c4gypten? Dann sind Sie hier genau richtig, denn in diesem ausf\u00fchrlichen Leitfaden erfahren Sie alles \u00fcber die besten eSIM-Optionen f\u00fcr \u00c4gypten! Egal, wohin Sie reisen, es ist immer eine gute Idee, sich eine Reise-eSIM zu besorgen. \u00c4gypten bildet da keine Ausnahme, vor allem weil das Land keine gute kostenlose WiFi-Abdeckung [&hellip;]<\/p>\n","protected":false},"author":6,"featured_media":3097750,"parent":0,"menu_order":0,"comment_status":"closed","ping_status":"closed","template":"best-esim-template.php","meta":{"_lmt_disableupdate":"no","_lmt_disable":""},"categories":[600156,600145],"acf":[],"_links":{"self":[{"href":"https:\/\/expertworldtravel.com\/de\/wp-json\/wp\/v2\/pages\/3097900"}],"collection":[{"href":"https:\/\/expertworldtravel.com\/de\/wp-json\/wp\/v2\/pages"}],"about":[{"href":"https:\/\/expertworldtravel.com\/de\/wp-json\/wp\/v2\/types\/page"}],"author":[{"embeddable":true,"href":"https:\/\/expertworldtravel.com\/de\/wp-json\/wp\/v2\/users\/6"}],"replies":[{"embeddable":true,"href":"https:\/\/expertworldtravel.com\/de\/wp-json\/wp\/v2\/comments?post=3097900"}],"version-history":[{"count":5,"href":"https:\/\/expertworldtravel.com\/de\/wp-json\/wp\/v2\/pages\/3097900\/revisions"}],"predecessor-version":[{"id":3142105,"href":"https:\/\/expertworldtravel.com\/de\/wp-json\/wp\/v2\/pages\/3097900\/revisions\/3142105"}],"wp:featuredmedia":[{"embeddable":true,"href":"https:\/\/expertworldtravel.com\/de\/wp-json\/wp\/v2\/media\/3097750"}],"wp:attachment":[{"href":"https:\/\/expertworldtravel.com\/de\/wp-json\/wp\/v2\/media?parent=3097900"}],"wp:term":[{"taxonomy":"category","embeddable":true,"href":"https:\/\/expertworldtravel.com\/de\/wp-json\/wp\/v2\/categories?post=3097900"}],"curies":[{"name":"wp","href":"https:\/\/api.w.org\/{rel}","templated":true}]}}