{"id":3097909,"date":"2023-04-13T11:51:24","date_gmt":"2023-04-13T11:51:24","guid":{"rendered":"https:\/\/expertworldtravel.com\/beste-esim-sued-amerika\/"},"modified":"2024-12-20T12:42:27","modified_gmt":"2024-12-20T12:42:27","slug":"beste-esim-sued-amerika","status":"publish","type":"page","link":"https:\/\/expertworldtravel.com\/de\/beste-esim-sued-amerika\/","title":{"rendered":"Bestes eSim f\u00fcr S\u00fcdamerika (Ein detaillierter Leitfaden)"},"content":{"rendered":"<p>Sie reisen nach S\u00fcdamerika und ben\u00f6tigen eine eSim f\u00fcr den Internetzugang vor Ort? Dann sind Sie hier genau richtig, denn in diesem detaillierten Leitfaden erfahren Sie alles \u00fcber die besten Anbieter f\u00fcr eine eSim f\u00fcr S\u00fcdamerika. Ich habe die besten internationalen eSim-Anbieter mit Tarifen von 100 MB bis zu unbegrenzten Datenmengen aufgef\u00fchrt. In diesem eSim-Leitfaden f\u00fcr <strong>S\u00fcdamerika<\/strong> ist f\u00fcr jeden etwas dabei, und wenn Sie weiterbl\u00e4ttern, werden Sie mindestens ein paar Datentarife finden, die perfekt f\u00fcr Ihre Reisebed\u00fcrfnisse sind! <\/p>\n","protected":false},"excerpt":{"rendered":"<p>Sie reisen nach S\u00fcdamerika und ben\u00f6tigen eine eSim f\u00fcr den Internetzugang vor Ort? Dann sind Sie hier genau richtig, denn in diesem detaillierten Leitfaden erfahren Sie alles \u00fcber die besten Anbieter f\u00fcr eine eSim f\u00fcr S\u00fcdamerika. Ich habe die besten internationalen eSim-Anbieter mit Tarifen von 100 MB bis zu unbegrenzten Datenmengen aufgef\u00fchrt. In diesem eSim-Leitfaden [&hellip;]<\/p>\n","protected":false},"author":6,"featured_media":3097284,"parent":0,"menu_order":0,"comment_status":"closed","ping_status":"closed","template":"best-esim-template.php","meta":{"_lmt_disableupdate":"no","_lmt_disable":""},"categories":[600145],"acf":[],"_links":{"self":[{"href":"https:\/\/expertworldtravel.com\/de\/wp-json\/wp\/v2\/pages\/3097909"}],"collection":[{"href":"https:\/\/expertworldtravel.com\/de\/wp-json\/wp\/v2\/pages"}],"about":[{"href":"https:\/\/expertworldtravel.com\/de\/wp-json\/wp\/v2\/types\/page"}],"author":[{"embeddable":true,"href":"https:\/\/expertworldtravel.com\/de\/wp-json\/wp\/v2\/users\/6"}],"replies":[{"embeddable":true,"href":"https:\/\/expertworldtravel.com\/de\/wp-json\/wp\/v2\/comments?post=3097909"}],"version-history":[{"count":2,"href":"https:\/\/expertworldtravel.com\/de\/wp-json\/wp\/v2\/pages\/3097909\/revisions"}],"predecessor-version":[{"id":3141713,"href":"https:\/\/expertworldtravel.com\/de\/wp-json\/wp\/v2\/pages\/3097909\/revisions\/3141713"}],"wp:featuredmedia":[{"embeddable":true,"href":"https:\/\/expertworldtravel.com\/de\/wp-json\/wp\/v2\/media\/3097284"}],"wp:attachment":[{"href":"https:\/\/expertworldtravel.com\/de\/wp-json\/wp\/v2\/media?parent=3097909"}],"wp:term":[{"taxonomy":"category","embeddable":true,"href":"https:\/\/expertworldtravel.com\/de\/wp-json\/wp\/v2\/categories?post=3097909"}],"curies":[{"name":"wp","href":"https:\/\/api.w.org\/{rel}","templated":true}]}}