{"id":3097918,"date":"2023-04-04T14:07:37","date_gmt":"2023-04-04T14:07:37","guid":{"rendered":"https:\/\/expertworldtravel.com\/best-esim-japan\/"},"modified":"2024-12-17T08:42:08","modified_gmt":"2024-12-17T08:42:08","slug":"best-esim-japan","status":"publish","type":"page","link":"https:\/\/expertworldtravel.com\/de\/best-esim-japan\/","title":{"rendered":"Die 5 besten eSIMs f\u00fcr Japan (W\u00e4hlen Sie das Richtige f\u00fcr Sie)"},"content":{"rendered":"<p class=\"ifp\">Sie suchen eine eSIM f\u00fcr Ihre Reise nach Japan, sind sich aber nicht sicher, was die beste Option ist? Dieser ausf\u00fchrliche Leitfaden enth\u00e4lt die besten eSIM-Optionen f\u00fcr Japan!<\/p>\n<p>Wenn Sie mehr als nur Japan besuchen, sollten Sie sich unbedingt die <a href=\"https:\/\/expertworldtravel.com\/best-esim-asia\/\" target=\"_blank\" rel=\"noopener\">Anbieter f\u00fcr Asien<\/a> ansehen. Ich habe auch ein paar Optionen f\u00fcr physische Japan-SIM-Karten f\u00fcr diejenigen, die nicht unbedingt nach einer eSIM suchen und offen f\u00fcr andere Optionen sind, solange Sie einen guten mobilen Datentarif in Japan haben.<\/p>\n","protected":false},"excerpt":{"rendered":"<p>Sie suchen eine eSIM f\u00fcr Ihre Reise nach Japan, sind sich aber nicht sicher, was die beste Option ist? Dieser ausf\u00fchrliche Leitfaden enth\u00e4lt die besten eSIM-Optionen f\u00fcr Japan! Wenn Sie mehr als nur Japan besuchen, sollten Sie sich unbedingt die Anbieter f\u00fcr Asien ansehen. Ich habe auch ein paar Optionen f\u00fcr physische Japan-SIM-Karten f\u00fcr diejenigen, [&hellip;]<\/p>\n","protected":false},"author":2,"featured_media":3096708,"parent":0,"menu_order":0,"comment_status":"closed","ping_status":"closed","template":"best-esim-template.php","meta":{"_lmt_disableupdate":"no","_lmt_disable":""},"categories":[600158,600145],"acf":[],"_links":{"self":[{"href":"https:\/\/expertworldtravel.com\/de\/wp-json\/wp\/v2\/pages\/3097918"}],"collection":[{"href":"https:\/\/expertworldtravel.com\/de\/wp-json\/wp\/v2\/pages"}],"about":[{"href":"https:\/\/expertworldtravel.com\/de\/wp-json\/wp\/v2\/types\/page"}],"author":[{"embeddable":true,"href":"https:\/\/expertworldtravel.com\/de\/wp-json\/wp\/v2\/users\/2"}],"replies":[{"embeddable":true,"href":"https:\/\/expertworldtravel.com\/de\/wp-json\/wp\/v2\/comments?post=3097918"}],"version-history":[{"count":2,"href":"https:\/\/expertworldtravel.com\/de\/wp-json\/wp\/v2\/pages\/3097918\/revisions"}],"predecessor-version":[{"id":3141643,"href":"https:\/\/expertworldtravel.com\/de\/wp-json\/wp\/v2\/pages\/3097918\/revisions\/3141643"}],"wp:featuredmedia":[{"embeddable":true,"href":"https:\/\/expertworldtravel.com\/de\/wp-json\/wp\/v2\/media\/3096708"}],"wp:attachment":[{"href":"https:\/\/expertworldtravel.com\/de\/wp-json\/wp\/v2\/media?parent=3097918"}],"wp:term":[{"taxonomy":"category","embeddable":true,"href":"https:\/\/expertworldtravel.com\/de\/wp-json\/wp\/v2\/categories?post=3097918"}],"curies":[{"name":"wp","href":"https:\/\/api.w.org\/{rel}","templated":true}]}}