{"id":3097923,"date":"2023-04-21T00:40:26","date_gmt":"2023-04-21T00:40:26","guid":{"rendered":"https:\/\/expertworldtravel.com\/beste-esim-portugal\/"},"modified":"2025-01-09T15:51:14","modified_gmt":"2025-01-09T15:51:14","slug":"beste-esim-portugal","status":"publish","type":"page","link":"https:\/\/expertworldtravel.com\/de\/beste-esim-portugal\/","title":{"rendered":"6 Beste eSIM f\u00fcr Portugal (Bequem und erschwinglich)"},"content":{"rendered":"<p>Sind Sie auf dem Weg nach Portugal und ben\u00f6tigen eine eSIM, um dort in Verbindung zu bleiben?<\/p>\n<p>ESIMs werden immer beliebter, und das aus gutem Grund. Ich habe eSIMs verwendet, um auf Reisen in Portugal und Europa g\u00fcnstigere und bequemere mobile Daten zu erhalten.<\/p>\n<p>Bei der Vielzahl der verf\u00fcgbaren Optionen kann es jedoch schwierig sein zu wissen, welche eSIM die beste f\u00fcr Ihre Reise nach Portugal ist.<\/p>\n<p>Da komme ich ins Spiel! Im Folgenden gehe ich die besten eSIMs f\u00fcr Portugal durch und pr\u00fcfe ihre Datentarife, Abdeckung und Verbindungsgeschwindigkeiten, um Ihnen zu helfen, den idealen eSIM-Datentarif f\u00fcr Ihre Reise zu finden.<\/p>\n<h2>Tipps f\u00fcr die Auswahl Ihres ESIM<\/h2>\n<p>Nachdem ich Dutzende von ESIMs gekauft und benutzt habe, hier eine Liste von Fragen, die ich bei der Auswahl des idealen ESIMs f\u00fcr Sie habe:<\/p>\n<ul>\n<li><strong>Wie viele Daten<\/strong> Sie auf Ihrer Reise nutzen werden (unbegrenzt oder einige Gigabyte)<\/li>\n<li><strong>Wie lange wird Ihre Reise<\/strong> dauern?<\/li>\n<li>Ben\u00f6tigen Sie auf Reisen eine <strong>Telefonnummer oder senden Sie SMS<\/strong>?<\/li>\n<\/ul>\n<p>Nachdem Sie die Antworten herausgefunden haben, k\u00f6nnen Sie Ihre Auswahl schnell auf folgende Punkte beschr\u00e4nken<\/p>\n<ul>\n<li><a href=\"https:\/\/airalo.pxf.io\/vNPN4j\" target=\"_blank\" rel=\"nofollow noopener\">Holafly<\/a> f\u00fcr Unbegrenzte Daten (und eine Telefonnummer)<\/li>\n<li><a href=\"https:\/\/airalo.pxf.io\/vNPN4j\" target=\"_blank\" rel=\"nofollow noopener\">Airalo<\/a> oder <a href=\"https:\/\/www.getnomad.app\/en\/portugal-eSIM\/7DAY-1GB-id-315a?rfsn=7045778.947b00\" target=\"_blank\" rel=\"nofollow noopener\">Nomad<\/a> f\u00fcr Pl\u00e4ne pro GB<\/li>\n<li><a href=\"https:\/\/simoptions.sjv.io\/bOkeQP\" target=\"_blank\" rel=\"nofollow noopener\">Orange<\/a> f\u00fcr Telefon und SMS mit Daten<\/li>\n<\/ul>\n<p>Ich gehe weiter unten auf die einzelnen Pl\u00e4ne ein, aber das ist die Kurzfassung meiner Erfahrungen, die ich auf Reisen in Europa und bei der Verwendung von ESIMs \u00fcber ein Jahr lang gemacht habe.<\/p>\n","protected":false},"excerpt":{"rendered":"<p>Sind Sie auf dem Weg nach Portugal und ben\u00f6tigen eine eSIM, um dort in Verbindung zu bleiben? ESIMs werden immer beliebter, und das aus gutem Grund. Ich habe eSIMs verwendet, um auf Reisen in Portugal und Europa g\u00fcnstigere und bequemere mobile Daten zu erhalten. Bei der Vielzahl der verf\u00fcgbaren Optionen kann es jedoch schwierig sein [&hellip;]<\/p>\n","protected":false},"author":2,"featured_media":3097506,"parent":0,"menu_order":0,"comment_status":"closed","ping_status":"closed","template":"best-esim-template.php","meta":{"_lmt_disableupdate":"","_lmt_disable":""},"categories":[600159,600145],"acf":[],"_links":{"self":[{"href":"https:\/\/expertworldtravel.com\/de\/wp-json\/wp\/v2\/pages\/3097923"}],"collection":[{"href":"https:\/\/expertworldtravel.com\/de\/wp-json\/wp\/v2\/pages"}],"about":[{"href":"https:\/\/expertworldtravel.com\/de\/wp-json\/wp\/v2\/types\/page"}],"author":[{"embeddable":true,"href":"https:\/\/expertworldtravel.com\/de\/wp-json\/wp\/v2\/users\/2"}],"replies":[{"embeddable":true,"href":"https:\/\/expertworldtravel.com\/de\/wp-json\/wp\/v2\/comments?post=3097923"}],"version-history":[{"count":4,"href":"https:\/\/expertworldtravel.com\/de\/wp-json\/wp\/v2\/pages\/3097923\/revisions"}],"predecessor-version":[{"id":3142177,"href":"https:\/\/expertworldtravel.com\/de\/wp-json\/wp\/v2\/pages\/3097923\/revisions\/3142177"}],"wp:featuredmedia":[{"embeddable":true,"href":"https:\/\/expertworldtravel.com\/de\/wp-json\/wp\/v2\/media\/3097506"}],"wp:attachment":[{"href":"https:\/\/expertworldtravel.com\/de\/wp-json\/wp\/v2\/media?parent=3097923"}],"wp:term":[{"taxonomy":"category","embeddable":true,"href":"https:\/\/expertworldtravel.com\/de\/wp-json\/wp\/v2\/categories?post=3097923"}],"curies":[{"name":"wp","href":"https:\/\/api.w.org\/{rel}","templated":true}]}}