{"id":3097928,"date":"2023-04-25T09:49:22","date_gmt":"2023-04-25T09:49:22","guid":{"rendered":"https:\/\/expertworldtravel.com\/best-esim-china\/"},"modified":"2024-12-20T13:11:24","modified_gmt":"2024-12-20T13:11:24","slug":"esim-china","status":"publish","type":"page","link":"https:\/\/expertworldtravel.com\/de\/esim-china\/","title":{"rendered":"Beste eSIM f\u00fcr China (Einfacher Internetzugang)"},"content":{"rendered":"<p>Reisen Sie nach China und ben\u00f6tigen Sie eine eSIM f\u00fcr einen einfachen Internetzugang? Mit einer eSIM f\u00fcr China erhalten Sie ein mobiles Datenvolumen, das Sie nutzen k\u00f6nnen, wann und wo immer Sie wollen. Sie ist eine bessere Option als eine lokale SIM-Karte, weil sie einfacher zu erwerben ist und Sie sie in etwa f\u00fcnf Minuten kaufen und einrichten k\u00f6nnen. In diesem ausf\u00fchrlichen Leitfaden finden Sie auch einige <a href=\"https:\/\/expertworldtravel.com\/best-esim-asia\/\" target=\"_blank\" rel=\"noopener\">eSIM-Optionen mit regionaler Abdeckung in Asien<\/a>, f\u00fcr Reisende, die neben China auch andere L\u00e4nder besuchen m\u00f6chten!<\/p>\n","protected":false},"excerpt":{"rendered":"<p>Reisen Sie nach China und ben\u00f6tigen Sie eine eSIM f\u00fcr einen einfachen Internetzugang? Mit einer eSIM f\u00fcr China erhalten Sie ein mobiles Datenvolumen, das Sie nutzen k\u00f6nnen, wann und wo immer Sie wollen. Sie ist eine bessere Option als eine lokale SIM-Karte, weil sie einfacher zu erwerben ist und Sie sie in etwa f\u00fcnf Minuten [&hellip;]<\/p>\n","protected":false},"author":6,"featured_media":3097766,"parent":0,"menu_order":0,"comment_status":"closed","ping_status":"closed","template":"best-esim-template.php","meta":{"_lmt_disableupdate":"no","_lmt_disable":""},"categories":[600148,600145],"acf":[],"_links":{"self":[{"href":"https:\/\/expertworldtravel.com\/de\/wp-json\/wp\/v2\/pages\/3097928"}],"collection":[{"href":"https:\/\/expertworldtravel.com\/de\/wp-json\/wp\/v2\/pages"}],"about":[{"href":"https:\/\/expertworldtravel.com\/de\/wp-json\/wp\/v2\/types\/page"}],"author":[{"embeddable":true,"href":"https:\/\/expertworldtravel.com\/de\/wp-json\/wp\/v2\/users\/6"}],"replies":[{"embeddable":true,"href":"https:\/\/expertworldtravel.com\/de\/wp-json\/wp\/v2\/comments?post=3097928"}],"version-history":[{"count":1,"href":"https:\/\/expertworldtravel.com\/de\/wp-json\/wp\/v2\/pages\/3097928\/revisions"}],"predecessor-version":[{"id":3141730,"href":"https:\/\/expertworldtravel.com\/de\/wp-json\/wp\/v2\/pages\/3097928\/revisions\/3141730"}],"wp:featuredmedia":[{"embeddable":true,"href":"https:\/\/expertworldtravel.com\/de\/wp-json\/wp\/v2\/media\/3097766"}],"wp:attachment":[{"href":"https:\/\/expertworldtravel.com\/de\/wp-json\/wp\/v2\/media?parent=3097928"}],"wp:term":[{"taxonomy":"category","embeddable":true,"href":"https:\/\/expertworldtravel.com\/de\/wp-json\/wp\/v2\/categories?post=3097928"}],"curies":[{"name":"wp","href":"https:\/\/api.w.org\/{rel}","templated":true}]}}