{"id":3097932,"date":"2023-04-05T10:02:21","date_gmt":"2023-04-05T10:02:21","guid":{"rendered":"https:\/\/expertworldtravel.com\/best-esim-croatia\/"},"modified":"2023-06-16T07:47:06","modified_gmt":"2023-06-16T07:47:06","slug":"best-esim-croatia","status":"publish","type":"page","link":"https:\/\/expertworldtravel.com\/de\/best-esim-croatia\/","title":{"rendered":"Bestes eSim f\u00fcr Kroatien (Jederzeit und \u00fcberall erreichbar)"},"content":{"rendered":"<p class=\"ifp\">Sie reisen nach Kroatien und m\u00f6chten w\u00e4hrend Ihres Aufenthalts einen Internetzugang haben? Dann sind Sie hier genau richtig, denn dieser ausf\u00fchrliche Leitfaden zu den besten Reise-ESims f\u00fcr Kroatien enth\u00e4lt alle Top-Optionen f\u00fcr Touristen!<\/p>\n<p>Ich habe auch einige Optionen f\u00fcr lokale physische Sim-Karten aufgef\u00fchrt, die ein besseres Preis-Leistungs-Verh\u00e4ltnis bieten als internationale eSims, die Sie also in Betracht ziehen sollten, wenn Ihr Telefon noch physische Sim-Karten unterst\u00fctzt. Eine weitere M\u00f6glichkeit sind <a href=\"https:\/\/expertworldtravel.com\/best-esim-europe\/\" target=\"_blank\" rel=\"noopener\">europaweite eSims<\/a>, die jedoch in der Regel wesentlich teurer sind.<\/p>\n<p>Egal, ob Sie nur ein Gigabyte ben\u00f6tigen, um E-Mails zu verschicken und Google Maps abzurufen, oder ob Sie unbegrenzte Daten ben\u00f6tigen, um auf Reisen arbeiten zu k\u00f6nnen &#8211; in diesem Leitfaden zu den besten eSim-Angeboten f\u00fcr Kroatien finden Sie mehrere gute Optionen!<\/p>\n","protected":false},"excerpt":{"rendered":"<p>Sie reisen nach Kroatien und m\u00f6chten w\u00e4hrend Ihres Aufenthalts einen Internetzugang haben? Dann sind Sie hier genau richtig, denn dieser ausf\u00fchrliche Leitfaden zu den besten Reise-ESims f\u00fcr Kroatien enth\u00e4lt alle Top-Optionen f\u00fcr Touristen! Ich habe auch einige Optionen f\u00fcr lokale physische Sim-Karten aufgef\u00fchrt, die ein besseres Preis-Leistungs-Verh\u00e4ltnis bieten als internationale eSims, die Sie also in [&hellip;]<\/p>\n","protected":false},"author":2,"featured_media":3096581,"parent":0,"menu_order":0,"comment_status":"closed","ping_status":"closed","template":"best-esim-template.php","meta":{"_lmt_disableupdate":"no","_lmt_disable":""},"categories":[600160,600145],"acf":[],"_links":{"self":[{"href":"https:\/\/expertworldtravel.com\/de\/wp-json\/wp\/v2\/pages\/3097932"}],"collection":[{"href":"https:\/\/expertworldtravel.com\/de\/wp-json\/wp\/v2\/pages"}],"about":[{"href":"https:\/\/expertworldtravel.com\/de\/wp-json\/wp\/v2\/types\/page"}],"author":[{"embeddable":true,"href":"https:\/\/expertworldtravel.com\/de\/wp-json\/wp\/v2\/users\/2"}],"replies":[{"embeddable":true,"href":"https:\/\/expertworldtravel.com\/de\/wp-json\/wp\/v2\/comments?post=3097932"}],"version-history":[{"count":0,"href":"https:\/\/expertworldtravel.com\/de\/wp-json\/wp\/v2\/pages\/3097932\/revisions"}],"wp:featuredmedia":[{"embeddable":true,"href":"https:\/\/expertworldtravel.com\/de\/wp-json\/wp\/v2\/media\/3096581"}],"wp:attachment":[{"href":"https:\/\/expertworldtravel.com\/de\/wp-json\/wp\/v2\/media?parent=3097932"}],"wp:term":[{"taxonomy":"category","embeddable":true,"href":"https:\/\/expertworldtravel.com\/de\/wp-json\/wp\/v2\/categories?post=3097932"}],"curies":[{"name":"wp","href":"https:\/\/api.w.org\/{rel}","templated":true}]}}