{"id":3097934,"date":"2023-04-05T08:27:38","date_gmt":"2023-04-05T08:27:38","guid":{"rendered":"https:\/\/expertworldtravel.com\/best-esim-south-korea\/"},"modified":"2024-12-30T11:07:28","modified_gmt":"2024-12-30T11:07:28","slug":"esim-suedkorea","status":"publish","type":"page","link":"https:\/\/expertworldtravel.com\/de\/esim-suedkorea\/","title":{"rendered":"Beste eSIM f\u00fcr S\u00fcdkorea (Einfacher Internetzugang)"},"content":{"rendered":"<p>Planen Sie eine Reise nach S\u00fcdkorea und ben\u00f6tigen eine eSim mit vielen Daten und einer schnellen Konnektivit\u00e4t? Dann suchen Sie nicht weiter! Unser umfassender Leitfaden enth\u00e4lt die besten eSim-Optionen f\u00fcr koreanische Internettarife. Von kurzen Datentarifen mit ein paar Gigabyte f\u00fcr kurze Aufenthalte bis hin zu unbegrenzten Datenpaketen f\u00fcr diejenigen, die endlos Netflix schauen m\u00f6chten, bietet unser Leitfaden eine Reihe von L\u00f6sungen, die Ihren Bed\u00fcrfnissen entsprechen. Tauchen Sie ein und entdecken Sie unsere handverlesene Auswahl der f\u00fchrenden eSim-Anbieter in S\u00fcdkorea!  <\/p>\n","protected":false},"excerpt":{"rendered":"<p>Planen Sie eine Reise nach S\u00fcdkorea und ben\u00f6tigen eine eSim mit vielen Daten und einer schnellen Konnektivit\u00e4t? Dann suchen Sie nicht weiter! Unser umfassender Leitfaden enth\u00e4lt die besten eSim-Optionen f\u00fcr koreanische Internettarife. Von kurzen Datentarifen mit ein paar Gigabyte f\u00fcr kurze Aufenthalte bis hin zu unbegrenzten Datenpaketen f\u00fcr diejenigen, die endlos Netflix schauen m\u00f6chten, bietet [&hellip;]<\/p>\n","protected":false},"author":2,"featured_media":3096700,"parent":0,"menu_order":0,"comment_status":"closed","ping_status":"closed","template":"best-esim-template.php","meta":{"_lmt_disableupdate":"no","_lmt_disable":""},"categories":[600148,600145],"acf":[],"_links":{"self":[{"href":"https:\/\/expertworldtravel.com\/de\/wp-json\/wp\/v2\/pages\/3097934"}],"collection":[{"href":"https:\/\/expertworldtravel.com\/de\/wp-json\/wp\/v2\/pages"}],"about":[{"href":"https:\/\/expertworldtravel.com\/de\/wp-json\/wp\/v2\/types\/page"}],"author":[{"embeddable":true,"href":"https:\/\/expertworldtravel.com\/de\/wp-json\/wp\/v2\/users\/2"}],"replies":[{"embeddable":true,"href":"https:\/\/expertworldtravel.com\/de\/wp-json\/wp\/v2\/comments?post=3097934"}],"version-history":[{"count":1,"href":"https:\/\/expertworldtravel.com\/de\/wp-json\/wp\/v2\/pages\/3097934\/revisions"}],"predecessor-version":[{"id":3141981,"href":"https:\/\/expertworldtravel.com\/de\/wp-json\/wp\/v2\/pages\/3097934\/revisions\/3141981"}],"wp:featuredmedia":[{"embeddable":true,"href":"https:\/\/expertworldtravel.com\/de\/wp-json\/wp\/v2\/media\/3096700"}],"wp:attachment":[{"href":"https:\/\/expertworldtravel.com\/de\/wp-json\/wp\/v2\/media?parent=3097934"}],"wp:term":[{"taxonomy":"category","embeddable":true,"href":"https:\/\/expertworldtravel.com\/de\/wp-json\/wp\/v2\/categories?post=3097934"}],"curies":[{"name":"wp","href":"https:\/\/api.w.org\/{rel}","templated":true}]}}