{"id":3097986,"date":"2023-04-17T13:31:52","date_gmt":"2023-04-17T13:31:52","guid":{"rendered":"https:\/\/expertworldtravel.com\/beste-esim-kolumbien\/"},"modified":"2024-12-31T10:16:23","modified_gmt":"2024-12-31T10:16:23","slug":"esim-kolumbien","status":"publish","type":"page","link":"https:\/\/expertworldtravel.com\/de\/esim-kolumbien\/","title":{"rendered":"Bestes eSim f\u00fcr Kolumbien (\u00dcberall verbunden bleiben)"},"content":{"rendered":"<p>M\u00f6chten Sie ein eSim f\u00fcr eine bevorstehende Reise nach Kolumbien erwerben? Dann sind Sie hier genau richtig, denn in diesem ausf\u00fchrlichen Leitfaden erfahren Sie alles, was Sie \u00fcber die besten eSim-Anbieter in Kolumbien wissen m\u00fcssen.<\/p>\n<p>Ich habe die verf\u00fcgbaren Datentarife der beliebtesten eSim-Anbieter aufgelistet, die von 500 MB bis zu unbegrenzten eSim-Daten reichen. Egal, ob Sie f\u00fcr ein paar Tage oder ein paar Monate im Land bleiben, Sie werden mindestens ein paar eingebettete Sim-Pl\u00e4ne sehen, die genau das Richtige f\u00fcr Sie sind!<\/p>\n","protected":false},"excerpt":{"rendered":"<p>M\u00f6chten Sie ein eSim f\u00fcr eine bevorstehende Reise nach Kolumbien erwerben? Dann sind Sie hier genau richtig, denn in diesem ausf\u00fchrlichen Leitfaden erfahren Sie alles, was Sie \u00fcber die besten eSim-Anbieter in Kolumbien wissen m\u00fcssen. Ich habe die verf\u00fcgbaren Datentarife der beliebtesten eSim-Anbieter aufgelistet, die von 500 MB bis zu unbegrenzten eSim-Daten reichen. Egal, ob [&hellip;]<\/p>\n","protected":false},"author":6,"featured_media":3097394,"parent":0,"menu_order":0,"comment_status":"closed","ping_status":"closed","template":"best-esim-template.php","meta":{"_lmt_disableupdate":"no","_lmt_disable":""},"categories":[600161,600145],"acf":[],"_links":{"self":[{"href":"https:\/\/expertworldtravel.com\/de\/wp-json\/wp\/v2\/pages\/3097986"}],"collection":[{"href":"https:\/\/expertworldtravel.com\/de\/wp-json\/wp\/v2\/pages"}],"about":[{"href":"https:\/\/expertworldtravel.com\/de\/wp-json\/wp\/v2\/types\/page"}],"author":[{"embeddable":true,"href":"https:\/\/expertworldtravel.com\/de\/wp-json\/wp\/v2\/users\/6"}],"replies":[{"embeddable":true,"href":"https:\/\/expertworldtravel.com\/de\/wp-json\/wp\/v2\/comments?post=3097986"}],"version-history":[{"count":1,"href":"https:\/\/expertworldtravel.com\/de\/wp-json\/wp\/v2\/pages\/3097986\/revisions"}],"predecessor-version":[{"id":3141984,"href":"https:\/\/expertworldtravel.com\/de\/wp-json\/wp\/v2\/pages\/3097986\/revisions\/3141984"}],"wp:featuredmedia":[{"embeddable":true,"href":"https:\/\/expertworldtravel.com\/de\/wp-json\/wp\/v2\/media\/3097394"}],"wp:attachment":[{"href":"https:\/\/expertworldtravel.com\/de\/wp-json\/wp\/v2\/media?parent=3097986"}],"wp:term":[{"taxonomy":"category","embeddable":true,"href":"https:\/\/expertworldtravel.com\/de\/wp-json\/wp\/v2\/categories?post=3097986"}],"curies":[{"name":"wp","href":"https:\/\/api.w.org\/{rel}","templated":true}]}}