{"id":3098018,"date":"2023-04-20T13:57:11","date_gmt":"2023-04-20T13:57:11","guid":{"rendered":"https:\/\/expertworldtravel.com\/beste-esim-bulgarien\/"},"modified":"2023-04-29T08:15:32","modified_gmt":"2023-04-29T08:15:32","slug":"esim-bulgarien","status":"publish","type":"page","link":"https:\/\/expertworldtravel.com\/de\/esim-bulgarien\/","title":{"rendered":"Bestes eSim f\u00fcr Bulgarien (Einfacher Datenzugang)"},"content":{"rendered":"<p>Wenn Sie f\u00fcr eine Weile nach Bulgarien reisen, \u00fcberlegen Sie wahrscheinlich, welche M\u00f6glichkeiten Sie f\u00fcr einen einfachen Internetzugang im Lande haben. Eine eSim ist eine der besten M\u00f6glichkeiten, um mobilen Datenzugang zu gew\u00e4hrleisten, und sie funktioniert \u00fcberall in Bulgarien.&nbsp;<\/p>\n<p>Dieser Leitfaden stellt die besten internationalen und lokalen eSim-Anbieter in Bulgarien vor. Ich habe Optionen f\u00fcr Kurz- und Langzeitaufenthalte zusammengestellt, so dass es keine Rolle spielt, ob Sie f\u00fcr ein paar Tage, Wochen oder Monate in Bulgarien bleiben &#8211; es gibt mindestens einen guten eSim-Datentarif f\u00fcr Sie!<\/p>\n","protected":false},"excerpt":{"rendered":"<p>Wenn Sie f\u00fcr eine Weile nach Bulgarien reisen, \u00fcberlegen Sie wahrscheinlich, welche M\u00f6glichkeiten Sie f\u00fcr einen einfachen Internetzugang im Lande haben. Eine eSim ist eine der besten M\u00f6glichkeiten, um mobilen Datenzugang zu gew\u00e4hrleisten, und sie funktioniert \u00fcberall in Bulgarien.&nbsp; Dieser Leitfaden stellt die besten internationalen und lokalen eSim-Anbieter in Bulgarien vor. Ich habe Optionen f\u00fcr [&hellip;]<\/p>\n","protected":false},"author":5,"featured_media":3097522,"parent":0,"menu_order":0,"comment_status":"closed","ping_status":"closed","template":"best-esim-template.php","meta":{"_lmt_disableupdate":"no","_lmt_disable":""},"categories":[600145],"acf":[],"_links":{"self":[{"href":"https:\/\/expertworldtravel.com\/de\/wp-json\/wp\/v2\/pages\/3098018"}],"collection":[{"href":"https:\/\/expertworldtravel.com\/de\/wp-json\/wp\/v2\/pages"}],"about":[{"href":"https:\/\/expertworldtravel.com\/de\/wp-json\/wp\/v2\/types\/page"}],"author":[{"embeddable":true,"href":"https:\/\/expertworldtravel.com\/de\/wp-json\/wp\/v2\/users\/5"}],"replies":[{"embeddable":true,"href":"https:\/\/expertworldtravel.com\/de\/wp-json\/wp\/v2\/comments?post=3098018"}],"version-history":[{"count":0,"href":"https:\/\/expertworldtravel.com\/de\/wp-json\/wp\/v2\/pages\/3098018\/revisions"}],"wp:featuredmedia":[{"embeddable":true,"href":"https:\/\/expertworldtravel.com\/de\/wp-json\/wp\/v2\/media\/3097522"}],"wp:attachment":[{"href":"https:\/\/expertworldtravel.com\/de\/wp-json\/wp\/v2\/media?parent=3098018"}],"wp:term":[{"taxonomy":"category","embeddable":true,"href":"https:\/\/expertworldtravel.com\/de\/wp-json\/wp\/v2\/categories?post=3098018"}],"curies":[{"name":"wp","href":"https:\/\/api.w.org\/{rel}","templated":true}]}}