{"id":3098024,"date":"2023-04-20T10:21:11","date_gmt":"2023-04-20T10:21:11","guid":{"rendered":"https:\/\/expertworldtravel.com\/beste-esim-brasilien\/"},"modified":"2024-12-24T10:25:30","modified_gmt":"2024-12-24T10:25:30","slug":"esim-brasilien","status":"publish","type":"page","link":"https:\/\/expertworldtravel.com\/de\/esim-brasilien\/","title":{"rendered":"Beste eSim f\u00fcr Brasilien (keine Roaming-Geb\u00fchren mehr)"},"content":{"rendered":"<p>Sie reisen nach Brasilien und m\u00f6chten eine eSim f\u00fcr Ihre Reise kaufen? Dann sind Sie hier genau richtig, denn in diesem ausf\u00fchrlichen Leitfaden erfahren Sie alles \u00fcber die besten eSims f\u00fcr Brasilien.<\/p>\n<p>Ich habe die beliebtesten Optionen von internationalen und lokalen Anbietern sowie einige Optionen f\u00fcr physische Reise-Simkarten vorgestellt, falls Ihr Telefon diese Technologie noch unterst\u00fctzt. Egal, ob Sie nur ein paar Tage oder ein paar Monate im Land bleiben, hier finden Sie mindestens ein paar eSim-Datentarife, die f\u00fcr Ihre Reisebed\u00fcrfnisse geeignet sind!<\/p>\n","protected":false},"excerpt":{"rendered":"<p>Sie reisen nach Brasilien und m\u00f6chten eine eSim f\u00fcr Ihre Reise kaufen? Dann sind Sie hier genau richtig, denn in diesem ausf\u00fchrlichen Leitfaden erfahren Sie alles \u00fcber die besten eSims f\u00fcr Brasilien. Ich habe die beliebtesten Optionen von internationalen und lokalen Anbietern sowie einige Optionen f\u00fcr physische Reise-Simkarten vorgestellt, falls Ihr Telefon diese Technologie noch [&hellip;]<\/p>\n","protected":false},"author":6,"featured_media":3097510,"parent":0,"menu_order":0,"comment_status":"closed","ping_status":"closed","template":"best-esim-template.php","meta":{"_lmt_disableupdate":"no","_lmt_disable":""},"categories":[600162,600145],"acf":[],"_links":{"self":[{"href":"https:\/\/expertworldtravel.com\/de\/wp-json\/wp\/v2\/pages\/3098024"}],"collection":[{"href":"https:\/\/expertworldtravel.com\/de\/wp-json\/wp\/v2\/pages"}],"about":[{"href":"https:\/\/expertworldtravel.com\/de\/wp-json\/wp\/v2\/types\/page"}],"author":[{"embeddable":true,"href":"https:\/\/expertworldtravel.com\/de\/wp-json\/wp\/v2\/users\/6"}],"replies":[{"embeddable":true,"href":"https:\/\/expertworldtravel.com\/de\/wp-json\/wp\/v2\/comments?post=3098024"}],"version-history":[{"count":1,"href":"https:\/\/expertworldtravel.com\/de\/wp-json\/wp\/v2\/pages\/3098024\/revisions"}],"predecessor-version":[{"id":3141845,"href":"https:\/\/expertworldtravel.com\/de\/wp-json\/wp\/v2\/pages\/3098024\/revisions\/3141845"}],"wp:featuredmedia":[{"embeddable":true,"href":"https:\/\/expertworldtravel.com\/de\/wp-json\/wp\/v2\/media\/3097510"}],"wp:attachment":[{"href":"https:\/\/expertworldtravel.com\/de\/wp-json\/wp\/v2\/media?parent=3098024"}],"wp:term":[{"taxonomy":"category","embeddable":true,"href":"https:\/\/expertworldtravel.com\/de\/wp-json\/wp\/v2\/categories?post=3098024"}],"curies":[{"name":"wp","href":"https:\/\/api.w.org\/{rel}","templated":true}]}}