{"id":3098028,"date":"2023-04-14T10:59:59","date_gmt":"2023-04-14T10:59:59","guid":{"rendered":"https:\/\/expertworldtravel.com\/beste-esim-argentinien\/"},"modified":"2025-01-02T16:57:33","modified_gmt":"2025-01-02T16:57:33","slug":"beste-esim-argentinien","status":"publish","type":"page","link":"https:\/\/expertworldtravel.com\/de\/beste-esim-argentinien\/","title":{"rendered":"Bestes eSim f\u00fcr Argentinien: Ihr Schl\u00fcssel zu unbegrenzten Daten"},"content":{"rendered":"<p>M\u00f6chten Sie w\u00e4hrend Ihres Argentinien-Abenteuers nahtlos verbunden sein? Lassen Sie uns Ihr Smartphone mit der Magie einer eSim aufladen! Dies ist Ihr Leitfaden f\u00fcr die besten argentinischen eSim-Optionen, mit denen Sie jederzeit online bleiben k\u00f6nnen.<\/p>\n<p>Tauchen Sie ein und entdecken Sie eine Welt der M\u00f6glichkeiten, von internationalen Anbietern mit Datenpaketen zwischen 500 MB und dem grenzenlosen Horizont. Dar\u00fcber hinaus haben wir die besten lokalen Anbieter zusammengestellt, um Ihnen einen Einblick in die oft g\u00fcnstigeren, einheimischen eSim-Angebote zu geben. Scrollen Sie weiter, um das Geheimnis des<strong> besten eSim f\u00fcr Argentinien eSim<\/strong> zu l\u00fcften<strong>!<\/strong><\/p>\n","protected":false},"excerpt":{"rendered":"<p>M\u00f6chten Sie w\u00e4hrend Ihres Argentinien-Abenteuers nahtlos verbunden sein? Lassen Sie uns Ihr Smartphone mit der Magie einer eSim aufladen! Dies ist Ihr Leitfaden f\u00fcr die besten argentinischen eSim-Optionen, mit denen Sie jederzeit online bleiben k\u00f6nnen. Tauchen Sie ein und entdecken Sie eine Welt der M\u00f6glichkeiten, von internationalen Anbietern mit Datenpaketen zwischen 500 MB und dem [&hellip;]<\/p>\n","protected":false},"author":6,"featured_media":3097292,"parent":0,"menu_order":0,"comment_status":"closed","ping_status":"closed","template":"best-esim-template.php","meta":{"_lmt_disableupdate":"no","_lmt_disable":""},"categories":[600163,600145],"acf":[],"_links":{"self":[{"href":"https:\/\/expertworldtravel.com\/de\/wp-json\/wp\/v2\/pages\/3098028"}],"collection":[{"href":"https:\/\/expertworldtravel.com\/de\/wp-json\/wp\/v2\/pages"}],"about":[{"href":"https:\/\/expertworldtravel.com\/de\/wp-json\/wp\/v2\/types\/page"}],"author":[{"embeddable":true,"href":"https:\/\/expertworldtravel.com\/de\/wp-json\/wp\/v2\/users\/6"}],"replies":[{"embeddable":true,"href":"https:\/\/expertworldtravel.com\/de\/wp-json\/wp\/v2\/comments?post=3098028"}],"version-history":[{"count":1,"href":"https:\/\/expertworldtravel.com\/de\/wp-json\/wp\/v2\/pages\/3098028\/revisions"}],"predecessor-version":[{"id":3142045,"href":"https:\/\/expertworldtravel.com\/de\/wp-json\/wp\/v2\/pages\/3098028\/revisions\/3142045"}],"wp:featuredmedia":[{"embeddable":true,"href":"https:\/\/expertworldtravel.com\/de\/wp-json\/wp\/v2\/media\/3097292"}],"wp:attachment":[{"href":"https:\/\/expertworldtravel.com\/de\/wp-json\/wp\/v2\/media?parent=3098028"}],"wp:term":[{"taxonomy":"category","embeddable":true,"href":"https:\/\/expertworldtravel.com\/de\/wp-json\/wp\/v2\/categories?post=3098028"}],"curies":[{"name":"wp","href":"https:\/\/api.w.org\/{rel}","templated":true}]}}