{"id":3098030,"date":"2023-03-31T13:26:50","date_gmt":"2023-03-31T13:26:50","guid":{"rendered":"https:\/\/expertworldtravel.com\/beste-esim-malaysia\/"},"modified":"2024-12-20T14:10:07","modified_gmt":"2024-12-20T14:10:07","slug":"esim-malaysia","status":"publish","type":"page","link":"https:\/\/expertworldtravel.com\/de\/esim-malaysia\/","title":{"rendered":"6 Beste eSIM f\u00fcr Malaysia (g\u00fcnstigere Datentarife)"},"content":{"rendered":"<p>Sie m\u00f6chten eine malaysische eSim f\u00fcr eine bevorstehende Reise kaufen? Dieser detaillierte Leitfaden zeigt Ihnen die<strong> besten eSim-Datentarife f\u00fcr Malaysia<\/strong>! Esims sind der beste Weg, um sich den Stress zu ersparen, eine lokale SIM-Karte zu besorgen oder eimerweise Daten-Roaming-Geb\u00fchren zu bezahlen! Ich habe sie in den letzten 2 Jahren \u00fcberall auf der Welt benutzt. Ob Sie Daten f\u00fcr ein paar Tage oder ein paar Monate ben\u00f6tigen &#8211; es gibt mindestens einen Malaysia eSim-Anbieter f\u00fcr Sie. Scrollen Sie nach unten, um Ihren perfekten eSim-Datentarif f\u00fcr Ihre Reisen zu finden. <\/p>\n","protected":false},"excerpt":{"rendered":"<p>Sie m\u00f6chten eine malaysische eSim f\u00fcr eine bevorstehende Reise kaufen? Dieser detaillierte Leitfaden zeigt Ihnen die besten eSim-Datentarife f\u00fcr Malaysia! Esims sind der beste Weg, um sich den Stress zu ersparen, eine lokale SIM-Karte zu besorgen oder eimerweise Daten-Roaming-Geb\u00fchren zu bezahlen! Ich habe sie in den letzten 2 Jahren \u00fcberall auf der Welt benutzt. Ob [&hellip;]<\/p>\n","protected":false},"author":6,"featured_media":3097118,"parent":0,"menu_order":0,"comment_status":"closed","ping_status":"closed","template":"best-esim-template.php","meta":{"_lmt_disableupdate":"no","_lmt_disable":""},"categories":[600148,600145],"acf":[],"_links":{"self":[{"href":"https:\/\/expertworldtravel.com\/de\/wp-json\/wp\/v2\/pages\/3098030"}],"collection":[{"href":"https:\/\/expertworldtravel.com\/de\/wp-json\/wp\/v2\/pages"}],"about":[{"href":"https:\/\/expertworldtravel.com\/de\/wp-json\/wp\/v2\/types\/page"}],"author":[{"embeddable":true,"href":"https:\/\/expertworldtravel.com\/de\/wp-json\/wp\/v2\/users\/6"}],"replies":[{"embeddable":true,"href":"https:\/\/expertworldtravel.com\/de\/wp-json\/wp\/v2\/comments?post=3098030"}],"version-history":[{"count":1,"href":"https:\/\/expertworldtravel.com\/de\/wp-json\/wp\/v2\/pages\/3098030\/revisions"}],"predecessor-version":[{"id":3141767,"href":"https:\/\/expertworldtravel.com\/de\/wp-json\/wp\/v2\/pages\/3098030\/revisions\/3141767"}],"wp:featuredmedia":[{"embeddable":true,"href":"https:\/\/expertworldtravel.com\/de\/wp-json\/wp\/v2\/media\/3097118"}],"wp:attachment":[{"href":"https:\/\/expertworldtravel.com\/de\/wp-json\/wp\/v2\/media?parent=3098030"}],"wp:term":[{"taxonomy":"category","embeddable":true,"href":"https:\/\/expertworldtravel.com\/de\/wp-json\/wp\/v2\/categories?post=3098030"}],"curies":[{"name":"wp","href":"https:\/\/api.w.org\/{rel}","templated":true}]}}