{"id":3098037,"date":"2023-04-18T21:23:59","date_gmt":"2023-04-18T21:23:59","guid":{"rendered":"https:\/\/expertworldtravel.com\/best-esim-italy\/"},"modified":"2024-12-23T14:22:13","modified_gmt":"2024-12-23T14:22:13","slug":"best-esim-italy","status":"publish","type":"page","link":"https:\/\/expertworldtravel.com\/de\/best-esim-italy\/","title":{"rendered":"Beste eSIM f\u00fcr Italien (Top-Optionen f\u00fcr Reisende)"},"content":{"rendered":"<p>Sie fragen sich, was die perfekte eSIM f\u00fcr Ihren Besuch in Italien ist? Vorbei sind die Zeiten, in denen Sie sich \u00fcber Roaming-Kosten Gedanken machen mussten. eSIMs sind eine fantastische Option, um in Italien Geld f\u00fcr Daten zu sparen. Aber welche ist die beste eSIM f\u00fcr Italien?<\/p>\n<p> Wir sind hier, um das herauszufinden.<\/p>\n<p>Wir stellen Ihnen die besten italienischen eSIM-Anbieter, deren Abdeckung, Verbindungsgeschwindigkeiten und andere Faktoren vor, damit Sie den besten eSim-Datentarif f\u00fcr Ihre Bed\u00fcrfnisse finden.<\/p>\n<h2>Beste italienische eSIM-Anbieter<\/h2>\n","protected":false},"excerpt":{"rendered":"<p>Sie fragen sich, was die perfekte eSIM f\u00fcr Ihren Besuch in Italien ist? Vorbei sind die Zeiten, in denen Sie sich \u00fcber Roaming-Kosten Gedanken machen mussten. eSIMs sind eine fantastische Option, um in Italien Geld f\u00fcr Daten zu sparen. Aber welche ist die beste eSIM f\u00fcr Italien? Wir sind hier, um das herauszufinden. Wir stellen [&hellip;]<\/p>\n","protected":false},"author":2,"featured_media":3097432,"parent":0,"menu_order":0,"comment_status":"closed","ping_status":"closed","template":"best-esim-template.php","meta":{"_lmt_disableupdate":"no","_lmt_disable":""},"categories":[600164,600145],"acf":[],"_links":{"self":[{"href":"https:\/\/expertworldtravel.com\/de\/wp-json\/wp\/v2\/pages\/3098037"}],"collection":[{"href":"https:\/\/expertworldtravel.com\/de\/wp-json\/wp\/v2\/pages"}],"about":[{"href":"https:\/\/expertworldtravel.com\/de\/wp-json\/wp\/v2\/types\/page"}],"author":[{"embeddable":true,"href":"https:\/\/expertworldtravel.com\/de\/wp-json\/wp\/v2\/users\/2"}],"replies":[{"embeddable":true,"href":"https:\/\/expertworldtravel.com\/de\/wp-json\/wp\/v2\/comments?post=3098037"}],"version-history":[{"count":1,"href":"https:\/\/expertworldtravel.com\/de\/wp-json\/wp\/v2\/pages\/3098037\/revisions"}],"predecessor-version":[{"id":3141796,"href":"https:\/\/expertworldtravel.com\/de\/wp-json\/wp\/v2\/pages\/3098037\/revisions\/3141796"}],"wp:featuredmedia":[{"embeddable":true,"href":"https:\/\/expertworldtravel.com\/de\/wp-json\/wp\/v2\/media\/3097432"}],"wp:attachment":[{"href":"https:\/\/expertworldtravel.com\/de\/wp-json\/wp\/v2\/media?parent=3098037"}],"wp:term":[{"taxonomy":"category","embeddable":true,"href":"https:\/\/expertworldtravel.com\/de\/wp-json\/wp\/v2\/categories?post=3098037"}],"curies":[{"name":"wp","href":"https:\/\/api.w.org\/{rel}","templated":true}]}}