{"id":3098320,"date":"2023-05-02T18:33:27","date_gmt":"2023-05-02T18:33:27","guid":{"rendered":"https:\/\/expertworldtravel.com\/best-esim-south-africa\/"},"modified":"2024-12-23T14:00:56","modified_gmt":"2024-12-23T14:00:56","slug":"esim-suedafrika","status":"publish","type":"page","link":"https:\/\/expertworldtravel.com\/de\/esim-suedafrika\/","title":{"rendered":"Beste eSIM f\u00fcr S\u00fcdafrika: Ein Leitfaden f\u00fcr Reisende"},"content":{"rendered":"<p>Sie fragen sich, welche eSIM Sie f\u00fcr S\u00fcdafrika kaufen sollten? ESIMs sind eine gro\u00dfartige neue M\u00f6glichkeit, auf Reisen kosteng\u00fcnstig Daten zu erhalten. Sie sparen eine Menge Roaming-Geb\u00fchren und sorgen daf\u00fcr, dass Sie immer in Verbindung bleiben, egal wo Sie in S\u00fcdafrika sind. Sehen Sie sich mit mir die besten eSIMs f\u00fcr S\u00fcdafrika an und pr\u00fcfen Sie deren Tarife, Erschwinglichkeit, Abdeckung, Geschwindigkeiten und mehr, damit Sie die beste eSIM f\u00fcr S\u00fcdafrika f\u00fcr Ihre Reisen finden k\u00f6nnen.<\/p>\n","protected":false},"excerpt":{"rendered":"<p>Sie fragen sich, welche eSIM Sie f\u00fcr S\u00fcdafrika kaufen sollten? ESIMs sind eine gro\u00dfartige neue M\u00f6glichkeit, auf Reisen kosteng\u00fcnstig Daten zu erhalten. Sie sparen eine Menge Roaming-Geb\u00fchren und sorgen daf\u00fcr, dass Sie immer in Verbindung bleiben, egal wo Sie in S\u00fcdafrika sind. Sehen Sie sich mit mir die besten eSIMs f\u00fcr S\u00fcdafrika an und pr\u00fcfen [&hellip;]<\/p>\n","protected":false},"author":2,"featured_media":3098238,"parent":0,"menu_order":0,"comment_status":"closed","ping_status":"closed","template":"best-esim-template.php","meta":{"_lmt_disableupdate":"no","_lmt_disable":""},"categories":[600145],"acf":[],"_links":{"self":[{"href":"https:\/\/expertworldtravel.com\/de\/wp-json\/wp\/v2\/pages\/3098320"}],"collection":[{"href":"https:\/\/expertworldtravel.com\/de\/wp-json\/wp\/v2\/pages"}],"about":[{"href":"https:\/\/expertworldtravel.com\/de\/wp-json\/wp\/v2\/types\/page"}],"author":[{"embeddable":true,"href":"https:\/\/expertworldtravel.com\/de\/wp-json\/wp\/v2\/users\/2"}],"replies":[{"embeddable":true,"href":"https:\/\/expertworldtravel.com\/de\/wp-json\/wp\/v2\/comments?post=3098320"}],"version-history":[{"count":1,"href":"https:\/\/expertworldtravel.com\/de\/wp-json\/wp\/v2\/pages\/3098320\/revisions"}],"predecessor-version":[{"id":3141792,"href":"https:\/\/expertworldtravel.com\/de\/wp-json\/wp\/v2\/pages\/3098320\/revisions\/3141792"}],"wp:featuredmedia":[{"embeddable":true,"href":"https:\/\/expertworldtravel.com\/de\/wp-json\/wp\/v2\/media\/3098238"}],"wp:attachment":[{"href":"https:\/\/expertworldtravel.com\/de\/wp-json\/wp\/v2\/media?parent=3098320"}],"wp:term":[{"taxonomy":"category","embeddable":true,"href":"https:\/\/expertworldtravel.com\/de\/wp-json\/wp\/v2\/categories?post=3098320"}],"curies":[{"name":"wp","href":"https:\/\/api.w.org\/{rel}","templated":true}]}}