{"id":3098326,"date":"2023-05-03T00:00:29","date_gmt":"2023-05-03T00:00:29","guid":{"rendered":"https:\/\/expertworldtravel.com\/best-esim-israel\/"},"modified":"2025-01-06T08:07:17","modified_gmt":"2025-01-06T08:07:17","slug":"esim-israel","status":"publish","type":"page","link":"https:\/\/expertworldtravel.com\/de\/esim-israel\/","title":{"rendered":"Beste eSIM f\u00fcr Israel (Erschwingliche Daten)"},"content":{"rendered":"<p>Wenn Sie einen Besuch in Israel planen, brauchen Sie eine eSIM!<\/p>\n<p>ESIMs sind bei weitem die bequemste Art, mobile Daten auf Reisen in Israel zu nutzen. Sie ersparen Ihnen Roaming-Kosten und die Suche nach einer lokalen SIM-Karte, wenn Sie ankommen.<\/p>\n<p>Den richtigen israelischen eSIM-Tarif zu finden, kann eine Herausforderung sein, deshalb habe ich alles recherchiert, um Ihnen zu helfen.<\/p>\n<p>Nachfolgend finden Sie eine \u00dcbersicht \u00fcber alle f\u00fchrenden Anbieter mit ihren Datenpl\u00e4nen sowie Vor- und Nachteilen, damit Sie die beste israelische eSIM f\u00fcr sich finden k\u00f6nnen.<\/p>\n","protected":false},"excerpt":{"rendered":"<p>Wenn Sie einen Besuch in Israel planen, brauchen Sie eine eSIM! ESIMs sind bei weitem die bequemste Art, mobile Daten auf Reisen in Israel zu nutzen. Sie ersparen Ihnen Roaming-Kosten und die Suche nach einer lokalen SIM-Karte, wenn Sie ankommen. Den richtigen israelischen eSIM-Tarif zu finden, kann eine Herausforderung sein, deshalb habe ich alles recherchiert, [&hellip;]<\/p>\n","protected":false},"author":2,"featured_media":3098245,"parent":0,"menu_order":0,"comment_status":"closed","ping_status":"closed","template":"best-esim-template.php","meta":{"_lmt_disableupdate":"no","_lmt_disable":""},"categories":[600145],"acf":[],"_links":{"self":[{"href":"https:\/\/expertworldtravel.com\/de\/wp-json\/wp\/v2\/pages\/3098326"}],"collection":[{"href":"https:\/\/expertworldtravel.com\/de\/wp-json\/wp\/v2\/pages"}],"about":[{"href":"https:\/\/expertworldtravel.com\/de\/wp-json\/wp\/v2\/types\/page"}],"author":[{"embeddable":true,"href":"https:\/\/expertworldtravel.com\/de\/wp-json\/wp\/v2\/users\/2"}],"replies":[{"embeddable":true,"href":"https:\/\/expertworldtravel.com\/de\/wp-json\/wp\/v2\/comments?post=3098326"}],"version-history":[{"count":1,"href":"https:\/\/expertworldtravel.com\/de\/wp-json\/wp\/v2\/pages\/3098326\/revisions"}],"predecessor-version":[{"id":3138296,"href":"https:\/\/expertworldtravel.com\/de\/wp-json\/wp\/v2\/pages\/3098326\/revisions\/3138296"}],"wp:featuredmedia":[{"embeddable":true,"href":"https:\/\/expertworldtravel.com\/de\/wp-json\/wp\/v2\/media\/3098245"}],"wp:attachment":[{"href":"https:\/\/expertworldtravel.com\/de\/wp-json\/wp\/v2\/media?parent=3098326"}],"wp:term":[{"taxonomy":"category","embeddable":true,"href":"https:\/\/expertworldtravel.com\/de\/wp-json\/wp\/v2\/categories?post=3098326"}],"curies":[{"name":"wp","href":"https:\/\/api.w.org\/{rel}","templated":true}]}}