{"id":3098994,"date":"2023-05-30T12:35:32","date_gmt":"2023-05-30T12:35:32","guid":{"rendered":"https:\/\/expertworldtravel.com\/beste-esim-irland\/"},"modified":"2023-06-15T16:05:25","modified_gmt":"2023-06-15T16:05:25","slug":"beste-esim-irland","status":"publish","type":"page","link":"https:\/\/expertworldtravel.com\/de\/beste-esim-irland\/","title":{"rendered":"Beste eSim f\u00fcr Irland: Ein detaillierter Leitfaden f\u00fcr Reisende"},"content":{"rendered":"<p>Sie planen eine Reise nach Irland und sind sich nicht sicher, welche M\u00f6glichkeiten Sie f\u00fcr mobiles Internet haben? Eine eSim ist eine der besten M\u00f6glichkeiten, um sicherzustellen, dass Sie jederzeit Zugang zum Internet haben. In diesem ausf\u00fchrlichen Leitfaden erfahren Sie alles, was Sie \u00fcber die besten eSims f\u00fcr Irland wissen m\u00fcssen!&nbsp;<\/p>\n<p>Ich habe sowohl reine Datenoptionen als auch eSims mit Telefonnummer angeboten, so dass definitiv f\u00fcr jeden etwas dabei ist. Einige der in diesem Leitfaden vorgestellten eSim-Tarife bieten eine regionale Abdeckung in Europa und sind ideal f\u00fcr Reisende, die neben Irland auch andere L\u00e4nder besuchen m\u00f6chten. Hier finden Sie also alles, was Sie \u00fcber die Wahl des besten eSim-Tarifs f\u00fcr Irland wissen sollten.&nbsp;<\/p>\n","protected":false},"excerpt":{"rendered":"<p>Sie planen eine Reise nach Irland und sind sich nicht sicher, welche M\u00f6glichkeiten Sie f\u00fcr mobiles Internet haben? Eine eSim ist eine der besten M\u00f6glichkeiten, um sicherzustellen, dass Sie jederzeit Zugang zum Internet haben. In diesem ausf\u00fchrlichen Leitfaden erfahren Sie alles, was Sie \u00fcber die besten eSims f\u00fcr Irland wissen m\u00fcssen!&nbsp; Ich habe sowohl reine [&hellip;]<\/p>\n","protected":false},"author":6,"featured_media":3098749,"parent":0,"menu_order":0,"comment_status":"closed","ping_status":"closed","template":"best-esim-template.php","meta":{"_lmt_disableupdate":"","_lmt_disable":""},"categories":[600167,600145],"acf":[],"_links":{"self":[{"href":"https:\/\/expertworldtravel.com\/de\/wp-json\/wp\/v2\/pages\/3098994"}],"collection":[{"href":"https:\/\/expertworldtravel.com\/de\/wp-json\/wp\/v2\/pages"}],"about":[{"href":"https:\/\/expertworldtravel.com\/de\/wp-json\/wp\/v2\/types\/page"}],"author":[{"embeddable":true,"href":"https:\/\/expertworldtravel.com\/de\/wp-json\/wp\/v2\/users\/6"}],"replies":[{"embeddable":true,"href":"https:\/\/expertworldtravel.com\/de\/wp-json\/wp\/v2\/comments?post=3098994"}],"version-history":[{"count":0,"href":"https:\/\/expertworldtravel.com\/de\/wp-json\/wp\/v2\/pages\/3098994\/revisions"}],"wp:featuredmedia":[{"embeddable":true,"href":"https:\/\/expertworldtravel.com\/de\/wp-json\/wp\/v2\/media\/3098749"}],"wp:attachment":[{"href":"https:\/\/expertworldtravel.com\/de\/wp-json\/wp\/v2\/media?parent=3098994"}],"wp:term":[{"taxonomy":"category","embeddable":true,"href":"https:\/\/expertworldtravel.com\/de\/wp-json\/wp\/v2\/categories?post=3098994"}],"curies":[{"name":"wp","href":"https:\/\/api.w.org\/{rel}","templated":true}]}}