{"id":3099023,"date":"2023-03-31T11:30:08","date_gmt":"2023-03-31T11:30:08","guid":{"rendered":"https:\/\/expertworldtravel.com\/beste-esim-singapur\/"},"modified":"2025-01-21T12:35:42","modified_gmt":"2025-01-21T12:35:42","slug":"beste-esim-singapur","status":"publish","type":"page","link":"https:\/\/expertworldtravel.com\/de\/beste-esim-singapur\/","title":{"rendered":"Beste eSIM f\u00fcr Singapur (Unterwegs vernetzt)"},"content":{"rendered":"<p>Sie reisen nach Singapur und m\u00f6chten sich eine eSIM f\u00fcr die Reise besorgen? Dann sind Sie hier genau richtig, denn in diesem ausf\u00fchrlichen Leitfaden erfahren Sie alles \u00fcber die besten eSim-Anbieter f\u00fcr Singapur!<\/p>\n<p>Egal, ob Sie nur f\u00fcr ein paar Tage in Singapur sind oder f\u00fcr l\u00e4ngere Zeit bleiben, es gibt hier mindestens einen guten eSim-Plan f\u00fcr Sie. Es gibt reine Datentarife, Tarife, die eine Telefonnummer beinhalten, und Tarife mit regionaler Abdeckung, so dass es Optionen f\u00fcr alle Arten von Reisen nach Singapur gibt!<\/p>\n","protected":false},"excerpt":{"rendered":"<p>Sie reisen nach Singapur und m\u00f6chten sich eine eSIM f\u00fcr die Reise besorgen? Dann sind Sie hier genau richtig, denn in diesem ausf\u00fchrlichen Leitfaden erfahren Sie alles \u00fcber die besten eSim-Anbieter f\u00fcr Singapur! Egal, ob Sie nur f\u00fcr ein paar Tage in Singapur sind oder f\u00fcr l\u00e4ngere Zeit bleiben, es gibt hier mindestens einen guten [&hellip;]<\/p>\n","protected":false},"author":6,"featured_media":3097114,"parent":0,"menu_order":0,"comment_status":"closed","ping_status":"closed","template":"best-esim-template.php","meta":{"_lmt_disableupdate":"","_lmt_disable":""},"categories":[600148,600145],"acf":[],"_links":{"self":[{"href":"https:\/\/expertworldtravel.com\/de\/wp-json\/wp\/v2\/pages\/3099023"}],"collection":[{"href":"https:\/\/expertworldtravel.com\/de\/wp-json\/wp\/v2\/pages"}],"about":[{"href":"https:\/\/expertworldtravel.com\/de\/wp-json\/wp\/v2\/types\/page"}],"author":[{"embeddable":true,"href":"https:\/\/expertworldtravel.com\/de\/wp-json\/wp\/v2\/users\/6"}],"replies":[{"embeddable":true,"href":"https:\/\/expertworldtravel.com\/de\/wp-json\/wp\/v2\/comments?post=3099023"}],"version-history":[{"count":1,"href":"https:\/\/expertworldtravel.com\/de\/wp-json\/wp\/v2\/pages\/3099023\/revisions"}],"predecessor-version":[{"id":3142223,"href":"https:\/\/expertworldtravel.com\/de\/wp-json\/wp\/v2\/pages\/3099023\/revisions\/3142223"}],"wp:featuredmedia":[{"embeddable":true,"href":"https:\/\/expertworldtravel.com\/de\/wp-json\/wp\/v2\/media\/3097114"}],"wp:attachment":[{"href":"https:\/\/expertworldtravel.com\/de\/wp-json\/wp\/v2\/media?parent=3099023"}],"wp:term":[{"taxonomy":"category","embeddable":true,"href":"https:\/\/expertworldtravel.com\/de\/wp-json\/wp\/v2\/categories?post=3099023"}],"curies":[{"name":"wp","href":"https:\/\/api.w.org\/{rel}","templated":true}]}}