{"id":3134861,"date":"2023-07-24T13:54:05","date_gmt":"2023-07-24T13:54:05","guid":{"rendered":"https:\/\/expertworldtravel.com\/bosnien-herzegowina-esim\/"},"modified":"2023-07-24T14:01:42","modified_gmt":"2023-07-24T14:01:42","slug":"bosnien-herzegowina-esim","status":"publish","type":"page","link":"https:\/\/expertworldtravel.com\/de\/bosnien-herzegowina-esim\/","title":{"rendered":"Bosnien und Herzegowina: Beste eSim f\u00fcr einfachen Internetzugang"},"content":{"rendered":"<p>Sie reisen nach Bosnien und Herzegowina und ben\u00f6tigen eine vorausbezahlte ESIM f\u00fcr Ihre Reise? Wir haben lange nach den besten ESIMs f\u00fcr Bosnien und Herzegowina im Internet gesucht<\/p>\n<p>Bosnien und Herzegowina ist zwar kein gro\u00dfes Land, aber Sie wollen einen guten Prepaid-Datentarif mit einer ESIM. Ob ein paar Gigabyte f\u00fcr Karten und E-Mails oder unbegrenzte ESIM-Daten f\u00fcr all die Youtube-Videos, diese ESIMS sind perfekt f\u00fcr Sie!<\/p>\n","protected":false},"excerpt":{"rendered":"<p>Sie reisen nach Bosnien und Herzegowina und ben\u00f6tigen eine vorausbezahlte ESIM f\u00fcr Ihre Reise? Wir haben lange nach den besten ESIMs f\u00fcr Bosnien und Herzegowina im Internet gesucht Bosnien und Herzegowina ist zwar kein gro\u00dfes Land, aber Sie wollen einen guten Prepaid-Datentarif mit einer ESIM. Ob ein paar Gigabyte f\u00fcr Karten und E-Mails oder unbegrenzte [&hellip;]<\/p>\n","protected":false},"author":2,"featured_media":0,"parent":0,"menu_order":0,"comment_status":"closed","ping_status":"closed","template":"best-esim-template.php","meta":{"_lmt_disableupdate":"no","_lmt_disable":""},"categories":[600148,600145],"acf":[],"_links":{"self":[{"href":"https:\/\/expertworldtravel.com\/de\/wp-json\/wp\/v2\/pages\/3134861"}],"collection":[{"href":"https:\/\/expertworldtravel.com\/de\/wp-json\/wp\/v2\/pages"}],"about":[{"href":"https:\/\/expertworldtravel.com\/de\/wp-json\/wp\/v2\/types\/page"}],"author":[{"embeddable":true,"href":"https:\/\/expertworldtravel.com\/de\/wp-json\/wp\/v2\/users\/2"}],"replies":[{"embeddable":true,"href":"https:\/\/expertworldtravel.com\/de\/wp-json\/wp\/v2\/comments?post=3134861"}],"version-history":[{"count":0,"href":"https:\/\/expertworldtravel.com\/de\/wp-json\/wp\/v2\/pages\/3134861\/revisions"}],"wp:attachment":[{"href":"https:\/\/expertworldtravel.com\/de\/wp-json\/wp\/v2\/media?parent=3134861"}],"wp:term":[{"taxonomy":"category","embeddable":true,"href":"https:\/\/expertworldtravel.com\/de\/wp-json\/wp\/v2\/categories?post=3134861"}],"curies":[{"name":"wp","href":"https:\/\/api.w.org\/{rel}","templated":true}]}}