{"id":3135790,"date":"2023-07-31T18:48:12","date_gmt":"2023-07-31T18:48:12","guid":{"rendered":"https:\/\/expertworldtravel.com\/kanarische-inseln-esim\/"},"modified":"2024-12-20T13:31:16","modified_gmt":"2024-12-20T13:31:16","slug":"kanarische-inseln-esim","status":"publish","type":"page","link":"https:\/\/expertworldtravel.com\/de\/kanarische-inseln-esim\/","title":{"rendered":"Kanarische eSIMs f\u00fcr einfaches Reisen im Jahr 2025"},"content":{"rendered":"<p>Sie ben\u00f6tigen eine eSIM f\u00fcr Ihre Reise auf die Kanarischen Inseln oder Teneriffa? Dann sind Sie bei uns genau richtig, denn in diesem ausf\u00fchrlichen Leitfaden erfahren Sie alles \u00fcber die besten eSIMs f\u00fcr die Kanarischen Inseln!<\/p>\n<p>Im Folgenden finden Sie die besten eSIMs, die ich online finden konnte. Sie funktionieren alle perfekt auf den Kanarischen Inseln und liefern Ihnen zuverl\u00e4ssige Daten, damit Sie auf Ihrer Urlaubs- oder Gesch\u00e4ftsreise in Verbindung bleiben.<\/p>\n","protected":false},"excerpt":{"rendered":"<p>Sie ben\u00f6tigen eine eSIM f\u00fcr Ihre Reise auf die Kanarischen Inseln oder Teneriffa? Dann sind Sie bei uns genau richtig, denn in diesem ausf\u00fchrlichen Leitfaden erfahren Sie alles \u00fcber die besten eSIMs f\u00fcr die Kanarischen Inseln! Im Folgenden finden Sie die besten eSIMs, die ich online finden konnte. Sie funktionieren alle perfekt auf den Kanarischen [&hellip;]<\/p>\n","protected":false},"author":1,"featured_media":0,"parent":0,"menu_order":0,"comment_status":"closed","ping_status":"closed","template":"best-template.php","meta":{"_lmt_disableupdate":"","_lmt_disable":""},"categories":[],"acf":[],"_links":{"self":[{"href":"https:\/\/expertworldtravel.com\/de\/wp-json\/wp\/v2\/pages\/3135790"}],"collection":[{"href":"https:\/\/expertworldtravel.com\/de\/wp-json\/wp\/v2\/pages"}],"about":[{"href":"https:\/\/expertworldtravel.com\/de\/wp-json\/wp\/v2\/types\/page"}],"author":[{"embeddable":true,"href":"https:\/\/expertworldtravel.com\/de\/wp-json\/wp\/v2\/users\/1"}],"replies":[{"embeddable":true,"href":"https:\/\/expertworldtravel.com\/de\/wp-json\/wp\/v2\/comments?post=3135790"}],"version-history":[{"count":1,"href":"https:\/\/expertworldtravel.com\/de\/wp-json\/wp\/v2\/pages\/3135790\/revisions"}],"predecessor-version":[{"id":3141744,"href":"https:\/\/expertworldtravel.com\/de\/wp-json\/wp\/v2\/pages\/3135790\/revisions\/3141744"}],"wp:attachment":[{"href":"https:\/\/expertworldtravel.com\/de\/wp-json\/wp\/v2\/media?parent=3135790"}],"wp:term":[{"taxonomy":"category","embeddable":true,"href":"https:\/\/expertworldtravel.com\/de\/wp-json\/wp\/v2\/categories?post=3135790"}],"curies":[{"name":"wp","href":"https:\/\/api.w.org\/{rel}","templated":true}]}}