{"id":3135966,"date":"2023-03-20T20:17:07","date_gmt":"2023-03-20T20:17:07","guid":{"rendered":"https:\/\/expertworldtravel.com\/best-esim-germany\/"},"modified":"2025-01-05T15:05:30","modified_gmt":"2025-01-05T15:05:30","slug":"esim-deutschland","status":"publish","type":"page","link":"https:\/\/expertworldtravel.com\/de\/esim-deutschland\/","title":{"rendered":"Beste eSIM f\u00fcr Deutschland (Prepaid, Online-Daten)"},"content":{"rendered":"<p>Sie suchen eine eSIM f\u00fcr Deutschland?<\/p>\n<p>Nachfolgend vergleiche ich alle f\u00fchrenden deutschen eSIM-Anbieter und ihre eSIM-Datentarife, damit Sie die beste Option f\u00fcr Daten und Konnektivit\u00e4t unterwegs finden k\u00f6nnen.<\/p>\n<p>Scrollen Sie nach unten, um die beste eSIM f\u00fcr Deutschland zu finden&#8230;<\/p>\n","protected":false},"excerpt":{"rendered":"<p>Sie suchen eine eSIM f\u00fcr Deutschland? Nachfolgend vergleiche ich alle f\u00fchrenden deutschen eSIM-Anbieter und ihre eSIM-Datentarife, damit Sie die beste Option f\u00fcr Daten und Konnektivit\u00e4t unterwegs finden k\u00f6nnen. Scrollen Sie nach unten, um die beste eSIM f\u00fcr Deutschland zu finden&#8230;<\/p>\n","protected":false},"author":2,"featured_media":3096448,"parent":0,"menu_order":0,"comment_status":"closed","ping_status":"closed","template":"best-template.php","meta":{"_lmt_disableupdate":"no","_lmt_disable":""},"categories":[600145],"acf":[],"_links":{"self":[{"href":"https:\/\/expertworldtravel.com\/de\/wp-json\/wp\/v2\/pages\/3135966"}],"collection":[{"href":"https:\/\/expertworldtravel.com\/de\/wp-json\/wp\/v2\/pages"}],"about":[{"href":"https:\/\/expertworldtravel.com\/de\/wp-json\/wp\/v2\/types\/page"}],"author":[{"embeddable":true,"href":"https:\/\/expertworldtravel.com\/de\/wp-json\/wp\/v2\/users\/2"}],"replies":[{"embeddable":true,"href":"https:\/\/expertworldtravel.com\/de\/wp-json\/wp\/v2\/comments?post=3135966"}],"version-history":[{"count":4,"href":"https:\/\/expertworldtravel.com\/de\/wp-json\/wp\/v2\/pages\/3135966\/revisions"}],"predecessor-version":[{"id":3142052,"href":"https:\/\/expertworldtravel.com\/de\/wp-json\/wp\/v2\/pages\/3135966\/revisions\/3142052"}],"wp:featuredmedia":[{"embeddable":true,"href":"https:\/\/expertworldtravel.com\/de\/wp-json\/wp\/v2\/media\/3096448"}],"wp:attachment":[{"href":"https:\/\/expertworldtravel.com\/de\/wp-json\/wp\/v2\/media?parent=3135966"}],"wp:term":[{"taxonomy":"category","embeddable":true,"href":"https:\/\/expertworldtravel.com\/de\/wp-json\/wp\/v2\/categories?post=3135966"}],"curies":[{"name":"wp","href":"https:\/\/api.w.org\/{rel}","templated":true}]}}