{"id":3135985,"date":"2023-04-04T15:08:33","date_gmt":"2023-04-04T15:08:33","guid":{"rendered":"https:\/\/expertworldtravel.com\/beste-esim-philippinen\/"},"modified":"2023-11-26T15:50:08","modified_gmt":"2023-11-26T15:50:08","slug":"beste-esim-philippinen","status":"publish","type":"page","link":"https:\/\/expertworldtravel.com\/de\/beste-esim-philippinen\/","title":{"rendered":"Beste eSIM f\u00fcr die Philippinen (erschwingliche Datentarife)"},"content":{"rendered":"<p class=\"ifp\">Sie reisen auf die Philippinen und m\u00f6chten eine eSim f\u00fcr den Internetzugang vor Ort erwerben? Dann sind Sie hier genau richtig, denn dieser ausf\u00fchrliche Leitfaden informiert Sie \u00fcber die besten eSims f\u00fcr die Philippinen!<\/p>\n<p>Egal, ob Sie nur ein paar Tage oder ein paar Monate im Land bleiben, es gibt mindestens einen guten eSim-Datentarif f\u00fcr Sie. Ich habe auch ein paar Optionen f\u00fcr physische Sim-Karten aufgef\u00fchrt, falls Sie offen f\u00fcr eine physische Sim-Karte sind, solange sie ein gutes Preis-Leistungs-Verh\u00e4ltnis bietet. Auf jeden Fall finden Sie hier alles, was Sie \u00fcber die beste eSim f\u00fcr die Philippinen wissen m\u00fcssen!<\/p>\n","protected":false},"excerpt":{"rendered":"<p>Sie reisen auf die Philippinen und m\u00f6chten eine eSim f\u00fcr den Internetzugang vor Ort erwerben? Dann sind Sie hier genau richtig, denn dieser ausf\u00fchrliche Leitfaden informiert Sie \u00fcber die besten eSims f\u00fcr die Philippinen! Egal, ob Sie nur ein paar Tage oder ein paar Monate im Land bleiben, es gibt mindestens einen guten eSim-Datentarif f\u00fcr [&hellip;]<\/p>\n","protected":false},"author":2,"featured_media":3096704,"parent":0,"menu_order":0,"comment_status":"closed","ping_status":"closed","template":"best-esim-template.php","meta":{"_lmt_disableupdate":"","_lmt_disable":""},"categories":[600197,600145],"acf":[],"_links":{"self":[{"href":"https:\/\/expertworldtravel.com\/de\/wp-json\/wp\/v2\/pages\/3135985"}],"collection":[{"href":"https:\/\/expertworldtravel.com\/de\/wp-json\/wp\/v2\/pages"}],"about":[{"href":"https:\/\/expertworldtravel.com\/de\/wp-json\/wp\/v2\/types\/page"}],"author":[{"embeddable":true,"href":"https:\/\/expertworldtravel.com\/de\/wp-json\/wp\/v2\/users\/2"}],"replies":[{"embeddable":true,"href":"https:\/\/expertworldtravel.com\/de\/wp-json\/wp\/v2\/comments?post=3135985"}],"version-history":[{"count":1,"href":"https:\/\/expertworldtravel.com\/de\/wp-json\/wp\/v2\/pages\/3135985\/revisions"}],"predecessor-version":[{"id":3141383,"href":"https:\/\/expertworldtravel.com\/de\/wp-json\/wp\/v2\/pages\/3135985\/revisions\/3141383"}],"wp:featuredmedia":[{"embeddable":true,"href":"https:\/\/expertworldtravel.com\/de\/wp-json\/wp\/v2\/media\/3096704"}],"wp:attachment":[{"href":"https:\/\/expertworldtravel.com\/de\/wp-json\/wp\/v2\/media?parent=3135985"}],"wp:term":[{"taxonomy":"category","embeddable":true,"href":"https:\/\/expertworldtravel.com\/de\/wp-json\/wp\/v2\/categories?post=3135985"}],"curies":[{"name":"wp","href":"https:\/\/api.w.org\/{rel}","templated":true}]}}